{"id":287267,"date":"2023-03-16T13:15:42","date_gmt":"2023-03-16T11:15:42","guid":{"rendered":"https:\/\/www.huntersfriend.eu\/product\/buck-gardner-dubbelgangare-3\/"},"modified":"2025-08-27T06:21:09","modified_gmt":"2025-08-27T04:21:09","slug":"buck-gardner-dubbelgangare-3","status":"publish","type":"product","link":"https:\/\/www.huntersfriend.eu\/sv\/produkt\/buck-gardner-dubbelgangare-3\/","title":{"rendered":"Buck Gardner dubbelg\u00e5ngare"},"content":{"rendered":"<p>Buck Gardner Double Cross \u00e4r en slitvarg i f\u00e4lt och en av de b\u00e4st s\u00e4ljande lockpiporna f\u00f6r \u00e4nder i v\u00e5rt sortiment. Spit-Tech\u2122-tonplatteteknik f\u00f6rhindrar att piporna fastnar, \u00e4ven n\u00e4r de \u00e4r v\u00e5ta av saliv, kondens eller ett oavsiktligt dopp i vattnet. Double Cross har en kort pipa f\u00f6r \u00f6kad kontroll och enkel anv\u00e4ndning. Denna allsidiga dubbelpipa klarar verkligen allt.   <\/p>\n<p><strong>F\u00e4rg:<\/strong> svart\/transparent<\/p>\n","protected":false},"excerpt":{"rendered":"<p>Buck Gardner Double Cross \u00e4r en slitvarg i f\u00e4lt och en av de b\u00e4st s\u00e4ljande lockpiporna f\u00f6r \u00e4nder i v\u00e5rt sortiment. Spit-Tech\u2122-tonplatteteknik f\u00f6rhindrar att piporna fastnar, \u00e4ven n\u00e4r de \u00e4r v\u00e5ta av saliv, kondens eller ett oavsiktligt dopp i vattnet. Double Cross har en kort pipa f\u00f6r \u00f6kad kontroll och enkel anv\u00e4ndning. Denna allsidiga dubbelpipa [&#8230;]\n","protected":false},"featured_media":245710,"comment_status":"open","ping_status":"closed","template":"","meta":[],"product_brand":[],"product_cat":[2804],"product_tag":[],"class_list":{"0":"post-287267","1":"product","2":"type-product","3":"status-publish","4":"has-post-thumbnail","6":"product_cat-andlockbeten","8":"first","9":"instock","10":"taxable","11":"shipping-taxable","12":"purchasable","13":"product-type-simple"},"composite_virtual":false,"composite_layout":"","composite_add_to_cart_form_location":"","composite_editable_in_cart":false,"composite_sold_individually_context":"","composite_shop_price_calc":"","composite_components":[],"composite_scenarios":[],"group_of_quantity":0,"min_quantity":0,"max_quantity":"","exclude_order_quantity_value_rules":"no","exclude_category_quantity_rules":"no","combine_variations":"no","exclude_global_add_ons":[],"addons":[],"_links":{"self":[{"href":"https:\/\/www.huntersfriend.eu\/sv\/wp-json\/wp\/v2\/product\/287267","targetHints":{"allow":["GET"]}}],"collection":[{"href":"https:\/\/www.huntersfriend.eu\/sv\/wp-json\/wp\/v2\/product"}],"about":[{"href":"https:\/\/www.huntersfriend.eu\/sv\/wp-json\/wp\/v2\/types\/product"}],"replies":[{"embeddable":true,"href":"https:\/\/www.huntersfriend.eu\/sv\/wp-json\/wp\/v2\/comments?post=287267"}],"wp:featuredmedia":[{"embeddable":true,"href":"https:\/\/www.huntersfriend.eu\/sv\/wp-json\/wp\/v2\/media\/245710"}],"wp:attachment":[{"href":"https:\/\/www.huntersfriend.eu\/sv\/wp-json\/wp\/v2\/media?parent=287267"}],"wp:term":[{"taxonomy":"product_brand","embeddable":true,"href":"https:\/\/www.huntersfriend.eu\/sv\/wp-json\/wp\/v2\/product_brand?post=287267"},{"taxonomy":"product_cat","embeddable":true,"href":"https:\/\/www.huntersfriend.eu\/sv\/wp-json\/wp\/v2\/product_cat?post=287267"},{"taxonomy":"product_tag","embeddable":true,"href":"https:\/\/www.huntersfriend.eu\/sv\/wp-json\/wp\/v2\/product_tag?post=287267"}],"curies":[{"name":"wp","href":"https:\/\/api.w.org\/{rel}","templated":true}]}}