{"id":287266,"date":"2023-03-16T13:15:28","date_gmt":"2023-03-16T11:15:28","guid":{"rendered":"https:\/\/www.huntersfriend.eu\/product\/alps-outdoorz-deception-lagprofilsgomsle\/"},"modified":"2025-08-27T06:21:04","modified_gmt":"2025-08-27T04:21:04","slug":"alps-outdoorz-deception-lagprofilsgomsle","status":"publish","type":"product","link":"https:\/\/www.huntersfriend.eu\/sv\/produkt\/alps-outdoorz-deception-lagprofilsgomsle\/","title":{"rendered":"Alps outdoorz deception l\u00e5gprofilsg\u00f6msle"},"content":{"rendered":"<p>Mossy oak obsession<\/p>\n<p>Det unikt designade Deception-g\u00f6mslet \u00e4r det enda jaktg\u00f6mslet av hub-modell i sitt slag p\u00e5 marknaden. Med en l\u00e5g profil p\u00e5 endast 46 tum \u00e4r Deception ett l\u00e4tt g\u00f6msle som passar perfekt f\u00f6r l\u00e5ga stolar och Grand Slam turkey vest \u2013 vilket ger dig en exceptionell utsiktspunkt samtidigt som du h\u00e5lls dold. Den mindre fotavtrycket och den unika 4-hub-designen m\u00f6jligg\u00f6r enkel och tyst installation. Aluminiumhubbarna \u00e4r konstruerade med konstruerade spetsar och stift och ramen anv\u00e4nder starka, flexibla glasfiberst\u00e4nger. Slitstarkt polyestertyg med svart baksida hj\u00e4lper dig att h\u00e5lla dig dold. Deception har ocks\u00e5 ett 270\u00b0 SILENT-Trac-f\u00f6nstersystem f\u00f6r gr\u00e4nsl\u00f6sa f\u00f6nsterpositioner och en extra stor d\u00f6rr\u00f6ppning f\u00f6r enkel \u00e5tkomst n\u00e4r du b\u00e4r utrustning. En \u00f6verdimensionerad nummer 10-dragkedja p\u00e5 d\u00f6rren s\u00e4kerst\u00e4ller smidig och problemfri anv\u00e4ndning. Tv\u00e5 inv\u00e4ndiga utrustningsfickor h\u00e5ller dig organiserad och redo f\u00f6r action. Deception inkluderar pinnar och band f\u00f6r att s\u00e4kra din position. En praktisk b\u00e4rv\u00e4ska med axelrem g\u00f6r det enkelt att transportera och f\u00f6rvara.         <\/p>\n<p>\u2022 L\u00e5gprofils, l\u00e4tt jaktg\u00f6msle som fungerar utm\u00e4rkt med l\u00e5ga stolar eller Grand Slam Turkey Vest<\/p>\n<p>\u2022 Det mindre fotavtrycket m\u00f6jligg\u00f6r enkel och tyst installation<\/p>\n<p>\u2022 270\u00b0 SILENT-Trac-f\u00f6nstersystem f\u00f6r gr\u00e4nsl\u00f6sa f\u00f6nsterpositioner<\/p>\n<p>\u2022 Unik design med fyra hubbar \u2013 aluminiumhubbar med konstruerade spetsar och stift<\/p>\n<p>\u2022 Starka och flexibla glasfiberst\u00e4nger<\/p>\n<p>\u2022 Extra stor d\u00f6rr\u00f6ppning f\u00f6r enkel \u00e5tkomst n\u00e4r du b\u00e4r utrustning<\/p>\n<p>\u2022 \u00d6verdimensionerad #10-dragkedja p\u00e5 d\u00f6rren<\/p>\n<p>\u2022 Tv\u00e5 inv\u00e4ndiga utrustningsfickor<\/p>\n<p>\u2022 B\u00e4rv\u00e4ska med axelrem<\/p>\n<p>\u2022 Pinnar med band ing\u00e5r<\/p>\n<table border=\"3\">\n<tbody>\n<tr align=\"CENTER\">\n<td><b>\u00d6ppna g\u00f6mslem\u00e5tt<\/b><\/td>\n<td>48&#8243; B x 44&#8243; D x 46&#8243; H<\/td>\n<\/tr>\n<tr align=\"CENTER\">\n<td><b>Ihopf\u00e4llda g\u00f6mslem\u00e5tt<\/b><\/td>\n<td>35&#8243; B x 7&#8243; D x 7&#8243; H<\/td>\n<\/tr>\n<tr align=\"CENTER\">\n<td><b>Mittenh\u00f6jd<\/b><\/td>\n<td>3&#8217;10<\/td>\n<\/tr>\n<tr align=\"CENTER\">\n<td><b>Skjutbredd<\/b><\/td>\n<td>56&#8243;<\/td>\n<\/tr>\n<tr align=\"CENTER\">\n<td><b>Vikt<\/b><\/td>\n<td>8 lbs.<\/td>\n<\/tr>\n<\/tbody>\n<\/table>\n","protected":false},"excerpt":{"rendered":"<p>Mossy oak obsession Det unikt designade Deception-g\u00f6mslet \u00e4r det enda jaktg\u00f6mslet av hub-modell i sitt slag p\u00e5 marknaden. Med en l\u00e5g profil p\u00e5 endast 46 tum \u00e4r Deception ett l\u00e4tt g\u00f6msle som passar perfekt f\u00f6r l\u00e5ga stolar och Grand Slam turkey vest \u2013 vilket ger dig en exceptionell utsiktspunkt samtidigt som du h\u00e5lls dold. Den [&#8230;]\n","protected":false},"featured_media":245994,"comment_status":"open","ping_status":"closed","template":"","meta":[],"product_brand":[],"product_cat":[2879],"product_tag":[],"class_list":{"0":"post-287266","1":"product","2":"type-product","3":"status-publish","4":"has-post-thumbnail","6":"product_cat-markgomslen-sv","7":"product_shipping_class-big-sv","9":"first","10":"instock","11":"taxable","12":"shipping-taxable","13":"purchasable","14":"product-type-simple"},"composite_virtual":false,"composite_layout":"","composite_add_to_cart_form_location":"","composite_editable_in_cart":false,"composite_sold_individually_context":"","composite_shop_price_calc":"","composite_components":[],"composite_scenarios":[],"group_of_quantity":0,"min_quantity":0,"max_quantity":"","exclude_order_quantity_value_rules":"no","exclude_category_quantity_rules":"no","combine_variations":"no","exclude_global_add_ons":[],"addons":[],"_links":{"self":[{"href":"https:\/\/www.huntersfriend.eu\/sv\/wp-json\/wp\/v2\/product\/287266","targetHints":{"allow":["GET"]}}],"collection":[{"href":"https:\/\/www.huntersfriend.eu\/sv\/wp-json\/wp\/v2\/product"}],"about":[{"href":"https:\/\/www.huntersfriend.eu\/sv\/wp-json\/wp\/v2\/types\/product"}],"replies":[{"embeddable":true,"href":"https:\/\/www.huntersfriend.eu\/sv\/wp-json\/wp\/v2\/comments?post=287266"}],"wp:featuredmedia":[{"embeddable":true,"href":"https:\/\/www.huntersfriend.eu\/sv\/wp-json\/wp\/v2\/media\/245994"}],"wp:attachment":[{"href":"https:\/\/www.huntersfriend.eu\/sv\/wp-json\/wp\/v2\/media?parent=287266"}],"wp:term":[{"taxonomy":"product_brand","embeddable":true,"href":"https:\/\/www.huntersfriend.eu\/sv\/wp-json\/wp\/v2\/product_brand?post=287266"},{"taxonomy":"product_cat","embeddable":true,"href":"https:\/\/www.huntersfriend.eu\/sv\/wp-json\/wp\/v2\/product_cat?post=287266"},{"taxonomy":"product_tag","embeddable":true,"href":"https:\/\/www.huntersfriend.eu\/sv\/wp-json\/wp\/v2\/product_tag?post=287266"}],"curies":[{"name":"wp","href":"https:\/\/api.w.org\/{rel}","templated":true}]}}