{"id":287265,"date":"2023-03-16T13:15:33","date_gmt":"2023-03-16T11:15:33","guid":{"rendered":"https:\/\/www.huntersfriend.eu\/product\/alps-outdoorz-dry-passage-20l\/"},"modified":"2025-08-27T06:21:04","modified_gmt":"2025-08-27T04:21:04","slug":"alps-outdoorz-dry-passage-20l","status":"publish","type":"product","link":"https:\/\/www.huntersfriend.eu\/sv\/produkt\/alps-outdoorz-dry-passage-20l\/","title":{"rendered":"Alps outdoorz dry passage 20L"},"content":{"rendered":"<p>F\u00e4rg \u2013 kolgr\u00e5<\/p>\n<p>ALPS Mountaineering Dry Passage-serien erbjuder n\u00f6tningsbest\u00e4ndiga, medeltunga torrs\u00e4ckar tillverkade av slitstarkt, vattent\u00e4tt TPU-belagt 420D nylonmaterial med starka, helsvetsade s\u00f6mmar. S\u00e4ckens \u00f6verl\u00e4gsna konstruktion tillsammans med en s\u00e4ker rulltoppf\u00f6rslutning st\u00e4nger ute vatten och erbjuder en stark vattenbarri\u00e4r i v\u00e5ta milj\u00f6er. En ovalformad, platt botten hj\u00e4lper s\u00e4ckarna att st\u00e5 p\u00e5 egen hand och g\u00f6r dem l\u00e4tta att fylla. En D-ringf\u00e4stpunkt ing\u00e5r f\u00f6r ytterligare fasts\u00e4ttning av utrustning, stapling eller fasts\u00e4ttning p\u00e5 din vattenskoter. De mest \u00e4ventyrliga kan inte g\u00e5 fel med Dry Passage-serien.    <\/p>\n<p>\u2022 N\u00f6tningsbest\u00e4ndigt, medeltungt 420D nylon TPU vattent\u00e4tt material ger skydd i v\u00e5ta milj\u00f6er<\/p>\n<p>\u2022 Ovalformad platt botten hj\u00e4lper s\u00e4cken att st\u00e5 p\u00e5 egen hand; l\u00e4tt att fylla<\/p>\n<p>\u2022 D-ringf\u00e4stpunkt<\/p>\n<p>\u2022 S\u00e4ker rulltoppf\u00f6rslutning st\u00e4nger ute vatten<\/p>\n<p>\u2022 Starka helsvetsade s\u00f6mmar ger en stark vattenbarri\u00e4r<\/p>\n<table border=\"3\">\n<tbody>\n<tr>\n<th colspan=\"2\">20 L<\/th>\n<\/tr>\n<tr align=\"CENTER\">\n<td><b>Kapacitet<\/b><\/td>\n<td>20 L \/ 1220 in\u00b3<\/td>\n<\/tr>\n<tr align=\"CENTER\">\n<td><b>L\u00e4ngd<\/b><\/td>\n<td>11&#8243;<\/td>\n<\/tr>\n<tr align=\"CENTER\">\n<td><b>Diameter<\/b><\/td>\n<td>7&#8243;<\/td>\n<\/tr>\n<tr align=\"CENTER\">\n<td><b>H\u00f6jd (efter 3 rullningar)<\/b><\/td>\n<td>16&#8243;<\/td>\n<\/tr>\n<tr align=\"CENTER\">\n<td><b>Vikt<\/b><\/td>\n<td>7.2 oz.<\/td>\n<\/tr>\n<\/tbody>\n<\/table>\n","protected":false},"excerpt":{"rendered":"<p>F\u00e4rg \u2013 kolgr\u00e5 ALPS Mountaineering Dry Passage-serien erbjuder n\u00f6tningsbest\u00e4ndiga, medeltunga torrs\u00e4ckar tillverkade av slitstarkt, vattent\u00e4tt TPU-belagt 420D nylonmaterial med starka, helsvetsade s\u00f6mmar. S\u00e4ckens \u00f6verl\u00e4gsna konstruktion tillsammans med en s\u00e4ker rulltoppf\u00f6rslutning st\u00e4nger ute vatten och erbjuder en stark vattenbarri\u00e4r i v\u00e5ta milj\u00f6er. En ovalformad, platt botten hj\u00e4lper s\u00e4ckarna att st\u00e5 p\u00e5 egen hand och g\u00f6r dem [&#8230;]\n","protected":false},"featured_media":245876,"comment_status":"open","ping_status":"closed","template":"","meta":[],"product_brand":[],"product_cat":[2567],"product_tag":[],"class_list":{"0":"post-287265","1":"product","2":"type-product","3":"status-publish","4":"has-post-thumbnail","6":"product_cat-campingtillbehor","8":"first","9":"instock","10":"taxable","11":"shipping-taxable","12":"purchasable","13":"product-type-simple"},"composite_virtual":false,"composite_layout":"","composite_add_to_cart_form_location":"","composite_editable_in_cart":false,"composite_sold_individually_context":"","composite_shop_price_calc":"","composite_components":[],"composite_scenarios":[],"group_of_quantity":0,"min_quantity":0,"max_quantity":"","exclude_order_quantity_value_rules":"no","exclude_category_quantity_rules":"no","combine_variations":"no","exclude_global_add_ons":[],"addons":[],"_links":{"self":[{"href":"https:\/\/www.huntersfriend.eu\/sv\/wp-json\/wp\/v2\/product\/287265","targetHints":{"allow":["GET"]}}],"collection":[{"href":"https:\/\/www.huntersfriend.eu\/sv\/wp-json\/wp\/v2\/product"}],"about":[{"href":"https:\/\/www.huntersfriend.eu\/sv\/wp-json\/wp\/v2\/types\/product"}],"replies":[{"embeddable":true,"href":"https:\/\/www.huntersfriend.eu\/sv\/wp-json\/wp\/v2\/comments?post=287265"}],"wp:featuredmedia":[{"embeddable":true,"href":"https:\/\/www.huntersfriend.eu\/sv\/wp-json\/wp\/v2\/media\/245876"}],"wp:attachment":[{"href":"https:\/\/www.huntersfriend.eu\/sv\/wp-json\/wp\/v2\/media?parent=287265"}],"wp:term":[{"taxonomy":"product_brand","embeddable":true,"href":"https:\/\/www.huntersfriend.eu\/sv\/wp-json\/wp\/v2\/product_brand?post=287265"},{"taxonomy":"product_cat","embeddable":true,"href":"https:\/\/www.huntersfriend.eu\/sv\/wp-json\/wp\/v2\/product_cat?post=287265"},{"taxonomy":"product_tag","embeddable":true,"href":"https:\/\/www.huntersfriend.eu\/sv\/wp-json\/wp\/v2\/product_tag?post=287265"}],"curies":[{"name":"wp","href":"https:\/\/api.w.org\/{rel}","templated":true}]}}