{"id":287264,"date":"2023-03-16T13:15:27","date_gmt":"2023-03-16T11:15:27","guid":{"rendered":"https:\/\/www.huntersfriend.eu\/product\/alps-outdoorz-turkey-chair-mc\/"},"modified":"2025-08-27T06:21:03","modified_gmt":"2025-08-27T04:21:03","slug":"alps-outdoorz-turkey-chair-mc","status":"publish","type":"product","link":"https:\/\/www.huntersfriend.eu\/sv\/produkt\/alps-outdoorz-turkey-chair-mc\/","title":{"rendered":"Alps outdoorz Turkey chair MC"},"content":{"rendered":"<p>Mossy oak obsession<\/p>\n<p>The Turkey Chair MC (More Comfort!) \u00e4r en bredare version av v\u00e5r Turkey Chair, vilket ger dig 10 cm extra f\u00f6r \u00f6kad komfort. Precis som Turkey Chair sitter MC-modellen ocks\u00e5 l\u00e5gt mot marken f\u00f6r att h\u00e5lla dig g\u00f6md och avslappnad medan du v\u00e4ntar p\u00e5 att n\u00e4sta kalkon ska smyga sig genom f\u00e4ltet. Den robusta pulverlackerade st\u00e5lramen \u00e4r slitstark och st\u00f6djande s\u00e5 att stolen kan f\u00f6lja med dig g\u00e5ng p\u00e5 g\u00e5ng. Den h\u00e4r modellen har ocks\u00e5 en Call Organizer-ficka p\u00e5 framsidan av stolen f\u00f6r att h\u00e5lla din viktigaste utrustning n\u00e4ra och l\u00e4ttillg\u00e4nglig. Turkey Chair MC f\u00e4lls ihop platt f\u00f6r enkel transport n\u00e4r du snabbt beh\u00f6ver flytta till en ny plats. \u00c4ven om den h\u00e4r stolen heter Turkey Chair fungerar den ocks\u00e5 utm\u00e4rkt som en stol f\u00f6r rovdjursjakt.     <\/p>\n<p>\u2022 Extra bred sits &#8211; 10 cm bredare \u00e4n Turkey Chair<\/p>\n<p>\u2022 L\u00e5g profil och bekv\u00e4m<\/p>\n<p>\u2022 Pulverlackerad st\u00e5lram<\/p>\n<p>\u2022 F\u00e4lls ihop f\u00f6r transport och f\u00f6rvaring<\/p>\n<p>\u2022 H\u00e4ngande organizer\/samtalsficka<\/p>\n<p>\u2022 Vadderad b\u00e4rrem f\u00f6r axeln<\/p>\n<table border=\"3\">\n<tbody>\n<tr align=\"CENTER\">\n<td><b>Sittbredd<\/b><\/td>\n<td>20.5&#8243;<\/td>\n<\/tr>\n<tr align=\"CENTER\">\n<td><b>Sittdjup<\/b><\/td>\n<td>12&#8243;<\/td>\n<\/tr>\n<tr align=\"CENTER\">\n<td><b>Sitth\u00f6jd fram<\/b><\/td>\n<td>9&#8243;<\/td>\n<\/tr>\n<tr align=\"CENTER\">\n<td><b>Sitth\u00f6jd bak<\/b><\/td>\n<td>6&#8243;<\/td>\n<\/tr>\n<tr align=\"CENTER\">\n<td><b>Ryggst\u00f6dsh\u00f6jd<\/b><\/td>\n<td>16.5&#8243;<\/td>\n<\/tr>\n<tr align=\"CENTER\">\n<td><b>Hopf\u00e4lld storlek<\/b><\/td>\n<td>31.5&#8243; L x 23.5&#8243; W x 2.5&#8243; H<\/td>\n<\/tr>\n<tr align=\"CENTER\">\n<td><b>Vikt<\/b><\/td>\n<td>7 lbs. 8 oz. <\/td>\n<\/tr>\n<tr align=\"CENTER\">\n<td><b>Viktkapacitet<\/b><\/td>\n<td>300 lbs.<\/td>\n<\/tr>\n<\/tbody>\n<\/table>\n","protected":false},"excerpt":{"rendered":"<p>Mossy oak obsession The Turkey Chair MC (More Comfort!) \u00e4r en bredare version av v\u00e5r Turkey Chair, vilket ger dig 10 cm extra f\u00f6r \u00f6kad komfort. Precis som Turkey Chair sitter MC-modellen ocks\u00e5 l\u00e5gt mot marken f\u00f6r att h\u00e5lla dig g\u00f6md och avslappnad medan du v\u00e4ntar p\u00e5 att n\u00e4sta kalkon ska smyga sig genom f\u00e4ltet. [&#8230;]\n","protected":false},"featured_media":246020,"comment_status":"open","ping_status":"closed","template":"","meta":[],"product_brand":[],"product_cat":[2574],"product_tag":[],"class_list":{"0":"post-287264","1":"product","2":"type-product","3":"status-publish","4":"has-post-thumbnail","6":"product_cat-stolar-och-pallar-for-gomslen","7":"product_shipping_class-medium-sv","9":"first","10":"outofstock","11":"taxable","12":"shipping-taxable","13":"purchasable","14":"product-type-simple"},"composite_virtual":false,"composite_layout":"","composite_add_to_cart_form_location":"","composite_editable_in_cart":false,"composite_sold_individually_context":"","composite_shop_price_calc":"","composite_components":[],"composite_scenarios":[],"group_of_quantity":0,"min_quantity":0,"max_quantity":"","exclude_order_quantity_value_rules":"no","exclude_category_quantity_rules":"no","combine_variations":"no","exclude_global_add_ons":[],"addons":[],"_links":{"self":[{"href":"https:\/\/www.huntersfriend.eu\/sv\/wp-json\/wp\/v2\/product\/287264","targetHints":{"allow":["GET"]}}],"collection":[{"href":"https:\/\/www.huntersfriend.eu\/sv\/wp-json\/wp\/v2\/product"}],"about":[{"href":"https:\/\/www.huntersfriend.eu\/sv\/wp-json\/wp\/v2\/types\/product"}],"replies":[{"embeddable":true,"href":"https:\/\/www.huntersfriend.eu\/sv\/wp-json\/wp\/v2\/comments?post=287264"}],"wp:featuredmedia":[{"embeddable":true,"href":"https:\/\/www.huntersfriend.eu\/sv\/wp-json\/wp\/v2\/media\/246020"}],"wp:attachment":[{"href":"https:\/\/www.huntersfriend.eu\/sv\/wp-json\/wp\/v2\/media?parent=287264"}],"wp:term":[{"taxonomy":"product_brand","embeddable":true,"href":"https:\/\/www.huntersfriend.eu\/sv\/wp-json\/wp\/v2\/product_brand?post=287264"},{"taxonomy":"product_cat","embeddable":true,"href":"https:\/\/www.huntersfriend.eu\/sv\/wp-json\/wp\/v2\/product_cat?post=287264"},{"taxonomy":"product_tag","embeddable":true,"href":"https:\/\/www.huntersfriend.eu\/sv\/wp-json\/wp\/v2\/product_tag?post=287264"}],"curies":[{"name":"wp","href":"https:\/\/api.w.org\/{rel}","templated":true}]}}