{"id":287263,"date":"2023-03-16T13:15:32","date_gmt":"2023-03-16T11:15:32","guid":{"rendered":"https:\/\/www.huntersfriend.eu\/product\/alperna-bergsklattring-justerbar-presenningsstang\/"},"modified":"2025-08-27T06:21:03","modified_gmt":"2025-08-27T04:21:03","slug":"alperna-bergsklattring-justerbar-presenningsstang","status":"publish","type":"product","link":"https:\/\/www.huntersfriend.eu\/sv\/produkt\/alperna-bergsklattring-justerbar-presenningsstang\/","title":{"rendered":"Alperna bergskl\u00e4ttring justerbar presenningsst\u00e5ng"},"content":{"rendered":"<p>F\u00e4rg &#8211; svart<\/p>\n<p>Den justerbara presenningsst\u00e5ngen best\u00e5r av 5 aluminiumsektioner som ger o\u00f6vertr\u00e4ffad m\u00e5ngsidighet. Presenningsst\u00e5ngen som anv\u00e4nds i flera konfigurationer kan anv\u00e4ndas fr\u00e5n 20&#8243; upp till 86,5&#8243;. Den justerbara presenningsst\u00e5ngen v\u00e4ger drygt 0,45 kg och kommer att vara en stor tillg\u00e5ng p\u00e5 alla campingplatser.<\/p>\n<p>\u2022 5-delad st\u00e5ng tillverkad av 19 mm och 22 mm 6000-seriens aluminium<\/p>\n<p>\u2022 Justering med flera sektioner och tryckknapp m\u00f6jligg\u00f6r 20&#8243;-86,5&#8243; h\u00f6jd<\/p>\n<p>\u2022 Dragskov\u00e4ska<\/p>\n<table border=\"3\">\n<tbody>\n<tr align=\"CENTER\">\n<td><b>H\u00f6jd<\/b><\/td>\n<td>18.75&#8243; &#8211; 86.5&#8243;<\/td>\n<\/tr>\n<tr align=\"CENTER\">\n<td><b>Vikt<\/b><\/td>\n<td>510 g <\/td>\n<\/tr>\n<tr align=\"CENTER\">\n<td><b>Packad storlek<\/b><\/td>\n<td>21&#8243; L x 3&#8243; B x 1.5&#8243; H<\/td>\n<\/tr>\n<tr align=\"CENTER\">\n<td><b>St\u00e5ngdiameter<\/b><\/td>\n<td>19 mm AL | 22 mm AL<\/td>\n<\/tr>\n<\/tbody>\n<\/table>\n","protected":false},"excerpt":{"rendered":"<p>F\u00e4rg &#8211; svart Den justerbara presenningsst\u00e5ngen best\u00e5r av 5 aluminiumsektioner som ger o\u00f6vertr\u00e4ffad m\u00e5ngsidighet. Presenningsst\u00e5ngen som anv\u00e4nds i flera konfigurationer kan anv\u00e4ndas fr\u00e5n 20&#8243; upp till 86,5&#8243;. Den justerbara presenningsst\u00e5ngen v\u00e4ger drygt 0,45 kg och kommer att vara en stor tillg\u00e5ng p\u00e5 alla campingplatser. \u2022 5-delad st\u00e5ng tillverkad av 19 mm och 22 mm 6000-seriens [&#8230;]\n","protected":false},"featured_media":245884,"comment_status":"open","ping_status":"closed","template":"","meta":[],"product_brand":[],"product_cat":[2567,2614],"product_tag":[],"class_list":{"0":"post-287263","1":"product","2":"type-product","3":"status-publish","4":"has-post-thumbnail","6":"product_cat-campingtillbehor","7":"product_cat-presenningar","9":"first","10":"instock","11":"sale","12":"taxable","13":"shipping-taxable","14":"purchasable","15":"product-type-simple"},"composite_virtual":false,"composite_layout":"","composite_add_to_cart_form_location":"","composite_editable_in_cart":false,"composite_sold_individually_context":"","composite_shop_price_calc":"","composite_components":[],"composite_scenarios":[],"group_of_quantity":0,"min_quantity":0,"max_quantity":"","exclude_order_quantity_value_rules":"no","exclude_category_quantity_rules":"no","combine_variations":"no","exclude_global_add_ons":[],"addons":[],"_links":{"self":[{"href":"https:\/\/www.huntersfriend.eu\/sv\/wp-json\/wp\/v2\/product\/287263","targetHints":{"allow":["GET"]}}],"collection":[{"href":"https:\/\/www.huntersfriend.eu\/sv\/wp-json\/wp\/v2\/product"}],"about":[{"href":"https:\/\/www.huntersfriend.eu\/sv\/wp-json\/wp\/v2\/types\/product"}],"replies":[{"embeddable":true,"href":"https:\/\/www.huntersfriend.eu\/sv\/wp-json\/wp\/v2\/comments?post=287263"}],"wp:featuredmedia":[{"embeddable":true,"href":"https:\/\/www.huntersfriend.eu\/sv\/wp-json\/wp\/v2\/media\/245884"}],"wp:attachment":[{"href":"https:\/\/www.huntersfriend.eu\/sv\/wp-json\/wp\/v2\/media?parent=287263"}],"wp:term":[{"taxonomy":"product_brand","embeddable":true,"href":"https:\/\/www.huntersfriend.eu\/sv\/wp-json\/wp\/v2\/product_brand?post=287263"},{"taxonomy":"product_cat","embeddable":true,"href":"https:\/\/www.huntersfriend.eu\/sv\/wp-json\/wp\/v2\/product_cat?post=287263"},{"taxonomy":"product_tag","embeddable":true,"href":"https:\/\/www.huntersfriend.eu\/sv\/wp-json\/wp\/v2\/product_tag?post=287263"}],"curies":[{"name":"wp","href":"https:\/\/api.w.org\/{rel}","templated":true}]}}