{"id":287262,"date":"2023-03-16T13:15:31","date_gmt":"2023-03-16T11:15:31","guid":{"rendered":"https:\/\/www.huntersfriend.eu\/product\/alps-outdoorz-lynx-2-personerstalt\/"},"modified":"2025-08-27T06:21:02","modified_gmt":"2025-08-27T04:21:02","slug":"alps-outdoorz-lynx-2-personerstalt","status":"publish","type":"product","link":"https:\/\/www.huntersfriend.eu\/sv\/produkt\/alps-outdoorz-lynx-2-personerstalt\/","title":{"rendered":"Alps outdoorz Lynx 2-personerst\u00e4lt"},"content":{"rendered":"<p>F\u00e4rg \u2013 Gr\u00e5\/Marinbl\u00e5<\/p>\n<p>Lynx \u00e4r fullpackad med funktioner och h\u00f6g kvalitet. Lynx, som har aluminiumst\u00e4nger, liknar mycket v\u00e5r Taurus, som \u00e4r ett av v\u00e5ra mest s\u00e5lda t\u00e4lt. Lynx har mer mesh \u00e4n Taurus, som upptar halva v\u00e4ggarna p\u00e5 varje sida vilket m\u00f6jligg\u00f6r \u00e4nnu mer ventilation. T\u00e4ltet \u00e4r l\u00e4tt att s\u00e4tta upp, ett rektangul\u00e4rt kupolt\u00e4lt med 2 st\u00e4nger och st\u00e5ngkl\u00e4mmor som enkelt passar \u00f6ver st\u00e4ngerna f\u00f6r snabb montering. ALPS har inte sparat p\u00e5 n\u00e5got&#8230; mellan de fabrikssvetsade s\u00f6mmarna i yttert\u00e4ltet och golvet, v\u00e4derbest\u00e4ndiga sp\u00e4nnen p\u00e5 yttert\u00e4ltet, 2 d\u00f6rrar f\u00f6r enkel in- och utg\u00e5ng, 2 absider f\u00f6r extra f\u00f6rvaring av utrustning och v\u00e4derskydd, och #8 dragkedjor, kommer du s\u00e4kert att hitta allt du kan \u00f6nska dig i ett t\u00e4lt, i den h\u00e4r modellen. Gl\u00f6m inte att l\u00e4gga till ett footprint f\u00f6r att skydda ditt t\u00e4ltgolv.     <\/p>\n<p>\u2022 Frist\u00e5ende design med tv\u00e5 st\u00e4nger och 7000-seriens aluminiumst\u00e4nger<\/p>\n<p>\u2022 Enkel montering med st\u00e5ngkl\u00e4mmor som snabbt sn\u00e4pps fast \u00f6ver t\u00e4ltst\u00e4ngerna<\/p>\n<p>\u2022 75D 185T polyester yttert\u00e4lt med 1500 mm bel\u00e4ggning motst\u00e5r UV-skador och h\u00e5ller sig sp\u00e4nt<\/p>\n<p>\u2022 V\u00e4derbest\u00e4ndiga sp\u00e4nnen p\u00e5 yttert\u00e4ltet f\u00f6r maximal justerbarhet och skydd<\/p>\n<p>\u2022 75D 185T poly taffeta golv med 2000 mm bel\u00e4ggning<\/p>\n<p>\u2022 Fabrikssvetsade s\u00f6mmar i yttert\u00e4ltet och golvet ger b\u00e4sta v\u00e4derskydd<\/p>\n<p>\u2022 Tv\u00e5 d\u00f6rrar f\u00f6r enkel in- och utg\u00e5ng<\/p>\n<p>\u2022 Halva v\u00e4ggar i mesh ger bra ventilation<\/p>\n<p>\u2022 Absider f\u00f6r f\u00f6rvaring av utrustning och extra v\u00e4derskydd<\/p>\n<p>\u2022 #8 dragkedjor<\/p>\n<p>\u2022 F\u00f6rvaringsfickor i mesh, redskapsloft, 7075 aluminiumpinnar och staglinor ing\u00e5r<\/p>\n<table border=\"3\">\n<tbody>\n<tr align=\"CENTER\">\n<th colspan=\"2\">Lynx 3-personerst\u00e4lt<\/th>\n<\/tr>\n<tr align=\"CENTER\">\n<td><b>Basstorlek<\/b><\/td>\n<td>7&#8217;6&#8243; L x 7&#8242; W<\/td>\n<\/tr>\n<tr align=\"CENTER\">\n<td><b>Mittenh\u00f6jd<\/b><\/td>\n<td>4&#8242;<\/td>\n<\/tr>\n<tr align=\"CENTER\">\n<td><b>Absiddjup<\/b><\/td>\n<td>2&#8217;8&#8243;<\/td>\n<\/tr>\n<tr align=\"CENTER\">\n<td><b>T\u00e4ltomr\u00e5de<\/b><\/td>\n<td>52 ft\u00b2<\/td>\n<\/tr>\n<tr align=\"CENTER\">\n<td><b>Absidomr\u00e5de<\/b><\/td>\n<td>20 ft\u00b2<\/td>\n<\/tr>\n<tr align=\"CENTER\">\n<td><b>Minsta vikt<\/b><\/td>\n<td>6 lbs. 8 oz. <\/td>\n<\/tr>\n<tr align=\"CENTER\">\n<td><b>Total vikt<\/b><\/td>\n<td>7 lbs. 3 oz. <\/td>\n<\/tr>\n<tr align=\"CENTER\">\n<td><b>Packad storlek<\/b><\/td>\n<td>1&#8217;9&#8243; L x 6.5&#8243; D<\/td>\n<\/tr>\n<tr align=\"CENTER\">\n<td><b>St\u00e5ngdiameter<\/b><\/td>\n<td>9.5mm AL<\/td>\n<\/tr>\n<\/tbody>\n<\/table>\n","protected":false},"excerpt":{"rendered":"<p>F\u00e4rg \u2013 Gr\u00e5\/Marinbl\u00e5 Lynx \u00e4r fullpackad med funktioner och h\u00f6g kvalitet. Lynx, som har aluminiumst\u00e4nger, liknar mycket v\u00e5r Taurus, som \u00e4r ett av v\u00e5ra mest s\u00e5lda t\u00e4lt. Lynx har mer mesh \u00e4n Taurus, som upptar halva v\u00e4ggarna p\u00e5 varje sida vilket m\u00f6jligg\u00f6r \u00e4nnu mer ventilation. T\u00e4ltet \u00e4r l\u00e4tt att s\u00e4tta upp, ett rektangul\u00e4rt kupolt\u00e4lt med [&#8230;]\n","protected":false},"featured_media":245913,"comment_status":"open","ping_status":"closed","template":"","meta":[],"product_brand":[],"product_cat":[2615],"product_tag":[],"class_list":{"0":"post-287262","1":"product","2":"type-product","3":"status-publish","4":"has-post-thumbnail","6":"product_cat-talt","7":"product_shipping_class-medium-sv","9":"first","10":"instock","11":"taxable","12":"shipping-taxable","13":"purchasable","14":"product-type-simple"},"composite_virtual":false,"composite_layout":"","composite_add_to_cart_form_location":"","composite_editable_in_cart":false,"composite_sold_individually_context":"","composite_shop_price_calc":"","composite_components":[],"composite_scenarios":[],"group_of_quantity":0,"min_quantity":0,"max_quantity":"","exclude_order_quantity_value_rules":"no","exclude_category_quantity_rules":"no","combine_variations":"no","exclude_global_add_ons":[],"addons":[],"_links":{"self":[{"href":"https:\/\/www.huntersfriend.eu\/sv\/wp-json\/wp\/v2\/product\/287262","targetHints":{"allow":["GET"]}}],"collection":[{"href":"https:\/\/www.huntersfriend.eu\/sv\/wp-json\/wp\/v2\/product"}],"about":[{"href":"https:\/\/www.huntersfriend.eu\/sv\/wp-json\/wp\/v2\/types\/product"}],"replies":[{"embeddable":true,"href":"https:\/\/www.huntersfriend.eu\/sv\/wp-json\/wp\/v2\/comments?post=287262"}],"wp:featuredmedia":[{"embeddable":true,"href":"https:\/\/www.huntersfriend.eu\/sv\/wp-json\/wp\/v2\/media\/245913"}],"wp:attachment":[{"href":"https:\/\/www.huntersfriend.eu\/sv\/wp-json\/wp\/v2\/media?parent=287262"}],"wp:term":[{"taxonomy":"product_brand","embeddable":true,"href":"https:\/\/www.huntersfriend.eu\/sv\/wp-json\/wp\/v2\/product_brand?post=287262"},{"taxonomy":"product_cat","embeddable":true,"href":"https:\/\/www.huntersfriend.eu\/sv\/wp-json\/wp\/v2\/product_cat?post=287262"},{"taxonomy":"product_tag","embeddable":true,"href":"https:\/\/www.huntersfriend.eu\/sv\/wp-json\/wp\/v2\/product_tag?post=287262"}],"curies":[{"name":"wp","href":"https:\/\/api.w.org\/{rel}","templated":true}]}}