{"id":287261,"date":"2023-03-16T13:15:26","date_gmt":"2023-03-16T11:15:26","guid":{"rendered":"https:\/\/www.huntersfriend.eu\/product\/alps-outdoorz-vanish-mc\/"},"modified":"2025-08-27T06:21:02","modified_gmt":"2025-08-27T04:21:02","slug":"alps-outdoorz-vanish-mc","status":"publish","type":"product","link":"https:\/\/www.huntersfriend.eu\/sv\/produkt\/alps-outdoorz-vanish-mc\/","title":{"rendered":"Alps outdoorz vanish MC"},"content":{"rendered":"<p>Mossy oak obsession<\/p>\n<p>Vanish MC-ramen \u00e4r den st\u00f6rre &#8221;More Comfort&#8221;-modellen, inkluderar en vadderad b\u00e4rrem \u2013 den ultimata stolen som alla kalkon- och rovdjursj\u00e4gare har letat efter \u00e4r h\u00e4r \u2013 Vanish MC! Efter \u00e5r av enorm framg\u00e5ng med ALPS OutdoorZ Turkey Chair, var den enda kvarvarande funktionen j\u00e4gare bad oss att f\u00f6rs\u00f6ka l\u00f6sa &#8221;hopf\u00e4llningsstorleken&#8221;. Konstrukt\u00f6rerna och ingenj\u00f6rerna p\u00e5 ALPS kunde utveckla denna nya Vanish MC-modell, som nu kan f\u00e4llas ihop och passa i en b\u00e4rv\u00e4ska. Inga av de ursprungliga Turkey Chair-funktionerna kompromissades, som att sitta l\u00e5gt mot marken, vara stark och h\u00e5llbar och vara extremt bekv\u00e4m. ALPS har ocks\u00e5 lagt till fyra roterande f\u00f6tter till stolbenens botten, f\u00f6r att s\u00e4kerst\u00e4lla att den alltid sitter fast och stabilt, \u00e4ven i oj\u00e4mn terr\u00e4ng. N\u00e4r du \u00e4r i skogen i timmar i str\u00e4ck \u00e4r det sk\u00f6nt att kunna luta sig tillbaka och koppla av lite. N\u00e4r du har br\u00e5ttom och inte har tid att l\u00e4gga tillbaka stolen i v\u00e4skan, var inte r\u00e4dd &#8230; det finns en vadderad b\u00e4rrem s\u00e5 att du bara kan sl\u00e4nga stolen \u00f6ver axeln och vara p\u00e5 v\u00e4g.      <\/p>\n<p>\u2022 Bred hopf\u00e4llbar stol med armst\u00f6d som sitter l\u00e5gt mot marken<\/p>\n<p>\u2022 Kompakt hopf\u00e4llbar design<\/p>\n<p>\u2022 Pulverlackerad st\u00e5lram<\/p>\n<p>\u2022 Vadderad b\u00e4rrem och axelv\u00e4ska<\/p>\n<table border=\"3\">\n<tbody>\n<tr align=\"CENTER\">\n<td><b>Sittbredd<\/b><\/td>\n<td>23&#8243;<\/td>\n<\/tr>\n<tr align=\"CENTER\">\n<td><b>Sittdjup<\/b><\/td>\n<td>17&#8243;<\/td>\n<\/tr>\n<tr align=\"CENTER\">\n<td><b>Sitth\u00f6jd fram<\/b><\/td>\n<td>10&#8243;<\/td>\n<\/tr>\n<tr align=\"CENTER\">\n<td><b>Sitth\u00f6jd bak<\/b><\/td>\n<td>6&#8243;<\/td>\n<\/tr>\n<tr align=\"CENTER\">\n<td><b>Ryggst\u00f6dsh\u00f6jd<\/b><\/td>\n<td>22.5&#8243;<\/td>\n<\/tr>\n<tr align=\"CENTER\">\n<td><b>Packad storlek<\/b><\/td>\n<td>32&#8243; L x 8&#8243; W x 7&#8243; H<\/td>\n<\/tr>\n<tr align=\"CENTER\">\n<td><b>Vikt<\/b><\/td>\n<td>8 lbs. 8 oz. <\/td>\n<\/tr>\n<tr align=\"CENTER\">\n<td><b>Viktkapacitet<\/b><\/td>\n<td>300 lbs.<\/td>\n<\/tr>\n<\/tbody>\n<\/table>\n","protected":false},"excerpt":{"rendered":"<p>Mossy oak obsession Vanish MC-ramen \u00e4r den st\u00f6rre &#8221;More Comfort&#8221;-modellen, inkluderar en vadderad b\u00e4rrem \u2013 den ultimata stolen som alla kalkon- och rovdjursj\u00e4gare har letat efter \u00e4r h\u00e4r \u2013 Vanish MC! Efter \u00e5r av enorm framg\u00e5ng med ALPS OutdoorZ Turkey Chair, var den enda kvarvarande funktionen j\u00e4gare bad oss att f\u00f6rs\u00f6ka l\u00f6sa &#8221;hopf\u00e4llningsstorleken&#8221;. Konstrukt\u00f6rerna och [&#8230;]\n","protected":false},"featured_media":246044,"comment_status":"open","ping_status":"closed","template":"","meta":[],"product_brand":[],"product_cat":[878],"product_tag":[],"class_list":{"0":"post-287261","1":"product","2":"type-product","3":"status-publish","4":"has-post-thumbnail","6":"product_cat-uncategorized-sv","7":"product_shipping_class-medium-sv","9":"first","10":"outofstock","11":"taxable","12":"shipping-taxable","13":"purchasable","14":"product-type-simple"},"composite_virtual":false,"composite_layout":"","composite_add_to_cart_form_location":"","composite_editable_in_cart":false,"composite_sold_individually_context":"","composite_shop_price_calc":"","composite_components":[],"composite_scenarios":[],"group_of_quantity":0,"min_quantity":0,"max_quantity":"","exclude_order_quantity_value_rules":"no","exclude_category_quantity_rules":"no","combine_variations":"no","exclude_global_add_ons":[],"addons":[],"_links":{"self":[{"href":"https:\/\/www.huntersfriend.eu\/sv\/wp-json\/wp\/v2\/product\/287261","targetHints":{"allow":["GET"]}}],"collection":[{"href":"https:\/\/www.huntersfriend.eu\/sv\/wp-json\/wp\/v2\/product"}],"about":[{"href":"https:\/\/www.huntersfriend.eu\/sv\/wp-json\/wp\/v2\/types\/product"}],"replies":[{"embeddable":true,"href":"https:\/\/www.huntersfriend.eu\/sv\/wp-json\/wp\/v2\/comments?post=287261"}],"wp:featuredmedia":[{"embeddable":true,"href":"https:\/\/www.huntersfriend.eu\/sv\/wp-json\/wp\/v2\/media\/246044"}],"wp:attachment":[{"href":"https:\/\/www.huntersfriend.eu\/sv\/wp-json\/wp\/v2\/media?parent=287261"}],"wp:term":[{"taxonomy":"product_brand","embeddable":true,"href":"https:\/\/www.huntersfriend.eu\/sv\/wp-json\/wp\/v2\/product_brand?post=287261"},{"taxonomy":"product_cat","embeddable":true,"href":"https:\/\/www.huntersfriend.eu\/sv\/wp-json\/wp\/v2\/product_cat?post=287261"},{"taxonomy":"product_tag","embeddable":true,"href":"https:\/\/www.huntersfriend.eu\/sv\/wp-json\/wp\/v2\/product_tag?post=287261"}],"curies":[{"name":"wp","href":"https:\/\/api.w.org\/{rel}","templated":true}]}}