{"id":287258,"date":"2023-03-16T13:15:25","date_gmt":"2023-03-16T11:15:25","guid":{"rendered":"https:\/\/www.huntersfriend.eu\/product\/alps-outdoorz-vanish\/"},"modified":"2025-08-27T06:20:59","modified_gmt":"2025-08-27T04:20:59","slug":"alps-outdoorz-vanish","status":"publish","type":"product","link":"https:\/\/www.huntersfriend.eu\/sv\/produkt\/alps-outdoorz-vanish\/","title":{"rendered":"Alps outdoorz vanish"},"content":{"rendered":"<p>Mossy oak obsession<\/p>\n<p>Vanish \u00e4r den perfekta l\u00e5gprofilerade jaktstolen. Den kompakta hopf\u00e4llbara designen och den medf\u00f6ljande b\u00e4rremmen och b\u00e4rv\u00e4skan g\u00f6r det enkelt och bekv\u00e4mt att ta med Vanish till din favoritjaktplats. \u00c4ven om Vanish \u00e4r liten \u00e4r den allt annat \u00e4n \u00f6mt\u00e5lig med en viktkapacitet p\u00e5 300 pounds, Vanish kommer snabbt att bli din favoritjaktstol. <\/p>\n<p>\u2022 F\u00e4llstol med armst\u00f6d som sitter l\u00e5gt mot marken<\/p>\n<p>\u2022 Kompakt hopf\u00e4llbar design<\/p>\n<p>\u2022 Pulverlackerad st\u00e5lram<\/p>\n<p>\u2022 Vadderad b\u00e4rrem och axelv\u00e4ska<\/p>\n<table border=\"3\">\n<tbody>\n<tr align=\"CENTER\">\n<td><b>Sittbredd<\/b><\/td>\n<td>21&#8243;<\/td>\n<\/tr>\n<tr align=\"CENTER\">\n<td><b>Sittdjup<\/b><\/td>\n<td>15&#8243;<\/td>\n<\/tr>\n<tr align=\"CENTER\">\n<td><b>Sitth\u00f6jd fram<\/b><\/td>\n<td>8&#8243;<\/td>\n<\/tr>\n<tr align=\"CENTER\">\n<td><b>Sitth\u00f6jd bak<\/b><\/td>\n<td>5&#8243;<\/td>\n<\/tr>\n<tr align=\"CENTER\">\n<td><b>Ryggst\u00f6dsh\u00f6jd<\/b><\/td>\n<td>21&#8243;<\/td>\n<\/tr>\n<tr align=\"CENTER\">\n<td><b>Packad storlek<\/b><\/td>\n<td>27&#8243; L x 7&#8243; W x 7.5&#8243; H<\/td>\n<\/tr>\n<tr align=\"CENTER\">\n<td><b>Vikt<\/b><\/td>\n<td>7 lbs.<\/td>\n<\/tr>\n<tr align=\"CENTER\">\n<td><b>Viktkapacitet<\/b><\/td>\n<td>300 lbs.<\/td>\n<\/tr>\n<\/tbody>\n<\/table>\n<p>&nbsp;<\/p>\n","protected":false},"excerpt":{"rendered":"<p>Mossy oak obsession Vanish \u00e4r den perfekta l\u00e5gprofilerade jaktstolen. Den kompakta hopf\u00e4llbara designen och den medf\u00f6ljande b\u00e4rremmen och b\u00e4rv\u00e4skan g\u00f6r det enkelt och bekv\u00e4mt att ta med Vanish till din favoritjaktplats. \u00c4ven om Vanish \u00e4r liten \u00e4r den allt annat \u00e4n \u00f6mt\u00e5lig med en viktkapacitet p\u00e5 300 pounds, Vanish kommer snabbt att bli din favoritjaktstol. [&#8230;]\n","protected":false},"featured_media":246030,"comment_status":"open","ping_status":"closed","template":"","meta":[],"product_brand":[],"product_cat":[878],"product_tag":[],"class_list":{"0":"post-287258","1":"product","2":"type-product","3":"status-publish","4":"has-post-thumbnail","6":"product_cat-uncategorized-sv","7":"product_shipping_class-medium-sv","9":"first","10":"outofstock","11":"taxable","12":"shipping-taxable","13":"purchasable","14":"product-type-simple"},"composite_virtual":false,"composite_layout":"","composite_add_to_cart_form_location":"","composite_editable_in_cart":false,"composite_sold_individually_context":"","composite_shop_price_calc":"","composite_components":[],"composite_scenarios":[],"group_of_quantity":0,"min_quantity":0,"max_quantity":"","exclude_order_quantity_value_rules":"no","exclude_category_quantity_rules":"no","combine_variations":"no","exclude_global_add_ons":[],"addons":[],"_links":{"self":[{"href":"https:\/\/www.huntersfriend.eu\/sv\/wp-json\/wp\/v2\/product\/287258","targetHints":{"allow":["GET"]}}],"collection":[{"href":"https:\/\/www.huntersfriend.eu\/sv\/wp-json\/wp\/v2\/product"}],"about":[{"href":"https:\/\/www.huntersfriend.eu\/sv\/wp-json\/wp\/v2\/types\/product"}],"replies":[{"embeddable":true,"href":"https:\/\/www.huntersfriend.eu\/sv\/wp-json\/wp\/v2\/comments?post=287258"}],"wp:featuredmedia":[{"embeddable":true,"href":"https:\/\/www.huntersfriend.eu\/sv\/wp-json\/wp\/v2\/media\/246030"}],"wp:attachment":[{"href":"https:\/\/www.huntersfriend.eu\/sv\/wp-json\/wp\/v2\/media?parent=287258"}],"wp:term":[{"taxonomy":"product_brand","embeddable":true,"href":"https:\/\/www.huntersfriend.eu\/sv\/wp-json\/wp\/v2\/product_brand?post=287258"},{"taxonomy":"product_cat","embeddable":true,"href":"https:\/\/www.huntersfriend.eu\/sv\/wp-json\/wp\/v2\/product_cat?post=287258"},{"taxonomy":"product_tag","embeddable":true,"href":"https:\/\/www.huntersfriend.eu\/sv\/wp-json\/wp\/v2\/product_tag?post=287258"}],"curies":[{"name":"wp","href":"https:\/\/api.w.org\/{rel}","templated":true}]}}