{"id":287257,"date":"2023-03-16T13:15:30","date_gmt":"2023-03-16T11:15:30","guid":{"rendered":"https:\/\/www.huntersfriend.eu\/product\/alps-outdoorz-lynx-1-personerstalt\/"},"modified":"2025-08-27T06:20:59","modified_gmt":"2025-08-27T04:20:59","slug":"alps-outdoorz-lynx-1-personerstalt","status":"publish","type":"product","link":"https:\/\/www.huntersfriend.eu\/sv\/produkt\/alps-outdoorz-lynx-1-personerstalt\/","title":{"rendered":"Alps outdoorz Lynx 1-personerst\u00e4lt"},"content":{"rendered":"<p>F\u00e4rg \u2013 Gr\u00e5\/Marinbl\u00e5<\/p>\n<p>&nbsp;<\/p>\n<p>Lynx 1 \u00e4r fullpackad med funktioner och \u00e4r perfekt f\u00f6r din solo-resa. Med den frist\u00e5ende designen och st\u00e5ngkl\u00e4mmorna som snabbt f\u00e4sts p\u00e5 aluminiumst\u00e4ngerna \u00e4r den enkel att s\u00e4tta upp. Det finns #8-blixtl\u00e5s p\u00e5 d\u00f6rren och vestibulen. Det som \u00e4r extra bra med Lynx \u00e4r att v\u00e4ggarna mestadels \u00e4r gjorda av mesh, vilket hj\u00e4lper till att \u00f6ka ventilationen. F\u00f6r att vara s\u00e4ker p\u00e5 att inga h\u00f6rn \u00e4r avskurna har ALPS fabriksf\u00f6rseglat flug- och golvs\u00f6mmarna och belagt golvet med 2000 mm f\u00f6r att h\u00e5lla dig torr om du hamnar i en regnskur. Gl\u00f6m inte att l\u00e4gga till ett footprint f\u00f6r att skydda ditt t\u00e4ltgolv.     <\/p>\n<p>\u2022 Frist\u00e5ende design med tv\u00e5 st\u00e4nger och 7000-seriens aluminiumst\u00e4nger<\/p>\n<p>\u2022 Enkel montering med st\u00e5ngkl\u00e4mmor som snabbt sn\u00e4pps fast \u00f6ver t\u00e4ltst\u00e4ngerna<\/p>\n<p>\u2022 75D 185T polyesterduk med 1500 mm bel\u00e4ggning motst\u00e5r UV-skador och h\u00e5ller sig sp\u00e4nd<\/p>\n<p>\u2022 V\u00e4derbest\u00e4ndiga flugsp\u00e4nnen f\u00f6r maximal justerbarhet och skydd<\/p>\n<p>\u2022 75D 185T polytaffetagolv med 2000 mm bel\u00e4ggning<\/p>\n<p>\u2022 Fabriksf\u00f6rseglade flug- och golvs\u00f6mmar ger b\u00e4sta v\u00e4derskydd<\/p>\n<p>\u2022 Halva meshv\u00e4ggar ger bra ventilation<\/p>\n<p>\u2022 Vestibuler f\u00f6r f\u00f6rvaring av utrustning och extra v\u00e4derskydd<\/p>\n<p>\u2022 #8 blixtl\u00e5s<\/p>\n<p>\u2022 Meshf\u00f6rvaringsfickor, redskapsloft, 7075 aluminiumpinnar och staglinor ing\u00e5r<\/p>\n<table border=\"3\">\n<tbody>\n<tr align=\"CENTER\">\n<th colspan=\"2\">Lynx 1-t\u00e4lt<\/th>\n<\/tr>\n<tr align=\"CENTER\">\n<td><b>Basstorlek<\/b><\/td>\n<td>7&#8217;6&#8243; L x 2&#8217;8&#8243; W<\/td>\n<\/tr>\n<tr align=\"CENTER\">\n<td><b>Mittenh\u00f6jd<\/b><\/td>\n<td>3&#8242;<\/td>\n<\/tr>\n<tr align=\"CENTER\">\n<td><b>Vestibul djup<\/b><\/td>\n<td>2&#8217;8&#8243;<\/td>\n<\/tr>\n<tr align=\"CENTER\">\n<td><b>T\u00e4ltomr\u00e5de<\/b><\/td>\n<td>20 ft\u00b2<\/td>\n<\/tr>\n<tr align=\"CENTER\">\n<td><b>Vestibulomr\u00e5de<\/b><\/td>\n<td>10 ft\u00b2<\/td>\n<\/tr>\n<tr align=\"CENTER\">\n<td><b>Minsta vikt<\/b><\/td>\n<td>3 lbs. 5 oz. <\/td>\n<\/tr>\n<tr align=\"CENTER\">\n<td><b>Total vikt<\/b><\/td>\n<td>4 lbs. 1 oz. <\/td>\n<\/tr>\n<tr align=\"CENTER\">\n<td><b>Packad storlek<\/b><\/td>\n<td>1&#8217;5&#8243; L x 5&#8243; D<\/td>\n<\/tr>\n<tr align=\"CENTER\">\n<td><b>St\u00e5ngdiameter<\/b><\/td>\n<td>8.5mm AL<\/td>\n<\/tr>\n<\/tbody>\n<\/table>\n","protected":false},"excerpt":{"rendered":"<p>F\u00e4rg \u2013 Gr\u00e5\/Marinbl\u00e5 &nbsp; Lynx 1 \u00e4r fullpackad med funktioner och \u00e4r perfekt f\u00f6r din solo-resa. Med den frist\u00e5ende designen och st\u00e5ngkl\u00e4mmorna som snabbt f\u00e4sts p\u00e5 aluminiumst\u00e4ngerna \u00e4r den enkel att s\u00e4tta upp. Det finns #8-blixtl\u00e5s p\u00e5 d\u00f6rren och vestibulen. Det som \u00e4r extra bra med Lynx \u00e4r att v\u00e4ggarna mestadels \u00e4r gjorda av mesh, [&#8230;]\n","protected":false},"featured_media":245891,"comment_status":"open","ping_status":"closed","template":"","meta":[],"product_brand":[],"product_cat":[2615],"product_tag":[],"class_list":{"0":"post-287257","1":"product","2":"type-product","3":"status-publish","4":"has-post-thumbnail","6":"product_cat-talt","8":"first","9":"instock","10":"taxable","11":"shipping-taxable","12":"purchasable","13":"product-type-simple"},"composite_virtual":false,"composite_layout":"","composite_add_to_cart_form_location":"","composite_editable_in_cart":false,"composite_sold_individually_context":"","composite_shop_price_calc":"","composite_components":[],"composite_scenarios":[],"group_of_quantity":0,"min_quantity":0,"max_quantity":"","exclude_order_quantity_value_rules":"no","exclude_category_quantity_rules":"no","combine_variations":"no","exclude_global_add_ons":[],"addons":[],"_links":{"self":[{"href":"https:\/\/www.huntersfriend.eu\/sv\/wp-json\/wp\/v2\/product\/287257","targetHints":{"allow":["GET"]}}],"collection":[{"href":"https:\/\/www.huntersfriend.eu\/sv\/wp-json\/wp\/v2\/product"}],"about":[{"href":"https:\/\/www.huntersfriend.eu\/sv\/wp-json\/wp\/v2\/types\/product"}],"replies":[{"embeddable":true,"href":"https:\/\/www.huntersfriend.eu\/sv\/wp-json\/wp\/v2\/comments?post=287257"}],"wp:featuredmedia":[{"embeddable":true,"href":"https:\/\/www.huntersfriend.eu\/sv\/wp-json\/wp\/v2\/media\/245891"}],"wp:attachment":[{"href":"https:\/\/www.huntersfriend.eu\/sv\/wp-json\/wp\/v2\/media?parent=287257"}],"wp:term":[{"taxonomy":"product_brand","embeddable":true,"href":"https:\/\/www.huntersfriend.eu\/sv\/wp-json\/wp\/v2\/product_brand?post=287257"},{"taxonomy":"product_cat","embeddable":true,"href":"https:\/\/www.huntersfriend.eu\/sv\/wp-json\/wp\/v2\/product_cat?post=287257"},{"taxonomy":"product_tag","embeddable":true,"href":"https:\/\/www.huntersfriend.eu\/sv\/wp-json\/wp\/v2\/product_tag?post=287257"}],"curies":[{"name":"wp","href":"https:\/\/api.w.org\/{rel}","templated":true}]}}