{"id":287246,"date":"2023-03-16T13:15:23","date_gmt":"2023-03-16T11:15:23","guid":{"rendered":"https:\/\/www.huntersfriend.eu\/product\/alps-outdoorz-ambush-sling-pack\/"},"modified":"2025-08-26T14:50:07","modified_gmt":"2025-08-26T12:50:07","slug":"alps-outdoorz-ambush-sling-pack","status":"publish","type":"product","link":"https:\/\/www.huntersfriend.eu\/sv\/produkt\/alps-outdoorz-ambush-sling-pack\/","title":{"rendered":"Alps outdoorz ambush sling pack"},"content":{"rendered":"<p>Mossy oak obsession<\/p>\n<p>Ambush Sling Pack \u00e4r en l\u00e4ttviktsv\u00e4ska, perfekt f\u00f6r snabba f\u00f6rflyttningar, med en axelrem som passar b\u00e5de h\u00f6ger och v\u00e4nster axel. Den har ett MOLLE-system p\u00e5 b\u00e5da sidor, vilket g\u00f6r att ThermaCELL\u00ae-fickan kan f\u00e4stas p\u00e5 valfri sida av remmen. Den v\u00e4ger endast ett halvt kilo och har flera fickor, vilket g\u00f6r att denna v\u00e4ska rymmer allt du beh\u00f6ver f\u00f6r en dags kalkonjakt.  <\/p>\n<p>\u2022 L\u00e4ttviktsdesign, perfekt f\u00f6r snabba f\u00f6rflyttningar<\/p>\n<p>\u2022 Axelrem som passar b\u00e5de h\u00f6ger och v\u00e4nster axel, med flera positioner<\/p>\n<p>\u2022 Justerbar ThermaCELL\u00ae-ficka f\u00f6r tillbeh\u00f6r<\/p>\n<p>\u2022 MOLLE-system p\u00e5 b\u00e5da sidor f\u00f6r f\u00e4stpunkter<\/p>\n<p>\u2022 Inv\u00e4ndiga n\u00e4tfickor<\/p>\n<p>\u2022 Ficka f\u00f6r tv\u00e5 lockpipor och tre strikers<\/p>\n<p>\u2022 Avtagbar, skyddande ficka f\u00f6r membranlockpipa<\/p>\n<p>\u2022 Tyst ficka f\u00f6r box call<\/p>\n<p>\u2022 Hyls\u00f6glor p\u00e5 axelremmen<\/p>\n<p>\u2022 Utv\u00e4ndig n\u00e4tficka med dragkedja<\/p>\n<p>\u2022 <a href=\"https:\/\/www.americanoutdoor.guide\/news\/easy-carry\/\">American outdoor guide boundless review<\/a><\/p>\n<table border=\"3\">\n<tbody>\n<tr align=\"CENTER\">\n<td><b>M\u00e5tt<\/b><\/td>\n<td>30,5 cm H x 26,7 cm B x 6,4 cm D<\/td>\n<\/tr>\n<tr align=\"CENTER\">\n<td><b>Vikt<\/b><\/td>\n<td>0,45 kg<\/td>\n<\/tr>\n<\/tbody>\n<\/table>\n","protected":false},"excerpt":{"rendered":"<p>Mossy oak obsession Ambush Sling Pack \u00e4r en l\u00e4ttviktsv\u00e4ska, perfekt f\u00f6r snabba f\u00f6rflyttningar, med en axelrem som passar b\u00e5de h\u00f6ger och v\u00e4nster axel. Den har ett MOLLE-system p\u00e5 b\u00e5da sidor, vilket g\u00f6r att ThermaCELL\u00ae-fickan kan f\u00e4stas p\u00e5 valfri sida av remmen. Den v\u00e4ger endast ett halvt kilo och har flera fickor, vilket g\u00f6r att denna [&#8230;]\n","protected":false},"featured_media":246092,"comment_status":"open","ping_status":"closed","template":"","meta":[],"product_brand":[],"product_cat":[2566,2612],"product_tag":[],"class_list":{"0":"post-287246","1":"product","2":"type-product","3":"status-publish","4":"has-post-thumbnail","6":"product_cat-jaktvaskor","7":"product_cat-jaktvaskor-och-ryggsackar","9":"first","10":"outofstock","11":"taxable","12":"shipping-taxable","13":"purchasable","14":"product-type-simple"},"composite_virtual":false,"composite_layout":"","composite_add_to_cart_form_location":"","composite_editable_in_cart":false,"composite_sold_individually_context":"","composite_shop_price_calc":"","composite_components":[],"composite_scenarios":[],"group_of_quantity":0,"min_quantity":0,"max_quantity":"","exclude_order_quantity_value_rules":"no","exclude_category_quantity_rules":"no","combine_variations":"no","exclude_global_add_ons":[],"addons":[],"_links":{"self":[{"href":"https:\/\/www.huntersfriend.eu\/sv\/wp-json\/wp\/v2\/product\/287246","targetHints":{"allow":["GET"]}}],"collection":[{"href":"https:\/\/www.huntersfriend.eu\/sv\/wp-json\/wp\/v2\/product"}],"about":[{"href":"https:\/\/www.huntersfriend.eu\/sv\/wp-json\/wp\/v2\/types\/product"}],"replies":[{"embeddable":true,"href":"https:\/\/www.huntersfriend.eu\/sv\/wp-json\/wp\/v2\/comments?post=287246"}],"wp:featuredmedia":[{"embeddable":true,"href":"https:\/\/www.huntersfriend.eu\/sv\/wp-json\/wp\/v2\/media\/246092"}],"wp:attachment":[{"href":"https:\/\/www.huntersfriend.eu\/sv\/wp-json\/wp\/v2\/media?parent=287246"}],"wp:term":[{"taxonomy":"product_brand","embeddable":true,"href":"https:\/\/www.huntersfriend.eu\/sv\/wp-json\/wp\/v2\/product_brand?post=287246"},{"taxonomy":"product_cat","embeddable":true,"href":"https:\/\/www.huntersfriend.eu\/sv\/wp-json\/wp\/v2\/product_cat?post=287246"},{"taxonomy":"product_tag","embeddable":true,"href":"https:\/\/www.huntersfriend.eu\/sv\/wp-json\/wp\/v2\/product_tag?post=287246"}],"curies":[{"name":"wp","href":"https:\/\/api.w.org\/{rel}","templated":true}]}}