{"id":287245,"date":"2023-03-16T13:15:22","date_gmt":"2023-03-16T11:15:22","guid":{"rendered":"https:\/\/www.huntersfriend.eu\/product\/alps-outdoorz-long-spur\/"},"modified":"2025-08-26T14:50:04","modified_gmt":"2025-08-26T12:50:04","slug":"alps-outdoorz-long-spur","status":"publish","type":"product","link":"https:\/\/www.huntersfriend.eu\/sv\/produkt\/alps-outdoorz-long-spur\/","title":{"rendered":"Alps outdoorz Long spur"},"content":{"rendered":"<p>Mossy oak obsession<\/p>\n<p>The Long Spur \u00e4r ett m\u00e5ngsidigt l\u00e4ndryggspaket som \u00e4r speciellt utformat med tanke p\u00e5 de m\u00e5nga olika jaktstilarna och scenarierna f\u00f6r kalkon eller duva. Long Spur har ett bak\u00e5tv\u00e4nt l\u00e4ndryggspaket som erbjuder 500 kubiktum f\u00f6rvaring, en helt avtagbar axelrem med en stor viltficka och ett avtagbart vadderat midjeb\u00e4lte med tv\u00e5 fickor med dragkedja. Det finns tv\u00e5 avtagbara br\u00f6stfickor som inkluderar en box call-ficka, tv\u00e5 slate call-fickor, fem patronh\u00e5llare, tv\u00e5 mesh-munstycksfickor och locator call-fickor. F\u00f6r extra bekv\u00e4mlighet ing\u00e5r \u00e4ven en avtagbar skyddande membran call-ficka. Long Spur \u00e4r extremt justerbar och kan enkelt anpassas f\u00f6r att passa alla situationer som kan uppst\u00e5 ute i f\u00e4lt.    <\/p>\n<p>\u2022 m\u00e5ngsidigt system f\u00f6r jaktv\u00e4st f\u00f6r kalkon eller duva<\/p>\n<p>\u2022 Avtagbar axelrem med stor viltficka<\/p>\n<p>\u2022 Avtagbart vadderat midjeb\u00e4lte med fickor med dragkedja<\/p>\n<p>\u2022 Avtagbar skyddande membran call-ficka<\/p>\n<p>\u2022 Fullt justerbar med flera alternativ f\u00f6r v\u00e4vband<\/p>\n<p>\u2022 L\u00e4tt avtagbart l\u00e4ndryggspaket f\u00f6r run n&#8217; gun-jakt<\/p>\n<p>\u2022 Tv\u00e5 avtagbara br\u00f6stfickor inkluderar:<\/p>\n<ul>\n<li>Skyddande och tyst box call-ficka<\/li>\n<li>Tv\u00e5 slate call-fickor<\/li>\n<li>Fem patronh\u00e5llare<\/li>\n<li>Tv\u00e5 mesh-munstycksfickor<\/li>\n<li>Locator call-fickor<\/li>\n<\/ul>\n<table border=\"3\">\n<tbody>\n<tr align=\"CENTER\">\n<td><b>L\u00e4ndryggspaket &#8211; Kapacitet<\/b><\/td>\n<td>8L \/ 500 in\u00b3<\/td>\n<\/tr>\n<tr align=\"CENTER\">\n<td><b>L\u00e4ndryggspaket &#8211; M\u00e5tt<\/b><\/td>\n<td>8.25&#8243; H x 12&#8243; W x 3.75&#8243; D<\/td>\n<\/tr>\n<tr align=\"CENTER\">\n<td><b>Midjeb\u00e4ltesomf\u00e5ng<\/b><\/td>\n<td>33&#8243; &#8211; 61&#8243;<\/td>\n<\/tr>\n<tr align=\"CENTER\">\n<td><b>Vikt<\/b><\/td>\n<td>3 lbs.<\/td>\n<\/tr>\n<\/tbody>\n<\/table>\n","protected":false},"excerpt":{"rendered":"<p>Mossy oak obsession The Long Spur \u00e4r ett m\u00e5ngsidigt l\u00e4ndryggspaket som \u00e4r speciellt utformat med tanke p\u00e5 de m\u00e5nga olika jaktstilarna och scenarierna f\u00f6r kalkon eller duva. Long Spur har ett bak\u00e5tv\u00e4nt l\u00e4ndryggspaket som erbjuder 500 kubiktum f\u00f6rvaring, en helt avtagbar axelrem med en stor viltficka och ett avtagbart vadderat midjeb\u00e4lte med tv\u00e5 fickor med [&#8230;]\n","protected":false},"featured_media":246082,"comment_status":"open","ping_status":"closed","template":"","meta":[],"product_brand":[],"product_cat":[878],"product_tag":[],"class_list":{"0":"post-287245","1":"product","2":"type-product","3":"status-publish","4":"has-post-thumbnail","6":"product_cat-uncategorized-sv","8":"first","9":"outofstock","10":"taxable","11":"shipping-taxable","12":"purchasable","13":"product-type-simple"},"composite_virtual":false,"composite_layout":"","composite_add_to_cart_form_location":"","composite_editable_in_cart":false,"composite_sold_individually_context":"","composite_shop_price_calc":"","composite_components":[],"composite_scenarios":[],"group_of_quantity":0,"min_quantity":0,"max_quantity":"","exclude_order_quantity_value_rules":"no","exclude_category_quantity_rules":"no","combine_variations":"no","exclude_global_add_ons":[],"addons":[],"_links":{"self":[{"href":"https:\/\/www.huntersfriend.eu\/sv\/wp-json\/wp\/v2\/product\/287245","targetHints":{"allow":["GET"]}}],"collection":[{"href":"https:\/\/www.huntersfriend.eu\/sv\/wp-json\/wp\/v2\/product"}],"about":[{"href":"https:\/\/www.huntersfriend.eu\/sv\/wp-json\/wp\/v2\/types\/product"}],"replies":[{"embeddable":true,"href":"https:\/\/www.huntersfriend.eu\/sv\/wp-json\/wp\/v2\/comments?post=287245"}],"wp:featuredmedia":[{"embeddable":true,"href":"https:\/\/www.huntersfriend.eu\/sv\/wp-json\/wp\/v2\/media\/246082"}],"wp:attachment":[{"href":"https:\/\/www.huntersfriend.eu\/sv\/wp-json\/wp\/v2\/media?parent=287245"}],"wp:term":[{"taxonomy":"product_brand","embeddable":true,"href":"https:\/\/www.huntersfriend.eu\/sv\/wp-json\/wp\/v2\/product_brand?post=287245"},{"taxonomy":"product_cat","embeddable":true,"href":"https:\/\/www.huntersfriend.eu\/sv\/wp-json\/wp\/v2\/product_cat?post=287245"},{"taxonomy":"product_tag","embeddable":true,"href":"https:\/\/www.huntersfriend.eu\/sv\/wp-json\/wp\/v2\/product_tag?post=287245"}],"curies":[{"name":"wp","href":"https:\/\/api.w.org\/{rel}","templated":true}]}}