{"id":287244,"date":"2023-03-16T13:15:21","date_gmt":"2023-03-16T11:15:21","guid":{"rendered":"https:\/\/www.huntersfriend.eu\/product\/alps-outdoorz-horizon-360-graders-vridpall\/"},"modified":"2025-08-26T14:50:00","modified_gmt":"2025-08-26T12:50:00","slug":"alps-outdoorz-horizon-360-graders-vridpall","status":"publish","type":"product","link":"https:\/\/www.huntersfriend.eu\/sv\/produkt\/alps-outdoorz-horizon-360-graders-vridpall\/","title":{"rendered":"Alps outdoorz Horizon 360 graders vridpall"},"content":{"rendered":"<p>F\u00e4rg \u2013 mossig ek, skugggr\u00e4s, habitat<\/p>\n<p>N\u00e4r du vill vara medveten om vad som h\u00e4nder runt omkring dig \u00e4r Horizon den perfekta pallen f\u00f6r dig. Du kommer aldrig att vara ur position med Horizon, som l\u00e5ter dig rotera 360 grader. F\u00f6rvaringsv\u00e4skan under s\u00e4tet \u00e4r praktisk f\u00f6r att h\u00e5lla all din utrustning. Horizon f\u00e4lls ihop och den medf\u00f6ljande b\u00e4rremmen g\u00f6r pallen l\u00e4tt att transportera och f\u00f6rvara.   <\/p>\n<p>\u2022 360\u00b0 vridbart s\u00e4te<\/p>\n<p>\u2022 Pulverlackerad st\u00e5lram<\/p>\n<p>\u2022 F\u00f6rvaringsv\u00e4ska under s\u00e4tet<\/p>\n<p>\u2022 Vadderad b\u00e4rrem f\u00f6r axeln<\/p>\n<table border=\"3\">\n<tbody>\n<tr align=\"CENTER\">\n<td><b>S\u00e4tesdiameter<\/b><\/td>\n<td>15&#8243;<\/td>\n<\/tr>\n<tr align=\"CENTER\">\n<td><b>Sitth\u00f6jd<\/b><\/td>\n<td>22&#8243;<\/td>\n<\/tr>\n<tr align=\"CENTER\">\n<td><b>Hopf\u00e4lld storlek<\/b><\/td>\n<td>24&#8243; L x 17&#8243; B x 7&#8243; H<\/td>\n<\/tr>\n<tr align=\"CENTER\">\n<td><b>Vikt<\/b><\/td>\n<td>4,76 kg <\/td>\n<\/tr>\n<tr align=\"CENTER\">\n<td><b>Viktkapacitet<\/b><\/td>\n<td>300 lbs.<\/td>\n<\/tr>\n<\/tbody>\n<\/table>\n","protected":false},"excerpt":{"rendered":"<p>F\u00e4rg \u2013 mossig ek, skugggr\u00e4s, habitat N\u00e4r du vill vara medveten om vad som h\u00e4nder runt omkring dig \u00e4r Horizon den perfekta pallen f\u00f6r dig. Du kommer aldrig att vara ur position med Horizon, som l\u00e5ter dig rotera 360 grader. F\u00f6rvaringsv\u00e4skan under s\u00e4tet \u00e4r praktisk f\u00f6r att h\u00e5lla all din utrustning. Horizon f\u00e4lls ihop och [&#8230;]\n","protected":false},"featured_media":246162,"comment_status":"open","ping_status":"closed","template":"","meta":[],"product_brand":[],"product_cat":[2574],"product_tag":[],"class_list":{"0":"post-287244","1":"product","2":"type-product","3":"status-publish","4":"has-post-thumbnail","6":"product_cat-stolar-och-pallar-for-gomslen","7":"product_shipping_class-medium-sv","9":"first","10":"outofstock","11":"taxable","12":"shipping-taxable","13":"purchasable","14":"product-type-simple"},"composite_virtual":false,"composite_layout":"","composite_add_to_cart_form_location":"","composite_editable_in_cart":false,"composite_sold_individually_context":"","composite_shop_price_calc":"","composite_components":[],"composite_scenarios":[],"group_of_quantity":0,"min_quantity":0,"max_quantity":"","exclude_order_quantity_value_rules":"no","exclude_category_quantity_rules":"no","combine_variations":"no","exclude_global_add_ons":[],"addons":[],"_links":{"self":[{"href":"https:\/\/www.huntersfriend.eu\/sv\/wp-json\/wp\/v2\/product\/287244","targetHints":{"allow":["GET"]}}],"collection":[{"href":"https:\/\/www.huntersfriend.eu\/sv\/wp-json\/wp\/v2\/product"}],"about":[{"href":"https:\/\/www.huntersfriend.eu\/sv\/wp-json\/wp\/v2\/types\/product"}],"replies":[{"embeddable":true,"href":"https:\/\/www.huntersfriend.eu\/sv\/wp-json\/wp\/v2\/comments?post=287244"}],"wp:featuredmedia":[{"embeddable":true,"href":"https:\/\/www.huntersfriend.eu\/sv\/wp-json\/wp\/v2\/media\/246162"}],"wp:attachment":[{"href":"https:\/\/www.huntersfriend.eu\/sv\/wp-json\/wp\/v2\/media?parent=287244"}],"wp:term":[{"taxonomy":"product_brand","embeddable":true,"href":"https:\/\/www.huntersfriend.eu\/sv\/wp-json\/wp\/v2\/product_brand?post=287244"},{"taxonomy":"product_cat","embeddable":true,"href":"https:\/\/www.huntersfriend.eu\/sv\/wp-json\/wp\/v2\/product_cat?post=287244"},{"taxonomy":"product_tag","embeddable":true,"href":"https:\/\/www.huntersfriend.eu\/sv\/wp-json\/wp\/v2\/product_tag?post=287244"}],"curies":[{"name":"wp","href":"https:\/\/api.w.org\/{rel}","templated":true}]}}