{"id":287243,"date":"2023-03-16T13:15:21","date_gmt":"2023-03-16T11:15:21","guid":{"rendered":"https:\/\/www.huntersfriend.eu\/product\/alps-outdoorz-dubbelverkande-stol\/"},"modified":"2025-08-26T14:49:58","modified_gmt":"2025-08-26T12:49:58","slug":"alps-outdoorz-dubbelverkande-stol","status":"publish","type":"product","link":"https:\/\/www.huntersfriend.eu\/sv\/produkt\/alps-outdoorz-dubbelverkande-stol\/","title":{"rendered":"Alps outdoorz dubbelverkande stol"},"content":{"rendered":"<p>F\u00e4rg &#8211; REALTREE MAX-7<\/p>\n<p>Ge inte upp den komfort du \u00e4lskar i din stol n\u00e4r du ger dig ut i naturen \u2013 ta med den! Med den extra breda sitsen och pulverlackerade st\u00e5lramen p\u00e5 ALPS Outdoorz Dual Action beh\u00f6ver du inte offra bredd eller st\u00f6d. Dual Action ger dig en stadig sits ovanf\u00f6r marken och ett starkt ryggst\u00f6d att luta dig mot f\u00f6r att maximera komforten n\u00e4r du \u00e4r utomhus i timmar. Det finns till och med en isolerad kylv\u00e4ska under sitsen. Efter din dag ute i f\u00e4lt g\u00f6r b\u00e4rremmen det enkelt att f\u00e5 hem din stol problemfritt.    <\/p>\n<p>\u2022 Extra bred sits f\u00f6r maximal komfort<\/p>\n<p>\u2022 Isolerad kylv\u00e4ska under sitsen<\/p>\n<p>\u2022 Pulverlackerad st\u00e5lram<\/p>\n<p>\u2022 B\u00e4rrem f\u00f6r axeln<\/p>\n<table border=\"3\">\n<tbody>\n<tr align=\"CENTER\">\n<td><b>Sittbredd<\/b><\/td>\n<td>15&#8243;<\/td>\n<\/tr>\n<tr align=\"CENTER\">\n<td><b>Sittdjup<\/b><\/td>\n<td>12.5&#8243;<\/td>\n<\/tr>\n<tr align=\"CENTER\">\n<td><b>Sitth\u00f6jd<\/b><\/td>\n<td>18&#8243;<\/td>\n<\/tr>\n<tr align=\"CENTER\">\n<td><b>Ryggst\u00f6dsh\u00f6jd<\/b><\/td>\n<td>15.5&#8243;<\/td>\n<\/tr>\n<tr align=\"CENTER\">\n<td><b>Hopf\u00e4lld storlek<\/b><\/td>\n<td>23&#8243; L x 22&#8243; W x 2.5&#8243; H<\/td>\n<\/tr>\n<tr align=\"CENTER\">\n<td><b>Total vikt<\/b><\/td>\n<td>8 lbs.<\/td>\n<\/tr>\n<tr align=\"CENTER\">\n<td><b>Viktkapacitet<\/b><\/td>\n<td>275 lbs.<\/td>\n<\/tr>\n<\/tbody>\n<\/table>\n","protected":false},"excerpt":{"rendered":"<p>F\u00e4rg &#8211; REALTREE MAX-7 Ge inte upp den komfort du \u00e4lskar i din stol n\u00e4r du ger dig ut i naturen \u2013 ta med den! Med den extra breda sitsen och pulverlackerade st\u00e5lramen p\u00e5 ALPS Outdoorz Dual Action beh\u00f6ver du inte offra bredd eller st\u00f6d. Dual Action ger dig en stadig sits ovanf\u00f6r marken och [&#8230;]\n","protected":false},"featured_media":246172,"comment_status":"open","ping_status":"closed","template":"","meta":[],"product_brand":[],"product_cat":[2574],"product_tag":[],"class_list":{"0":"post-287243","1":"product","2":"type-product","3":"status-publish","4":"has-post-thumbnail","6":"product_cat-stolar-och-pallar-for-gomslen","7":"product_shipping_class-medium-sv","9":"first","10":"outofstock","11":"taxable","12":"shipping-taxable","13":"purchasable","14":"product-type-simple"},"composite_virtual":false,"composite_layout":"","composite_add_to_cart_form_location":"","composite_editable_in_cart":false,"composite_sold_individually_context":"","composite_shop_price_calc":"","composite_components":[],"composite_scenarios":[],"group_of_quantity":0,"min_quantity":0,"max_quantity":"","exclude_order_quantity_value_rules":"no","exclude_category_quantity_rules":"no","combine_variations":"no","exclude_global_add_ons":[],"addons":[],"_links":{"self":[{"href":"https:\/\/www.huntersfriend.eu\/sv\/wp-json\/wp\/v2\/product\/287243","targetHints":{"allow":["GET"]}}],"collection":[{"href":"https:\/\/www.huntersfriend.eu\/sv\/wp-json\/wp\/v2\/product"}],"about":[{"href":"https:\/\/www.huntersfriend.eu\/sv\/wp-json\/wp\/v2\/types\/product"}],"replies":[{"embeddable":true,"href":"https:\/\/www.huntersfriend.eu\/sv\/wp-json\/wp\/v2\/comments?post=287243"}],"wp:featuredmedia":[{"embeddable":true,"href":"https:\/\/www.huntersfriend.eu\/sv\/wp-json\/wp\/v2\/media\/246172"}],"wp:attachment":[{"href":"https:\/\/www.huntersfriend.eu\/sv\/wp-json\/wp\/v2\/media?parent=287243"}],"wp:term":[{"taxonomy":"product_brand","embeddable":true,"href":"https:\/\/www.huntersfriend.eu\/sv\/wp-json\/wp\/v2\/product_brand?post=287243"},{"taxonomy":"product_cat","embeddable":true,"href":"https:\/\/www.huntersfriend.eu\/sv\/wp-json\/wp\/v2\/product_cat?post=287243"},{"taxonomy":"product_tag","embeddable":true,"href":"https:\/\/www.huntersfriend.eu\/sv\/wp-json\/wp\/v2\/product_tag?post=287243"}],"curies":[{"name":"wp","href":"https:\/\/api.w.org\/{rel}","templated":true}]}}