{"id":287242,"date":"2023-03-16T13:15:20","date_gmt":"2023-03-16T11:15:20","guid":{"rendered":"https:\/\/www.huntersfriend.eu\/product\/alps-outdoorz-tillbehor-kikarficka\/"},"modified":"2025-08-26T14:49:50","modified_gmt":"2025-08-26T12:49:50","slug":"alps-outdoorz-tillbehor-kikarficka","status":"publish","type":"product","link":"https:\/\/www.huntersfriend.eu\/sv\/produkt\/alps-outdoorz-tillbehor-kikarficka\/","title":{"rendered":"Alps outdoorz tillbeh\u00f6r kikarficka"},"content":{"rendered":"<p>F\u00e4rg \u2013 realtree edge<\/p>\n<p>Kikarfickan \u00e4r det perfekta tillbeh\u00f6ret f\u00f6r alla dina resor, n\u00e4r du vill ta med dig din kikare och vill h\u00e5lla den tillg\u00e4nglig och skyddad. Det finns en magnetisk flik s\u00e5 att kikaren enkelt kan tas in och ut och du kommer fortfarande att vara tyst i skogen. Eftersom kikare \u00e4r en sak du kan beh\u00f6va m\u00e5nga g\u00e5nger under din resa \u00e4r det v\u00e4ldigt bekv\u00e4mt att ha dem precis framf\u00f6r dig. Kikarfickan \u00e4r kompatibel med <a href=\"https:\/\/alpsoutdoorz.com\/modular-lumbar-pack-little-bear.html\">Little Bear<\/a>-, <a href=\"https:\/\/alpsoutdoorz.com\/expandable-day-pack-big-bear.html\">Big Bear<\/a>&#8211; och <a href=\"https:\/\/alpsoutdoorz.com\/expandable-day-pack-pathfinder.html\">Pathfinder<\/a>-ryggs\u00e4ckarna.   <\/p>\n<p>\u2022 Vadderat huvudfack<\/p>\n<p>\u2022 Ultratysta magneter s\u00e4krar det \u00f6vre locket<\/p>\n<p>\u2022 Snabb och enkel \u00e5tkomst<\/p>\n<p>\u2022 H\u00e5ller kikaren s\u00e4ker och ren<\/p>\n<p>\u2022 Passar bra med <a href=\"https:\/\/alpsoutdoorz.com\/modular-lumbar-pack-little-bear.html\">Little Bear<\/a>, <a href=\"https:\/\/alpsoutdoorz.com\/expandable-day-pack-big-bear.html\">Big Bear<\/a> eller <a href=\"https:\/\/alpsoutdoorz.com\/expandable-day-pack-pathfinder.html\">Pathfinder<\/a><\/p>\n<table border=\"3\">\n<tbody>\n<tr align=\"CENTER\">\n<td><b>Fickstorlek<\/b><\/td>\n<td>6&#8243; H x 6&#8243; B x 2,25&#8243; D<\/td>\n<\/tr>\n<tr align=\"CENTER\">\n<td><b>Produktvikt<\/b><\/td>\n<td>8 oz.<\/td>\n<\/tr>\n<\/tbody>\n<\/table>\n","protected":false},"excerpt":{"rendered":"<p>F\u00e4rg \u2013 realtree edge Kikarfickan \u00e4r det perfekta tillbeh\u00f6ret f\u00f6r alla dina resor, n\u00e4r du vill ta med dig din kikare och vill h\u00e5lla den tillg\u00e4nglig och skyddad. Det finns en magnetisk flik s\u00e5 att kikaren enkelt kan tas in och ut och du kommer fortfarande att vara tyst i skogen. Eftersom kikare \u00e4r en [&#8230;]\n","protected":false},"featured_media":246182,"comment_status":"open","ping_status":"closed","template":"","meta":[],"product_brand":[],"product_cat":[2820],"product_tag":[],"class_list":{"0":"post-287242","1":"product","2":"type-product","3":"status-publish","4":"has-post-thumbnail","6":"product_cat-kikarselesar","8":"first","9":"outofstock","10":"taxable","11":"shipping-taxable","12":"purchasable","13":"product-type-simple"},"composite_virtual":false,"composite_layout":"","composite_add_to_cart_form_location":"","composite_editable_in_cart":false,"composite_sold_individually_context":"","composite_shop_price_calc":"","composite_components":[],"composite_scenarios":[],"group_of_quantity":0,"min_quantity":0,"max_quantity":"","exclude_order_quantity_value_rules":"no","exclude_category_quantity_rules":"no","combine_variations":"no","exclude_global_add_ons":[],"addons":[],"_links":{"self":[{"href":"https:\/\/www.huntersfriend.eu\/sv\/wp-json\/wp\/v2\/product\/287242","targetHints":{"allow":["GET"]}}],"collection":[{"href":"https:\/\/www.huntersfriend.eu\/sv\/wp-json\/wp\/v2\/product"}],"about":[{"href":"https:\/\/www.huntersfriend.eu\/sv\/wp-json\/wp\/v2\/types\/product"}],"replies":[{"embeddable":true,"href":"https:\/\/www.huntersfriend.eu\/sv\/wp-json\/wp\/v2\/comments?post=287242"}],"wp:featuredmedia":[{"embeddable":true,"href":"https:\/\/www.huntersfriend.eu\/sv\/wp-json\/wp\/v2\/media\/246182"}],"wp:attachment":[{"href":"https:\/\/www.huntersfriend.eu\/sv\/wp-json\/wp\/v2\/media?parent=287242"}],"wp:term":[{"taxonomy":"product_brand","embeddable":true,"href":"https:\/\/www.huntersfriend.eu\/sv\/wp-json\/wp\/v2\/product_brand?post=287242"},{"taxonomy":"product_cat","embeddable":true,"href":"https:\/\/www.huntersfriend.eu\/sv\/wp-json\/wp\/v2\/product_cat?post=287242"},{"taxonomy":"product_tag","embeddable":true,"href":"https:\/\/www.huntersfriend.eu\/sv\/wp-json\/wp\/v2\/product_tag?post=287242"}],"curies":[{"name":"wp","href":"https:\/\/api.w.org\/{rel}","templated":true}]}}