{"id":287240,"date":"2023-03-16T13:15:14","date_gmt":"2023-03-16T11:15:14","guid":{"rendered":"https:\/\/www.huntersfriend.eu\/product\/alps-outdoorz-enforcer\/"},"modified":"2025-08-26T14:49:46","modified_gmt":"2025-08-26T12:49:46","slug":"alps-outdoorz-enforcer","status":"publish","type":"product","link":"https:\/\/www.huntersfriend.eu\/sv\/produkt\/alps-outdoorz-enforcer\/","title":{"rendered":"Alps outdoorz enforcer"},"content":{"rendered":"<p>F\u00e4rg \u2013 realtree edge<\/p>\n<p>Letar du efter den ultimata ryggs\u00e4cken f\u00f6r predatorjakt? ALPS OutdoorZ Enforcer predatorv\u00e4st \u00e4r designad med exceptionell prestanda och komfort i \u00e5tanke. Med en avtagbar sparkstativram som kan placeras var som helst, med justerbara ben och snabbl\u00e5sningsteknik, \u00e4r du redo att inta position p\u00e5 ett \u00f6gonblick. Under mindre perfekta f\u00f6rh\u00e5llanden stabiliserar breda sv\u00e4ngbara f\u00f6tter och hj\u00e4lper till att f\u00f6rhindra att du sjunker ner. En avtagbar, tjockt vadderad hopf\u00e4llbar sits i memory foam och en vadderad ryggpanel ger \u00f6verl\u00e4gset st\u00f6d och komfort. Den stora ryggs\u00e4cksdelen ger gott om plats f\u00f6r att b\u00e4ra elektroniska lockmedel eller extra utrustning. Andra funktioner inkluderar sex hagelpatronh\u00e5llare, 12 centralant\u00e4ndningspatronh\u00e5llare, avtagbara framfickor och hydreringsficka med port. Enforcer \u00e4r en unik v\u00e4st redo att leverera!       <\/p>\n<p>\u2022 Designad med predatorjakt i \u00e5tanke<\/p>\n<p>\u2022 Avtagbar sparkstativram som kan placeras var som helst<\/p>\n<p>\u2022 Justerbara ben och snabbl\u00e5sningsteknik<\/p>\n<p>\u2022 Sv\u00e4ngbara f\u00f6tter stabiliserar och hj\u00e4lper till att f\u00f6rhindra att du sjunker ner<\/p>\n<p>\u2022 Avtagbar, hopf\u00e4llbar sits i memory foam<\/p>\n<p>\u2022 Stor ryggs\u00e4cksdel f\u00f6r att h\u00e5lla och b\u00e4ra elektroniska lockmedel eller extra utrustning<\/p>\n<p>\u2022 6 hagelpatronh\u00e5llare<\/p>\n<p>\u2022 12 centralant\u00e4ndningspatronh\u00e5llare<\/p>\n<p>\u2022 Avtagbara framfickor<\/p>\n<p>\u2022 Kompatibel med v\u00e4tskesystem<\/p>\n<table border=\"3\">\n<tbody>\n<tr align=\"CENTER\">\n<td><b>Kapacitet<\/b><\/td>\n<td>800 in\u00b3 \/ 13 L<\/td>\n<\/tr>\n<tr align=\"CENTER\">\n<td><b>Huvudfackets m\u00e5tt<\/b><\/td>\n<td>16&#8243; H x 11.5&#8243; W x 4.5&#8243; D<\/td>\n<\/tr>\n<tr align=\"CENTER\">\n<td><b>Framfickans m\u00e5tt<\/b><\/td>\n<td>9&#8243; H x 7.5&#8243; W x 2&#8243; D<\/td>\n<\/tr>\n<tr align=\"CENTER\">\n<td><b>Midjeb\u00e4ltets r\u00e4ckvidd<\/b><\/td>\n<td>38&#8243; &#8211; 68&#8243;<\/td>\n<\/tr>\n<tr align=\"CENTER\">\n<td><b>Vikt<\/b><\/td>\n<td>7 lbs. 8 oz. <\/td>\n<\/tr>\n<\/tbody>\n<\/table>\n","protected":false},"excerpt":{"rendered":"<p>F\u00e4rg \u2013 realtree edge Letar du efter den ultimata ryggs\u00e4cken f\u00f6r predatorjakt? ALPS OutdoorZ Enforcer predatorv\u00e4st \u00e4r designad med exceptionell prestanda och komfort i \u00e5tanke. Med en avtagbar sparkstativram som kan placeras var som helst, med justerbara ben och snabbl\u00e5sningsteknik, \u00e4r du redo att inta position p\u00e5 ett \u00f6gonblick. Under mindre perfekta f\u00f6rh\u00e5llanden stabiliserar breda [&#8230;]\n","protected":false},"featured_media":246297,"comment_status":"open","ping_status":"closed","template":"","meta":[],"product_brand":[],"product_cat":[878],"product_tag":[],"class_list":{"0":"post-287240","1":"product","2":"type-product","3":"status-publish","4":"has-post-thumbnail","6":"product_cat-uncategorized-sv","7":"product_shipping_class-medium-sv","9":"first","10":"outofstock","11":"taxable","12":"shipping-taxable","13":"purchasable","14":"product-type-simple"},"composite_virtual":false,"composite_layout":"","composite_add_to_cart_form_location":"","composite_editable_in_cart":false,"composite_sold_individually_context":"","composite_shop_price_calc":"","composite_components":[],"composite_scenarios":[],"group_of_quantity":0,"min_quantity":0,"max_quantity":"","exclude_order_quantity_value_rules":"no","exclude_category_quantity_rules":"no","combine_variations":"no","exclude_global_add_ons":[],"addons":[],"_links":{"self":[{"href":"https:\/\/www.huntersfriend.eu\/sv\/wp-json\/wp\/v2\/product\/287240","targetHints":{"allow":["GET"]}}],"collection":[{"href":"https:\/\/www.huntersfriend.eu\/sv\/wp-json\/wp\/v2\/product"}],"about":[{"href":"https:\/\/www.huntersfriend.eu\/sv\/wp-json\/wp\/v2\/types\/product"}],"replies":[{"embeddable":true,"href":"https:\/\/www.huntersfriend.eu\/sv\/wp-json\/wp\/v2\/comments?post=287240"}],"wp:featuredmedia":[{"embeddable":true,"href":"https:\/\/www.huntersfriend.eu\/sv\/wp-json\/wp\/v2\/media\/246297"}],"wp:attachment":[{"href":"https:\/\/www.huntersfriend.eu\/sv\/wp-json\/wp\/v2\/media?parent=287240"}],"wp:term":[{"taxonomy":"product_brand","embeddable":true,"href":"https:\/\/www.huntersfriend.eu\/sv\/wp-json\/wp\/v2\/product_brand?post=287240"},{"taxonomy":"product_cat","embeddable":true,"href":"https:\/\/www.huntersfriend.eu\/sv\/wp-json\/wp\/v2\/product_cat?post=287240"},{"taxonomy":"product_tag","embeddable":true,"href":"https:\/\/www.huntersfriend.eu\/sv\/wp-json\/wp\/v2\/product_tag?post=287240"}],"curies":[{"name":"wp","href":"https:\/\/api.w.org\/{rel}","templated":true}]}}