{"id":287239,"date":"2023-03-16T13:15:18","date_gmt":"2023-03-16T11:15:18","guid":{"rendered":"https:\/\/www.huntersfriend.eu\/product\/alps-outdoorz-tillbehorsvaska-for-lockpipor-och-vilt\/"},"modified":"2025-08-26T14:49:45","modified_gmt":"2025-08-26T12:49:45","slug":"alps-outdoorz-tillbehorsvaska-for-lockpipor-och-vilt","status":"publish","type":"product","link":"https:\/\/www.huntersfriend.eu\/sv\/produkt\/alps-outdoorz-tillbehorsvaska-for-lockpipor-och-vilt\/","title":{"rendered":"Alps outdoorz tillbeh\u00f6rsv\u00e4ska f\u00f6r lockpipor och vilt"},"content":{"rendered":"<p>F\u00e4rg \u2013 realtree edge<\/p>\n<p>Fickor f\u00f6r lockpipor\/Viltv\u00e4ska \u2013 Har du rovdjurslockpipor, friktionslockpipor, strikers, membranlockpipor, lokaliseringslockpipor och en box call? D\u00e5 beh\u00f6ver du en lockpipeficka f\u00f6r att h\u00e5lla dem s\u00e4kra och organiserade. Med ALPS OutdoorZ Turkey Call-ficka \u00e4r dina lockpipor alltid redo. Du f\u00e5r ocks\u00e5 en avtagbar viltv\u00e4ska, som \u00e4r perfekt f\u00f6r att b\u00e4ra beten eller din f\u00e5gel. Viltv\u00e4skan har en orange remsa, s\u00e5 om du beh\u00f6ver lite extra orange f\u00e4rg hj\u00e4lper det dig. Fickorna f\u00f6r lockpipor\/Viltv\u00e4ska \u00e4r kompatibla med <a href=\"https:\/\/alpsoutdoorz.com\/modular-lumbar-pack-little-bear.html\">Little Bear<\/a>-, <a href=\"https:\/\/alpsoutdoorz.com\/expandable-day-pack-big-bear.html\">Big Bear<\/a>&#8211; och <a href=\"https:\/\/alpsoutdoorz.com\/expandable-day-pack-pathfinder.html\">Pathfinder<\/a>-ryggs\u00e4ckarna.     <\/p>\n<p>\u2022 Tv\u00e5 friktionsfickor\/sm\u00e5 kikarfickor<\/p>\n<p>\u2022 Tre strikerh\u00e5llare<\/p>\n<p>\u2022 Tv\u00e5 membranlockpipefickor<\/p>\n<p>\u2022 Tv\u00e5 lokaliseringslockpipeh\u00e5llare<\/p>\n<p>\u2022 En box call-h\u00e5llare<\/p>\n<p>\u2022 Passar bra med <a href=\"https:\/\/alpsoutdoorz.com\/modular-lumbar-pack-little-bear.html\">Little Bear<\/a>, <a href=\"https:\/\/alpsoutdoorz.com\/expandable-day-pack-big-bear.html\">Big Bear<\/a> eller <a href=\"https:\/\/alpsoutdoorz.com\/expandable-day-pack-pathfinder.html\">Pathfinder<\/a><\/p>\n<table border=\"3\">\n<tbody>\n<tr align=\"CENTER\">\n<td><b>Viltv\u00e4skans m\u00e5tt<\/b><\/td>\n<td>20&#8243; H x 15&#8243; W x 7&#8243; D<\/td>\n<\/tr>\n<tr align=\"CENTER\">\n<td><b>Lockpipefickans m\u00e5tt<\/b><\/td>\n<td>10.5&#8243; H x 5&#8243; W x 2.5&#8243; D<\/td>\n<\/tr>\n<tr align=\"CENTER\">\n<td><b>Produktvikt<\/b><\/td>\n<td>10 oz.<\/td>\n<\/tr>\n<\/tbody>\n<\/table>\n","protected":false},"excerpt":{"rendered":"<p>F\u00e4rg \u2013 realtree edge Fickor f\u00f6r lockpipor\/Viltv\u00e4ska \u2013 Har du rovdjurslockpipor, friktionslockpipor, strikers, membranlockpipor, lokaliseringslockpipor och en box call? D\u00e5 beh\u00f6ver du en lockpipeficka f\u00f6r att h\u00e5lla dem s\u00e4kra och organiserade. Med ALPS OutdoorZ Turkey Call-ficka \u00e4r dina lockpipor alltid redo. Du f\u00e5r ocks\u00e5 en avtagbar viltv\u00e4ska, som \u00e4r perfekt f\u00f6r att b\u00e4ra beten eller [&#8230;]\n","protected":false},"featured_media":246205,"comment_status":"open","ping_status":"closed","template":"","meta":[],"product_brand":[],"product_cat":[2566],"product_tag":[],"class_list":{"0":"post-287239","1":"product","2":"type-product","3":"status-publish","4":"has-post-thumbnail","6":"product_cat-jaktvaskor","8":"first","9":"instock","10":"taxable","11":"shipping-taxable","12":"purchasable","13":"product-type-simple"},"composite_virtual":false,"composite_layout":"","composite_add_to_cart_form_location":"","composite_editable_in_cart":false,"composite_sold_individually_context":"","composite_shop_price_calc":"","composite_components":[],"composite_scenarios":[],"group_of_quantity":0,"min_quantity":0,"max_quantity":"","exclude_order_quantity_value_rules":"no","exclude_category_quantity_rules":"no","combine_variations":"no","exclude_global_add_ons":[],"addons":[],"_links":{"self":[{"href":"https:\/\/www.huntersfriend.eu\/sv\/wp-json\/wp\/v2\/product\/287239","targetHints":{"allow":["GET"]}}],"collection":[{"href":"https:\/\/www.huntersfriend.eu\/sv\/wp-json\/wp\/v2\/product"}],"about":[{"href":"https:\/\/www.huntersfriend.eu\/sv\/wp-json\/wp\/v2\/types\/product"}],"replies":[{"embeddable":true,"href":"https:\/\/www.huntersfriend.eu\/sv\/wp-json\/wp\/v2\/comments?post=287239"}],"wp:featuredmedia":[{"embeddable":true,"href":"https:\/\/www.huntersfriend.eu\/sv\/wp-json\/wp\/v2\/media\/246205"}],"wp:attachment":[{"href":"https:\/\/www.huntersfriend.eu\/sv\/wp-json\/wp\/v2\/media?parent=287239"}],"wp:term":[{"taxonomy":"product_brand","embeddable":true,"href":"https:\/\/www.huntersfriend.eu\/sv\/wp-json\/wp\/v2\/product_brand?post=287239"},{"taxonomy":"product_cat","embeddable":true,"href":"https:\/\/www.huntersfriend.eu\/sv\/wp-json\/wp\/v2\/product_cat?post=287239"},{"taxonomy":"product_tag","embeddable":true,"href":"https:\/\/www.huntersfriend.eu\/sv\/wp-json\/wp\/v2\/product_tag?post=287239"}],"curies":[{"name":"wp","href":"https:\/\/api.w.org\/{rel}","templated":true}]}}