{"id":287237,"date":"2023-03-16T13:15:18","date_gmt":"2023-03-16T11:15:18","guid":{"rendered":"https:\/\/www.huntersfriend.eu\/product\/alps-outdoorz-pathfinder\/"},"modified":"2026-03-18T22:00:23","modified_gmt":"2026-03-18T20:00:23","slug":"alps-outdoorz-pathfinder","status":"publish","type":"product","link":"https:\/\/www.huntersfriend.eu\/sv\/produkt\/alps-outdoorz-pathfinder\/","title":{"rendered":"Alps outdoorz pathfinder"},"content":{"rendered":"<p>F\u00e4rg \u2013 realtree edge<\/p>\n<p>Ska du frakta lockg\u00e4ss, utrustning och extra regnkl\u00e4der? B\u00e4r du med dig en pilb\u00e5ge? Beh\u00f6ver du en midjev\u00e4ska? Vad s\u00e4gs om en ryggs\u00e4ck ocks\u00e5? Just ja, och du vill frakta bort ditt k\u00f6tt? Ingen vill k\u00f6pa 5 olika v\u00e4skor f\u00f6r alla sina olika behov, vilket \u00e4r varf\u00f6r ALPS OutdoorZ har tagit fram en v\u00e4ska som kan tillgodose alla dina jaktbehov \u2013 i en och samma v\u00e4ska! L\u00e5t oss presentera v\u00e5r mest m\u00e5ngsidiga v\u00e4ska hittills, Pathfinder. Pathfinder \u00e4r designad AV j\u00e4gare F\u00d6R j\u00e4gare. N\u00e4r du spanar eller g\u00e5r till din passningsplats \u00e4r midjev\u00e4skl\u00e4get perfekt f\u00f6r att frakta med sig det viktigaste. Det finns ett sk\u00f6nt vadderat midjeb\u00e4lte och ett axelremssystem som g\u00f6r Pathfinder bekv\u00e4m att b\u00e4ra och hj\u00e4lper till att f\u00f6rdela vikten. N\u00e4r mer utrymme beh\u00f6vs rullar du helt enkelt ut ryggs\u00e4ckl\u00e4get fr\u00e5n midjev\u00e4skan och du har ytterligare 1100 kubiktum utrymme. N\u00e4r ryggs\u00e4ckl\u00e4get \u00e4r inst\u00e4llt har du m\u00f6jlighet att anv\u00e4nda Pathfinder i ett fraktl\u00e4ge eller ett pilb\u00e5gsb\u00e4rarl\u00e4ge. Fraktl\u00e4get har extra tyg och remmar som samverkar f\u00f6r att skapa extra utrymme f\u00f6r att b\u00e4ra extra utrustning. Sist men inte minst finns det en pilb\u00e5gsficka som passar en m\u00e4ngd olika compoundb\u00e5gar, och n\u00e4r den v\u00e4l \u00e4r fastsp\u00e4nd med sp\u00e4nnremmarna sitter din pilb\u00e5ge s\u00e4kert och du har h\u00e4nderna fria! En annan bra funktion med den h\u00e4r v\u00e4skan \u00e4r att den \u00e4r kompatibel med tillbeh\u00f6rsfickorna (kikarficka och kalkonlockfickor) s\u00e5 att du kan f\u00e4sta fickorna p\u00e5 framsidan av selen och ha din viktigaste utrustning framf\u00f6r dig och l\u00e4ttillg\u00e4nglig n\u00e4r du beh\u00f6ver den. Tillbeh\u00f6rsfickorna \u00e4r ocks\u00e5 kompatibla med <a href=\"https:\/\/alpsoutdoorz.com\/modular-lumbar-pack-little-bear.html\">Little Bear<\/a> och <a href=\"https:\/\/alpsoutdoorz.com\/expandable-day-pack-big-bear.html\">Big Bear<\/a>.               <\/p>\n<p>\u2022 Universell design som passar en m\u00e4ngd olika compoundb\u00e5gar<\/p>\n<p>\u2022 Nedf\u00e4llbar ficka f\u00f6r s\u00e4ker transport av gev\u00e4r eller pilb\u00e5ge<\/p>\n<p>\u2022 B\u00e4rsystem utformat f\u00f6r extra utrustning<\/p>\n<p>\u2022 Utformad f\u00f6r att s\u00e4kert och bekv\u00e4mt b\u00e4ra tunga laster<\/p>\n<p>\u2022 F\u00f6rl\u00e4ngningsremmar ing\u00e5r f\u00f6r extra stora laster<\/p>\n<p>\u2022 L\u00e4ndryggsv\u00e4ska som kan expanderas till en ryggs\u00e4ck<\/p>\n<p>\u2022 Kompatibel med v\u00e4tskesystem<\/p>\n<p>\u2022 Justerbar axelrem<\/p>\n<p>\u2022 Kompatibel med <a href=\"https:\/\/alpsoutdoorz.com\/accessory-binocular-pocket.html\">Accessory Binocular Pocket<\/a> och <a href=\"https:\/\/alpsoutdoorz.com\/accessory-call-pockets.html\">Accessory Call Pockets<\/a> (s\u00e4ljs separat)<\/p>\n<p>\u2022 Vadderat midjeb\u00e4lte med l\u00e4tt\u00e5tkomliga fickor<\/p>\n<p>\u2022 Huvudficka, tv\u00e5 sidofickor, en framficka och en ryggs\u00e4ckficka<\/p>\n<table border=\"3\">\n<tbody>\n<tr align=\"CENTER\">\n<td><b>Total kapacitet<\/b><\/td>\n<td>2700 in\u00b3 \/ 44 L<\/td>\n<\/tr>\n<tr align=\"CENTER\">\n<td><b>Midjev\u00e4skans kapacitet<\/b><\/td>\n<td>800 in\u00b3 \/ 13 L<\/td>\n<\/tr>\n<tr align=\"CENTER\">\n<td><b>Ryggs\u00e4ckens kapacitet<\/b><\/td>\n<td>1900 in\u00b3 \/ 31 L<\/td>\n<\/tr>\n<tr align=\"CENTER\">\n<td><b>Midjev\u00e4skans m\u00e5tt<\/b><\/td>\n<td>9&#8243; H x 13.5&#8243; W x 6&#8243; D<\/td>\n<\/tr>\n<tr align=\"CENTER\">\n<td><b>Ryggs\u00e4ckens m\u00e5tt<\/b><\/td>\n<td>15&#8243; H x 13.5&#8243; W x 6&#8243; D<\/td>\n<\/tr>\n<tr align=\"CENTER\">\n<td><b>Midjeb\u00e4ltets r\u00e4ckvidd<\/b><\/td>\n<td>32&#8243; &#8211; 56&#8243;<\/td>\n<\/tr>\n<tr align=\"CENTER\">\n<td><b>Total vikt<\/b><\/td>\n<td>5 lbs.<\/td>\n<\/tr>\n<\/tbody>\n<\/table>\n","protected":false},"excerpt":{"rendered":"<p>F\u00e4rg \u2013 realtree edge Ska du frakta lockg\u00e4ss, utrustning och extra regnkl\u00e4der? B\u00e4r du med dig en pilb\u00e5ge? Beh\u00f6ver du en midjev\u00e4ska? Vad s\u00e4gs om en ryggs\u00e4ck ocks\u00e5? Just ja, och du vill frakta bort ditt k\u00f6tt? Ingen vill k\u00f6pa 5 olika v\u00e4skor f\u00f6r alla sina olika behov, vilket \u00e4r varf\u00f6r ALPS OutdoorZ har tagit [&#8230;]\n","protected":false},"featured_media":246215,"comment_status":"open","ping_status":"closed","template":"","meta":[],"product_brand":[],"product_cat":[2566],"product_tag":[],"class_list":{"0":"post-287237","1":"product","2":"type-product","3":"status-publish","4":"has-post-thumbnail","6":"product_cat-jaktvaskor","8":"first","9":"instock","10":"taxable","11":"shipping-taxable","12":"purchasable","13":"product-type-simple"},"composite_virtual":false,"composite_layout":"","composite_add_to_cart_form_location":"","composite_editable_in_cart":false,"composite_sold_individually_context":"","composite_shop_price_calc":"","composite_components":[],"composite_scenarios":[],"group_of_quantity":0,"min_quantity":0,"max_quantity":"","exclude_order_quantity_value_rules":"no","exclude_category_quantity_rules":"no","combine_variations":"no","exclude_global_add_ons":[],"addons":[],"_links":{"self":[{"href":"https:\/\/www.huntersfriend.eu\/sv\/wp-json\/wp\/v2\/product\/287237","targetHints":{"allow":["GET"]}}],"collection":[{"href":"https:\/\/www.huntersfriend.eu\/sv\/wp-json\/wp\/v2\/product"}],"about":[{"href":"https:\/\/www.huntersfriend.eu\/sv\/wp-json\/wp\/v2\/types\/product"}],"replies":[{"embeddable":true,"href":"https:\/\/www.huntersfriend.eu\/sv\/wp-json\/wp\/v2\/comments?post=287237"}],"wp:featuredmedia":[{"embeddable":true,"href":"https:\/\/www.huntersfriend.eu\/sv\/wp-json\/wp\/v2\/media\/246215"}],"wp:attachment":[{"href":"https:\/\/www.huntersfriend.eu\/sv\/wp-json\/wp\/v2\/media?parent=287237"}],"wp:term":[{"taxonomy":"product_brand","embeddable":true,"href":"https:\/\/www.huntersfriend.eu\/sv\/wp-json\/wp\/v2\/product_brand?post=287237"},{"taxonomy":"product_cat","embeddable":true,"href":"https:\/\/www.huntersfriend.eu\/sv\/wp-json\/wp\/v2\/product_cat?post=287237"},{"taxonomy":"product_tag","embeddable":true,"href":"https:\/\/www.huntersfriend.eu\/sv\/wp-json\/wp\/v2\/product_tag?post=287237"}],"curies":[{"name":"wp","href":"https:\/\/api.w.org\/{rel}","templated":true}]}}