{"id":287235,"date":"2023-03-16T13:15:11","date_gmt":"2023-03-16T11:15:11","guid":{"rendered":"https:\/\/www.huntersfriend.eu\/product\/alps-outdoorz-extreme-upland-game-vest-x-2-0-2\/"},"modified":"2025-08-26T14:49:40","modified_gmt":"2025-08-26T12:49:40","slug":"alps-outdoorz-extreme-upland-game-vest-x-2-0-2","status":"publish","type":"product","link":"https:\/\/www.huntersfriend.eu\/sv\/produkt\/alps-outdoorz-extreme-upland-game-vest-x-2-0-2\/","title":{"rendered":"Alps outdoorz extreme Upland game vest x 2.0"},"content":{"rendered":"<p>Extreme Upland Game Vest X 2.0 \u00e4r det perfekta tillbeh\u00f6ret f\u00f6r jakt p\u00e5 f\u00e5gel och kanin och har en m\u00e4ngd innovativa funktioner. Axelremmarna \u00e4r ultratunna f\u00f6r maximal skjutkomfort och den har \u00e4ven en l\u00e4tt, ventilerad rygg- och midjeb\u00e4lteskonstruktion. Upland Game Vest X 2.0 \u00e4r den f\u00f6rsta v\u00e4sten p\u00e5 marknaden som har b\u00e5de ett expanderbart och avtagbart midjeb\u00e4lte som str\u00e4cker sig fr\u00e5n 26&#8243; till 62&#8243;. Den har MOLLE-band p\u00e5 midjeb\u00e4ltet, 2 magnetiska patronfickor med halkfria lock och en expanderad viltficka f\u00f6r enkel \u00e5tkomst, samt extra f\u00f6rvaringsutrymme med en bakre ficka. Komfort \u00e4r viktigast, och b\u00e5de manliga och kvinnliga j\u00e4gare kommer s\u00e4kert att vara n\u00f6jda med komforten i denna v\u00e4st.    <\/p>\n<p>\u2022 Expanderbart och avtagbart midjeb\u00e4lte f\u00f6rvandlar denna enskilda v\u00e4st fr\u00e5n det minsta till det st\u00f6rsta midjeb\u00e4ltet p\u00e5 marknaden (26&#8243; &#8211; 62&#8243;)<\/p>\n<p>\u2022 Omdesignade, strukturerade patronfickor, med enkel enhands magnetisk \u00f6ppning och st\u00e4ngning, fungerar \u00e4ven som ett gev\u00e4rsst\u00f6d<\/p>\n<p>\u2022 L\u00e4tt\u00e5tkomlig, \u00f6verdimensionerad viltficka har 16&#8243; justering f\u00f6r tung transport och enkel reng\u00f6ring<\/p>\n<p>\u2022 Midjeb\u00e4ltets MOLLE-system rymmer obegr\u00e4nsat med tillbeh\u00f6r<\/p>\n<p>\u2022 17&#8243; bakre f\u00f6rvaringsfack sitter under en rymlig, filtkl\u00e4dd v\u00e4rdesaksficka<\/p>\n<p>\u2022 Ultratunna, skjutv\u00e4nliga axelremmar f\u00f6r maximal komfort<\/p>\n<p>\u2022 L\u00e4tt, ventilerad rygg och midjeb\u00e4lte f\u00f6rb\u00e4ttrar komforten och prestandan<\/p>\n<p>\u2022 Kompatibel med v\u00e4tskesystem<\/p>\n<p>\u2022 Tv\u00e5 elastiska vattenflaskfickor<\/p>\n<table border=\"3\">\n<tbody>\n<tr align=\"CENTER\">\n<td><b>Midjeb\u00e4ltets r\u00e4ckvidd<\/b><\/td>\n<td>26&#8243; \u2013 62&#8243;<\/td>\n<\/tr>\n<tr align=\"CENTER\">\n<td><b>Vikt<\/b><\/td>\n<td>3 lbs. 4 oz. <\/td>\n<\/tr>\n<\/tbody>\n<\/table>\n","protected":false},"excerpt":{"rendered":"<p>Extreme Upland Game Vest X 2.0 \u00e4r det perfekta tillbeh\u00f6ret f\u00f6r jakt p\u00e5 f\u00e5gel och kanin och har en m\u00e4ngd innovativa funktioner. Axelremmarna \u00e4r ultratunna f\u00f6r maximal skjutkomfort och den har \u00e4ven en l\u00e4tt, ventilerad rygg- och midjeb\u00e4lteskonstruktion. Upland Game Vest X 2.0 \u00e4r den f\u00f6rsta v\u00e4sten p\u00e5 marknaden som har b\u00e5de ett expanderbart och [&#8230;]\n","protected":false},"featured_media":245832,"comment_status":"open","ping_status":"closed","template":"","meta":[],"product_brand":[],"product_cat":[2861],"product_tag":[],"class_list":{"0":"post-287235","1":"product","2":"type-product","3":"status-publish","4":"has-post-thumbnail","6":"product_cat-vastar","8":"first","9":"instock","10":"sale","11":"taxable","12":"shipping-taxable","13":"purchasable","14":"product-type-simple"},"composite_virtual":false,"composite_layout":"","composite_add_to_cart_form_location":"","composite_editable_in_cart":false,"composite_sold_individually_context":"","composite_shop_price_calc":"","composite_components":[],"composite_scenarios":[],"group_of_quantity":0,"min_quantity":0,"max_quantity":"","exclude_order_quantity_value_rules":"no","exclude_category_quantity_rules":"no","combine_variations":"no","exclude_global_add_ons":[],"addons":[],"_links":{"self":[{"href":"https:\/\/www.huntersfriend.eu\/sv\/wp-json\/wp\/v2\/product\/287235","targetHints":{"allow":["GET"]}}],"collection":[{"href":"https:\/\/www.huntersfriend.eu\/sv\/wp-json\/wp\/v2\/product"}],"about":[{"href":"https:\/\/www.huntersfriend.eu\/sv\/wp-json\/wp\/v2\/types\/product"}],"replies":[{"embeddable":true,"href":"https:\/\/www.huntersfriend.eu\/sv\/wp-json\/wp\/v2\/comments?post=287235"}],"wp:featuredmedia":[{"embeddable":true,"href":"https:\/\/www.huntersfriend.eu\/sv\/wp-json\/wp\/v2\/media\/245832"}],"wp:attachment":[{"href":"https:\/\/www.huntersfriend.eu\/sv\/wp-json\/wp\/v2\/media?parent=287235"}],"wp:term":[{"taxonomy":"product_brand","embeddable":true,"href":"https:\/\/www.huntersfriend.eu\/sv\/wp-json\/wp\/v2\/product_brand?post=287235"},{"taxonomy":"product_cat","embeddable":true,"href":"https:\/\/www.huntersfriend.eu\/sv\/wp-json\/wp\/v2\/product_cat?post=287235"},{"taxonomy":"product_tag","embeddable":true,"href":"https:\/\/www.huntersfriend.eu\/sv\/wp-json\/wp\/v2\/product_tag?post=287235"}],"curies":[{"name":"wp","href":"https:\/\/api.w.org\/{rel}","templated":true}]}}