{"id":287234,"date":"2023-03-16T13:15:17","date_gmt":"2023-03-16T11:15:17","guid":{"rendered":"https:\/\/www.huntersfriend.eu\/product\/alps-outdoorz-big-bear\/"},"modified":"2026-03-18T22:00:23","modified_gmt":"2026-03-18T20:00:23","slug":"alps-outdoorz-big-bear","status":"publish","type":"product","link":"https:\/\/www.huntersfriend.eu\/sv\/produkt\/alps-outdoorz-big-bear\/","title":{"rendered":"Alps outdoorz big Bear"},"content":{"rendered":"<p>F\u00e4rg \u2013 realtree edge<\/p>\n<p>Big Bear \u00e4r v\u00e5r mest modul\u00e4ra ryggs\u00e4ck hittills \u2013 den kan anv\u00e4ndas som en midjev\u00e4ska, dagsryggs\u00e4ck eller b\u00e5de och! Midjev\u00e4skan har en stor utdragbar dagsryggs\u00e4ck som expanderar ut fr\u00e5n midjev\u00e4skan f\u00f6r att ge dig ytterligare 1 900 kubiktum utrymme. Om du ska p\u00e5 en kort vandring och bara beh\u00f6ver midjev\u00e4skans kapacitet kan den expanderbara dagsryggs\u00e4cksdelen stuvas undan. Du kan ocks\u00e5 ansluta valfria fickor till framsidan av axelremmarna. Det finns en kikarficka eller kalkonlockficka som kan f\u00e4stas p\u00e5 remmarna p\u00e5 v\u00e5r Big Bear-ryggs\u00e4ck. Dessa fickor \u00e4r ocks\u00e5 kompatibla med Little Bear. Midjev\u00e4skan har ett stort huvudfack, 2 sidofickor och en framficka, vilket ger dig gott om plats f\u00f6r att organisera din utrustning. Big Bear levereras med ett vadderat, avtagbart midjeb\u00e4lte som har en l\u00e4tt\u00e5tkomlig ficka f\u00f6r att h\u00e5lla dina mindre f\u00f6rem\u00e5l n\u00e4ra till hands. Med s\u00e5 m\u00e5nga alternativ och anv\u00e4ndningsomr\u00e5den kommer Big Bear s\u00e4kert snabbt att bli din favoritryggs\u00e4ck.        <\/p>\n<p>\u2022 <a href=\"https:\/\/alpsoutdoorz.com\/media\/wysiwyg\/Big_Bear_Pack_-_Field_and_Stream.pdf\">field &amp; stream &#8211; B\u00e4sta jakt-dagsryggs\u00e4ck<\/a><\/p>\n<p>\u2022 Tv\u00e5 ryggs\u00e4ckar i en<\/p>\n<p>\u2022 L\u00e4ndryggsv\u00e4ska som kan expanderas till en ryggs\u00e4ck<\/p>\n<p>\u2022 Justerbar axelrem<\/p>\n<p>\u2022 Kompatibel med <a href=\"https:\/\/alpsoutdoorz.com\/accessory-binocular-pocket.html\">Accessory Binocular Pocket<\/a> och <a href=\"https:\/\/alpsoutdoorz.com\/accessory-call-pockets.html\">Accessory Call Pockets<\/a> (s\u00e4ljs separat)<\/p>\n<p>\u2022 Vadderat midjeb\u00e4lte med l\u00e4tt\u00e5tkomliga fickor<\/p>\n<p>\u2022 Huvudficka, tv\u00e5 sidofickor f\u00f6r tillbeh\u00f6r och en framficka<\/p>\n<table border=\"3\">\n<tbody>\n<tr align=\"CENTER\">\n<td><b>Total kapacitet<\/b><\/td>\n<td>2700 in\u00b3 \/ 44 L<\/td>\n<\/tr>\n<tr align=\"CENTER\">\n<td><b>Kapacitet f\u00f6r l\u00e4ndryggsv\u00e4ska<\/b><\/td>\n<td>800 in\u00b3 \/ 13 L<\/td>\n<\/tr>\n<tr align=\"CENTER\">\n<td><b>Ryggs\u00e4ckens kapacitet<\/b><\/td>\n<td>1900 in\u00b3 \/ 31 L<\/td>\n<\/tr>\n<tr align=\"CENTER\">\n<td><b>M\u00e5tt f\u00f6r l\u00e4ndryggsv\u00e4ska<\/b><\/td>\n<td>7.5&#8243; H x 12.5&#8243; W x 5.5&#8243; D<\/td>\n<\/tr>\n<tr align=\"CENTER\">\n<td><b>M\u00e5tt f\u00f6r dagsryggs\u00e4ck<\/b><\/td>\n<td>16&#8243; H x 13&#8243; W x 5.5&#8243; D<\/td>\n<\/tr>\n<tr align=\"CENTER\">\n<td><b>Midjeb\u00e4ltets l\u00e4ngd<\/b><\/td>\n<td>30&#8243; &#8211; 60&#8243;<\/td>\n<\/tr>\n<tr align=\"CENTER\">\n<td><b>Total vikt<\/b><\/td>\n<td>3 lbs. 2 oz. <\/td>\n<\/tr>\n<\/tbody>\n<\/table>\n","protected":false},"excerpt":{"rendered":"<p>F\u00e4rg \u2013 realtree edge Big Bear \u00e4r v\u00e5r mest modul\u00e4ra ryggs\u00e4ck hittills \u2013 den kan anv\u00e4ndas som en midjev\u00e4ska, dagsryggs\u00e4ck eller b\u00e5de och! Midjev\u00e4skan har en stor utdragbar dagsryggs\u00e4ck som expanderar ut fr\u00e5n midjev\u00e4skan f\u00f6r att ge dig ytterligare 1 900 kubiktum utrymme. Om du ska p\u00e5 en kort vandring och bara beh\u00f6ver midjev\u00e4skans kapacitet [&#8230;]\n","protected":false},"featured_media":246242,"comment_status":"open","ping_status":"closed","template":"","meta":[],"product_brand":[],"product_cat":[2565,2566],"product_tag":[],"class_list":{"0":"post-287234","1":"product","2":"type-product","3":"status-publish","4":"has-post-thumbnail","6":"product_cat-jaktryggsackar","7":"product_cat-jaktvaskor","9":"first","10":"instock","11":"taxable","12":"shipping-taxable","13":"purchasable","14":"product-type-simple"},"composite_virtual":false,"composite_layout":"","composite_add_to_cart_form_location":"","composite_editable_in_cart":false,"composite_sold_individually_context":"","composite_shop_price_calc":"","composite_components":[],"composite_scenarios":[],"group_of_quantity":0,"min_quantity":0,"max_quantity":"","exclude_order_quantity_value_rules":"no","exclude_category_quantity_rules":"no","combine_variations":"no","exclude_global_add_ons":[],"addons":[],"_links":{"self":[{"href":"https:\/\/www.huntersfriend.eu\/sv\/wp-json\/wp\/v2\/product\/287234","targetHints":{"allow":["GET"]}}],"collection":[{"href":"https:\/\/www.huntersfriend.eu\/sv\/wp-json\/wp\/v2\/product"}],"about":[{"href":"https:\/\/www.huntersfriend.eu\/sv\/wp-json\/wp\/v2\/types\/product"}],"replies":[{"embeddable":true,"href":"https:\/\/www.huntersfriend.eu\/sv\/wp-json\/wp\/v2\/comments?post=287234"}],"wp:featuredmedia":[{"embeddable":true,"href":"https:\/\/www.huntersfriend.eu\/sv\/wp-json\/wp\/v2\/media\/246242"}],"wp:attachment":[{"href":"https:\/\/www.huntersfriend.eu\/sv\/wp-json\/wp\/v2\/media?parent=287234"}],"wp:term":[{"taxonomy":"product_brand","embeddable":true,"href":"https:\/\/www.huntersfriend.eu\/sv\/wp-json\/wp\/v2\/product_brand?post=287234"},{"taxonomy":"product_cat","embeddable":true,"href":"https:\/\/www.huntersfriend.eu\/sv\/wp-json\/wp\/v2\/product_cat?post=287234"},{"taxonomy":"product_tag","embeddable":true,"href":"https:\/\/www.huntersfriend.eu\/sv\/wp-json\/wp\/v2\/product_tag?post=287234"}],"curies":[{"name":"wp","href":"https:\/\/api.w.org\/{rel}","templated":true}]}}