{"id":287233,"date":"2023-03-16T13:14:51","date_gmt":"2023-03-16T11:14:51","guid":{"rendered":"https:\/\/www.huntersfriend.eu\/product\/alps-outdoorz-breeze-gungstol\/"},"modified":"2026-03-18T22:00:22","modified_gmt":"2026-03-18T20:00:22","slug":"alps-outdoorz-breeze-gungstol","status":"publish","type":"product","link":"https:\/\/www.huntersfriend.eu\/sv\/produkt\/alps-outdoorz-breeze-gungstol\/","title":{"rendered":"Alps outdoorz Breeze gungstol"},"content":{"rendered":"<p>F\u00e4rg &#8211; Marinbl\u00e5<\/p>\n<p>Om du gillar v\u00e5r nuvarande gungstol kommer du att \u00c4LSKA v\u00e5r Breeze Rocker. Den h\u00e4r slitstarka stolen \u00e4r perfekt f\u00f6r sommaren med sitt TechMesh-tyg som l\u00e5ter dig f\u00e5 luftfl\u00f6de under varma, fuktiga dagar. Koppla av i den h\u00e4r gungstolen; du f\u00f6rtj\u00e4nar det!  <\/p>\n<p>\u2022 Slitstarkt TechMesh-tyg<\/p>\n<p>\u2022 Pro-Tec pulverlackerad st\u00e5lram<\/p>\n<p>\u2022 Ergonomisk s\u00e4teskant f\u00f6r komfort<\/p>\n<p>\u2022 F\u00e4lls ihop f\u00f6r f\u00f6rvaring och transport<\/p>\n<p>\u2022 L\u00e5ses p\u00e5 plats i b\u00e5de hopf\u00e4llt och \u00f6ppet l\u00e4ge<\/p>\n<table border=\"3\">\n<tbody>\n<tr align=\"CENTER\">\n<td><b>M\u00e5tt<\/b><\/td>\n<td>61 cm B x 44,5 cm D x 104 cm H<\/td>\n<\/tr>\n<tr align=\"CENTER\">\n<td><b>Sitth\u00f6jd &#8211; fram\/bak<\/b><\/td>\n<td>53 cm fram | 41 cm bak<\/td>\n<\/tr>\n<tr align=\"CENTER\">\n<td><b>Sittytans m\u00e5tt<\/b><\/td>\n<td>51 cm B x 44,5 cm D<\/td>\n<\/tr>\n<tr align=\"CENTER\">\n<td><b>Ryggh\u00f6jd<\/b><\/td>\n<td>104 cm<\/td>\n<\/tr>\n<tr align=\"CENTER\">\n<td><b>Total bredd<\/b><\/td>\n<td>61 cm<\/td>\n<\/tr>\n<tr align=\"CENTER\">\n<td><b>Vikt<\/b><\/td>\n<td>7,1 kg <\/td>\n<\/tr>\n<tr align=\"CENTER\">\n<td><b>Viktkapacitet<\/b><\/td>\n<td>300 lbs.<\/td>\n<\/tr>\n<\/tbody>\n<\/table>\n","protected":false},"excerpt":{"rendered":"<p>F\u00e4rg &#8211; Marinbl\u00e5 Om du gillar v\u00e5r nuvarande gungstol kommer du att \u00c4LSKA v\u00e5r Breeze Rocker. Den h\u00e4r slitstarka stolen \u00e4r perfekt f\u00f6r sommaren med sitt TechMesh-tyg som l\u00e5ter dig f\u00e5 luftfl\u00f6de under varma, fuktiga dagar. Koppla av i den h\u00e4r gungstolen; du f\u00f6rtj\u00e4nar det! \u2022 Slitstarkt TechMesh-tyg \u2022 Pro-Tec pulverlackerad st\u00e5lram \u2022 Ergonomisk s\u00e4teskant [&#8230;]\n","protected":false},"featured_media":246331,"comment_status":"open","ping_status":"closed","template":"","meta":[],"product_brand":[],"product_cat":[2574],"product_tag":[],"class_list":{"0":"post-287233","1":"product","2":"type-product","3":"status-publish","4":"has-post-thumbnail","6":"product_cat-stolar-och-pallar-for-gomslen","7":"product_shipping_class-medium-sv","9":"first","10":"instock","11":"sale","12":"taxable","13":"shipping-taxable","14":"purchasable","15":"product-type-simple"},"composite_virtual":false,"composite_layout":"","composite_add_to_cart_form_location":"","composite_editable_in_cart":false,"composite_sold_individually_context":"","composite_shop_price_calc":"","composite_components":[],"composite_scenarios":[],"group_of_quantity":0,"min_quantity":0,"max_quantity":"","exclude_order_quantity_value_rules":"no","exclude_category_quantity_rules":"no","combine_variations":"no","exclude_global_add_ons":[],"addons":[],"_links":{"self":[{"href":"https:\/\/www.huntersfriend.eu\/sv\/wp-json\/wp\/v2\/product\/287233","targetHints":{"allow":["GET"]}}],"collection":[{"href":"https:\/\/www.huntersfriend.eu\/sv\/wp-json\/wp\/v2\/product"}],"about":[{"href":"https:\/\/www.huntersfriend.eu\/sv\/wp-json\/wp\/v2\/types\/product"}],"replies":[{"embeddable":true,"href":"https:\/\/www.huntersfriend.eu\/sv\/wp-json\/wp\/v2\/comments?post=287233"}],"wp:featuredmedia":[{"embeddable":true,"href":"https:\/\/www.huntersfriend.eu\/sv\/wp-json\/wp\/v2\/media\/246331"}],"wp:attachment":[{"href":"https:\/\/www.huntersfriend.eu\/sv\/wp-json\/wp\/v2\/media?parent=287233"}],"wp:term":[{"taxonomy":"product_brand","embeddable":true,"href":"https:\/\/www.huntersfriend.eu\/sv\/wp-json\/wp\/v2\/product_brand?post=287233"},{"taxonomy":"product_cat","embeddable":true,"href":"https:\/\/www.huntersfriend.eu\/sv\/wp-json\/wp\/v2\/product_cat?post=287233"},{"taxonomy":"product_tag","embeddable":true,"href":"https:\/\/www.huntersfriend.eu\/sv\/wp-json\/wp\/v2\/product_tag?post=287233"}],"curies":[{"name":"wp","href":"https:\/\/api.w.org\/{rel}","templated":true}]}}