{"id":287232,"date":"2023-03-16T13:14:42","date_gmt":"2023-03-16T11:14:42","guid":{"rendered":"https:\/\/www.huntersfriend.eu\/product\/alps-outdoorz-commander-lite-pack\/"},"modified":"2025-11-27T11:14:41","modified_gmt":"2025-11-27T09:14:41","slug":"alps-outdoorz-commander-lite-pack","status":"publish","type":"product","link":"https:\/\/www.huntersfriend.eu\/sv\/produkt\/alps-outdoorz-commander-lite-pack\/","title":{"rendered":"Alps outdoorz commander lite + pack"},"content":{"rendered":"<p>F\u00e4rg &#8211; coyote Brun<\/p>\n<p>Commander Lite + Pack Bag \u00e4r Commander Lite-b\u00e4rramen och en 47-liters packv\u00e4ska. Det unika surrningssystemet s\u00e4krar k\u00f6tt f\u00f6r l\u00e5nga transporter och inkluderar tre f\u00f6rl\u00e4ngningsremmar f\u00f6r extra kapacitet. Den l\u00e4tta aluminiumramen g\u00f6r packningen l\u00e4tt men \u00e4nd\u00e5 stark, och Hypalon-surrningspunkterna ger ytterligare extern f\u00f6rvaring. Surrningspanelerna har alla dragkedjef\u00f6rsedda fickor i full l\u00e4ngd med inv\u00e4ndiga n\u00e4tfickor, perfekt f\u00f6r extra utrustning. Axelremmarna har ett justerbart \u00f6verkroppsomr\u00e5de p\u00e5 17\u201323 tum. Ett vadderat midjeb\u00e4lte samt vadderade axelremmar g\u00f6r detta till en mycket bekv\u00e4m packning att b\u00e4ra. Midjeb\u00e4ltet rymmer h\u00f6lster med clips s\u00e5 att du s\u00e4kert kan b\u00e4ra en pistol. Packningen har en dragkedja framtill i full l\u00e4ngd som str\u00e4cker sig genom locket vilket ger \u00e5tkomst till utrustning oavsett var den finns inuti packningen. Den praktiska nedf\u00e4llbara vapenh\u00e5llaren g\u00f6r det enkelt att b\u00e4ra ditt gev\u00e4r. De dubbla stretchfickorna p\u00e5 varje sida och de extra surrningspunkterna s\u00e4kerst\u00e4ller att det finns plats f\u00f6r all din utrustning.         <\/p>\n<p>\u2022 Medf\u00f6ljande remsystem f\u00f6r att f\u00e4sta packv\u00e4skan igen n\u00e4r du transporterar extra utrustning med ramen<\/p>\n<p>\u2022 Anodiserad sprint- och gaffelstiftsdesign f\u00f6r enkel justering<\/p>\n<p>\u2022 Dragkedja framtill i full l\u00e4ngd str\u00e4cker sig genom locket vilket ger enkel \u00e5tkomst till utrustning i hela packningen<\/p>\n<p>\u2022 Surrningspaneler har dragkedjef\u00f6rsedda fickor i full l\u00e4ngd med inv\u00e4ndiga n\u00e4tfickor<\/p>\n<p>\u2022 N\u00e4tband i ryggen f\u00f6r b\u00e4ttre ventilation<\/p>\n<p>\u2022 Midjeb\u00e4ltet rymmer h\u00f6lster med clips s\u00e5 att du s\u00e4kert kan b\u00e4ra en pistol<\/p>\n<p>\u2022 Packv\u00e4skan kan f\u00e4stas p\u00e5 ramen medan ramen \u00e4r nedlastad<\/p>\n<p>\u2022 Regnskyddet f\u00f6rvaras prydligt i en ficka med dragkedja p\u00e5 botten av ryggs\u00e4cken tills det beh\u00f6vs<\/p>\n<p>\u2022 Sidoficka f\u00f6r tubkikare<\/p>\n<p>\u2022 Dubbla sidofickor p\u00e5 varje sida<\/p>\n<p>\u2022 Tv\u00e5 sidokompressionsremmar med en nedf\u00e4llbar vapenh\u00e5llare<\/p>\n<table border=\"3\">\n<tbody>\n<tr align=\"CENTER\">\n<td><b>Kapacitet<\/b><\/td>\n<td>2850 in\u00b3 \/ 47 L<\/td>\n<\/tr>\n<tr align=\"CENTER\">\n<td><b>Huvudfackets m\u00e5tt<\/b><\/td>\n<td>19&#8243; H x 15.5&#8243; W x 10&#8243; D<\/td>\n<\/tr>\n<tr align=\"CENTER\">\n<td><b>\u00d6verkroppsomr\u00e5de<\/b><\/td>\n<td>17&#8243; &#8211; 23&#8243;<\/td>\n<\/tr>\n<tr align=\"CENTER\">\n<td><b>Midjeb\u00e4ltets l\u00e4ngd<\/b><\/td>\n<td>31&#8243; &#8211; 53&#8243;<\/td>\n<\/tr>\n<tr align=\"CENTER\">\n<td><b>Vikt<\/b><\/td>\n<td>6 lbs. 11 oz. <\/td>\n<\/tr>\n<\/tbody>\n<\/table>\n","protected":false},"excerpt":{"rendered":"<p>F\u00e4rg &#8211; coyote Brun Commander Lite + Pack Bag \u00e4r Commander Lite-b\u00e4rramen och en 47-liters packv\u00e4ska. Det unika surrningssystemet s\u00e4krar k\u00f6tt f\u00f6r l\u00e5nga transporter och inkluderar tre f\u00f6rl\u00e4ngningsremmar f\u00f6r extra kapacitet. Den l\u00e4tta aluminiumramen g\u00f6r packningen l\u00e4tt men \u00e4nd\u00e5 stark, och Hypalon-surrningspunkterna ger ytterligare extern f\u00f6rvaring. Surrningspanelerna har alla dragkedjef\u00f6rsedda fickor i full l\u00e4ngd med [&#8230;]\n","protected":false},"featured_media":246465,"comment_status":"open","ping_status":"closed","template":"","meta":[],"product_brand":[],"product_cat":[2565],"product_tag":[],"class_list":{"0":"post-287232","1":"product","2":"type-product","3":"status-publish","4":"has-post-thumbnail","6":"product_cat-jaktryggsackar","7":"product_shipping_class-medium-sv","9":"first","10":"instock","11":"sale","12":"taxable","13":"shipping-taxable","14":"purchasable","15":"product-type-simple"},"composite_virtual":false,"composite_layout":"","composite_add_to_cart_form_location":"","composite_editable_in_cart":false,"composite_sold_individually_context":"","composite_shop_price_calc":"","composite_components":[],"composite_scenarios":[],"group_of_quantity":0,"min_quantity":0,"max_quantity":"","exclude_order_quantity_value_rules":"no","exclude_category_quantity_rules":"no","combine_variations":"no","exclude_global_add_ons":[],"addons":[],"_links":{"self":[{"href":"https:\/\/www.huntersfriend.eu\/sv\/wp-json\/wp\/v2\/product\/287232","targetHints":{"allow":["GET"]}}],"collection":[{"href":"https:\/\/www.huntersfriend.eu\/sv\/wp-json\/wp\/v2\/product"}],"about":[{"href":"https:\/\/www.huntersfriend.eu\/sv\/wp-json\/wp\/v2\/types\/product"}],"replies":[{"embeddable":true,"href":"https:\/\/www.huntersfriend.eu\/sv\/wp-json\/wp\/v2\/comments?post=287232"}],"wp:featuredmedia":[{"embeddable":true,"href":"https:\/\/www.huntersfriend.eu\/sv\/wp-json\/wp\/v2\/media\/246465"}],"wp:attachment":[{"href":"https:\/\/www.huntersfriend.eu\/sv\/wp-json\/wp\/v2\/media?parent=287232"}],"wp:term":[{"taxonomy":"product_brand","embeddable":true,"href":"https:\/\/www.huntersfriend.eu\/sv\/wp-json\/wp\/v2\/product_brand?post=287232"},{"taxonomy":"product_cat","embeddable":true,"href":"https:\/\/www.huntersfriend.eu\/sv\/wp-json\/wp\/v2\/product_cat?post=287232"},{"taxonomy":"product_tag","embeddable":true,"href":"https:\/\/www.huntersfriend.eu\/sv\/wp-json\/wp\/v2\/product_tag?post=287232"}],"curies":[{"name":"wp","href":"https:\/\/api.w.org\/{rel}","templated":true}]}}