{"id":287231,"date":"2023-03-16T13:14:51","date_gmt":"2023-03-16T11:14:51","guid":{"rendered":"https:\/\/www.huntersfriend.eu\/product\/alps-outdoorz-rebound-rocker\/"},"modified":"2026-03-18T22:00:22","modified_gmt":"2026-03-18T20:00:22","slug":"alps-outdoorz-rebound-rocker","status":"publish","type":"product","link":"https:\/\/www.huntersfriend.eu\/sv\/produkt\/alps-outdoorz-rebound-rocker\/","title":{"rendered":"Alps outdoorz rebound rocker"},"content":{"rendered":"<p>F\u00e4rg \u2013 salsa<\/p>\n<p>Rebound Rocker har ett bekv\u00e4mt polyestertyg och en mittdel i mesh f\u00f6r ventilation, och i kombination med sin Pro-Tec pulverlackerade st\u00e5lram, g\u00f6r det den till en fantastisk plats att koppla av p\u00e5 i slutet av dagen. Den kompakta, hopf\u00e4llbara designen p\u00e5 denna gungstol g\u00f6r transport och f\u00f6rvaring stressfri, och den l\u00e5ses p\u00e5 plats n\u00e4r den anv\u00e4nds f\u00f6r att s\u00e4kerst\u00e4lla en smidig och s\u00e4ker gungning. Oavsett om du anv\u00e4nder dessa stolar p\u00e5 altanen eller runt l\u00e4gerelden, kommer de att vara stolarna som alla dras till.  <\/p>\n<p>\u2022 F\u00e4lls ihop f\u00f6r f\u00f6rvaring och transport<\/p>\n<p>\u2022 Utsv\u00e4ngbar muggh\u00e5llare<\/p>\n<p>\u2022 Tygkl\u00e4dda armar<\/p>\n<p>\u2022 Sits och rygg i svalt nylonmeshtyg<\/p>\n<p>\u2022 Inkluderar en 9&#8243; x 4&#8243; x 45&#8243; b\u00e4rv\u00e4ska<\/p>\n<p>\u2022 Pro-Tec pulverlackerad st\u00e5lram<\/p>\n<table border=\"3\">\n<tbody>\n<tr align=\"CENTER\">\n<td><b>M\u00e5tt<\/b><\/td>\n<td>26&#8243; B x 35&#8243; D x 39&#8243; H<\/td>\n<\/tr>\n<tr align=\"CENTER\">\n<td><b>Sitth\u00f6jd \u2013 fram\/bak<\/b><\/td>\n<td>17,5&#8243; f | 15&#8243; b<\/td>\n<\/tr>\n<tr align=\"CENTER\">\n<td><b>Sittytans m\u00e5tt<\/b><\/td>\n<td>23&#8243; B x 19&#8243; D<\/td>\n<\/tr>\n<tr align=\"CENTER\">\n<td><b>Ryggh\u00f6jd<\/b><\/td>\n<td>24,5&#8243;<\/td>\n<\/tr>\n<tr align=\"CENTER\">\n<td><b>Total bredd<\/b><\/td>\n<td>24,5&#8243;<\/td>\n<\/tr>\n<tr align=\"CENTER\">\n<td><b>Vikt<\/b><\/td>\n<td>6 lbs. 12 oz. <\/td>\n<\/tr>\n<tr align=\"CENTER\">\n<td><b>Viktkapacitet<\/b><\/td>\n<td>300 lbs.<\/td>\n<\/tr>\n<\/tbody>\n<\/table>\n","protected":false},"excerpt":{"rendered":"<p>F\u00e4rg \u2013 salsa Rebound Rocker har ett bekv\u00e4mt polyestertyg och en mittdel i mesh f\u00f6r ventilation, och i kombination med sin Pro-Tec pulverlackerade st\u00e5lram, g\u00f6r det den till en fantastisk plats att koppla av p\u00e5 i slutet av dagen. Den kompakta, hopf\u00e4llbara designen p\u00e5 denna gungstol g\u00f6r transport och f\u00f6rvaring stressfri, och den l\u00e5ses p\u00e5 [&#8230;]\n","protected":false},"featured_media":246344,"comment_status":"open","ping_status":"closed","template":"","meta":[],"product_brand":[],"product_cat":[2574],"product_tag":[],"class_list":{"0":"post-287231","1":"product","2":"type-product","3":"status-publish","4":"has-post-thumbnail","6":"product_cat-stolar-och-pallar-for-gomslen","7":"product_shipping_class-medium-sv","9":"first","10":"instock","11":"taxable","12":"shipping-taxable","13":"purchasable","14":"product-type-simple"},"composite_virtual":false,"composite_layout":"","composite_add_to_cart_form_location":"","composite_editable_in_cart":false,"composite_sold_individually_context":"","composite_shop_price_calc":"","composite_components":[],"composite_scenarios":[],"group_of_quantity":0,"min_quantity":0,"max_quantity":"","exclude_order_quantity_value_rules":"no","exclude_category_quantity_rules":"no","combine_variations":"no","exclude_global_add_ons":[],"addons":[],"_links":{"self":[{"href":"https:\/\/www.huntersfriend.eu\/sv\/wp-json\/wp\/v2\/product\/287231","targetHints":{"allow":["GET"]}}],"collection":[{"href":"https:\/\/www.huntersfriend.eu\/sv\/wp-json\/wp\/v2\/product"}],"about":[{"href":"https:\/\/www.huntersfriend.eu\/sv\/wp-json\/wp\/v2\/types\/product"}],"replies":[{"embeddable":true,"href":"https:\/\/www.huntersfriend.eu\/sv\/wp-json\/wp\/v2\/comments?post=287231"}],"wp:featuredmedia":[{"embeddable":true,"href":"https:\/\/www.huntersfriend.eu\/sv\/wp-json\/wp\/v2\/media\/246344"}],"wp:attachment":[{"href":"https:\/\/www.huntersfriend.eu\/sv\/wp-json\/wp\/v2\/media?parent=287231"}],"wp:term":[{"taxonomy":"product_brand","embeddable":true,"href":"https:\/\/www.huntersfriend.eu\/sv\/wp-json\/wp\/v2\/product_brand?post=287231"},{"taxonomy":"product_cat","embeddable":true,"href":"https:\/\/www.huntersfriend.eu\/sv\/wp-json\/wp\/v2\/product_cat?post=287231"},{"taxonomy":"product_tag","embeddable":true,"href":"https:\/\/www.huntersfriend.eu\/sv\/wp-json\/wp\/v2\/product_tag?post=287231"}],"curies":[{"name":"wp","href":"https:\/\/api.w.org\/{rel}","templated":true}]}}