{"id":287230,"date":"2023-03-16T13:14:38","date_gmt":"2023-03-16T11:14:38","guid":{"rendered":"https:\/\/www.huntersfriend.eu\/product\/illusion-system-svart-rack-skallrande\/"},"modified":"2025-08-26T14:49:09","modified_gmt":"2025-08-26T12:49:09","slug":"illusion-system-svart-rack-skallrande","status":"publish","type":"product","link":"https:\/\/www.huntersfriend.eu\/sv\/produkt\/illusion-system-svart-rack-skallrande\/","title":{"rendered":"Illusion-system, svart rack, skallrande"},"content":{"rendered":"<p>Vad g\u00f6r <strong>Black Rack<\/strong> till det h\u00f6gst rankade systemet f\u00f6r lockjakt p\u00e5 marknaden?<\/p>\n<ul>\n<li>Exklusiv Bone-Core\u2122-teknik \u2013 Ger detta lockjaktssystem extremt realistiska, hornliknande ljud.<\/li>\n<li>Tv\u00e5 Full Rack\u2122-design \u2013 Utformad som tv\u00e5 fullvuxna bockar, vilket ger dig taggarna och h\u00e4vst\u00e5ngen som beh\u00f6vs f\u00f6r att efterlikna en strid om r\u00e4tten att para sig.<\/li>\n<li>Black Concealment\u2122 \u2013 H\u00e5ller dina skallrande sekvenser dolda, vilket g\u00f6r att du kan locka p\u00e5 mycket n\u00e4rmare avst\u00e5nd under ett m\u00f6te med en stor bock.<\/li>\n<li>Gratis instruktionsvideor \u2013 Titta p\u00e5 v\u00e5r detaljerade instruktionsserie och l\u00e4r dig hur du effektivt kommunicerar med hjortar. Ladda bara ner GRATIS-appen &#8217;Deer Society&#8217; f\u00f6r att f\u00e5 tillg\u00e5ng till timmar av utbildande videoinneh\u00e5ll! <\/li>\n<\/ul>\n<p>Hundratusentals seri\u00f6sa hjortj\u00e4gare i USA och Kanada f\u00f6rlitar sig p\u00e5 Black Rack-systemet av en anledning&#8230; Det fungerar helt enkelt! <\/p>\n","protected":false},"excerpt":{"rendered":"<p>Vad g\u00f6r Black Rack till det h\u00f6gst rankade systemet f\u00f6r lockjakt p\u00e5 marknaden? Exklusiv Bone-Core\u2122-teknik \u2013 Ger detta lockjaktssystem extremt realistiska, hornliknande ljud. Tv\u00e5 Full Rack\u2122-design \u2013 Utformad som tv\u00e5 fullvuxna bockar, vilket ger dig taggarna och h\u00e4vst\u00e5ngen som beh\u00f6vs f\u00f6r att efterlikna en strid om r\u00e4tten att para sig. Black Concealment\u2122 \u2013 H\u00e5ller dina [&#8230;]\n","protected":false},"featured_media":245944,"comment_status":"open","ping_status":"closed","template":"","meta":[],"product_brand":[],"product_cat":[2878],"product_tag":[],"class_list":{"0":"post-287230","1":"product","2":"type-product","3":"status-publish","4":"has-post-thumbnail","6":"product_cat-lockpipor-for-storvilt","8":"first","9":"instock","10":"taxable","11":"shipping-taxable","12":"purchasable","13":"product-type-simple"},"composite_virtual":false,"composite_layout":"","composite_add_to_cart_form_location":"","composite_editable_in_cart":false,"composite_sold_individually_context":"","composite_shop_price_calc":"","composite_components":[],"composite_scenarios":[],"group_of_quantity":0,"min_quantity":0,"max_quantity":"","exclude_order_quantity_value_rules":"no","exclude_category_quantity_rules":"no","combine_variations":"no","exclude_global_add_ons":[],"addons":[],"_links":{"self":[{"href":"https:\/\/www.huntersfriend.eu\/sv\/wp-json\/wp\/v2\/product\/287230","targetHints":{"allow":["GET"]}}],"collection":[{"href":"https:\/\/www.huntersfriend.eu\/sv\/wp-json\/wp\/v2\/product"}],"about":[{"href":"https:\/\/www.huntersfriend.eu\/sv\/wp-json\/wp\/v2\/types\/product"}],"replies":[{"embeddable":true,"href":"https:\/\/www.huntersfriend.eu\/sv\/wp-json\/wp\/v2\/comments?post=287230"}],"wp:featuredmedia":[{"embeddable":true,"href":"https:\/\/www.huntersfriend.eu\/sv\/wp-json\/wp\/v2\/media\/245944"}],"wp:attachment":[{"href":"https:\/\/www.huntersfriend.eu\/sv\/wp-json\/wp\/v2\/media?parent=287230"}],"wp:term":[{"taxonomy":"product_brand","embeddable":true,"href":"https:\/\/www.huntersfriend.eu\/sv\/wp-json\/wp\/v2\/product_brand?post=287230"},{"taxonomy":"product_cat","embeddable":true,"href":"https:\/\/www.huntersfriend.eu\/sv\/wp-json\/wp\/v2\/product_cat?post=287230"},{"taxonomy":"product_tag","embeddable":true,"href":"https:\/\/www.huntersfriend.eu\/sv\/wp-json\/wp\/v2\/product_tag?post=287230"}],"curies":[{"name":"wp","href":"https:\/\/api.w.org\/{rel}","templated":true}]}}