{"id":287228,"date":"2023-03-16T13:14:37","date_gmt":"2023-03-16T11:14:37","guid":{"rendered":"https:\/\/www.huntersfriend.eu\/product\/illusion-systems-slackare-lockpipa-for-hjort\/"},"modified":"2025-08-26T14:49:05","modified_gmt":"2025-08-26T12:49:05","slug":"illusion-systems-slackare-lockpipa-for-hjort","status":"publish","type":"product","link":"https:\/\/www.huntersfriend.eu\/sv\/produkt\/illusion-systems-slackare-lockpipa-for-hjort\/","title":{"rendered":"Illusion systems sl\u00e4ckare lockpipa f\u00f6r hjort"},"content":{"rendered":"<p>Vad g\u00f6r Extinguisher Deer Call till det h\u00f6gst rankade systemet f\u00f6r hjortkommunikation p\u00e5 marknaden?<\/p>\n<ul>\n<li>Extinguishers patenterade ModiSlide\u2122 g\u00f6r att du kan l\u00e5ta som en bock, en hind eller ett kid p\u00e5 ett \u00f6gonblick.<\/li>\n<li>99,6 % godk\u00e4nnandegrad \u2013 NAHC-f\u00e4lttest, h\u00f6gsta n\u00e5gonsin f\u00f6r en lockpipa f\u00f6r hjort!<\/li>\n<li>FreezeFree\u2122-design \u2013 Extinguishers modiSlide\u2122 tj\u00e4nar ocks\u00e5 till att frig\u00f6ra pipan fr\u00e5n &#8221;frysning&#8221;.<\/li>\n<li>Throat-Tube\u2122 \u2013 Denna dubbla lagerteknik producerar extremt realistiska ljud och m\u00f6jligg\u00f6r riktad lockning.<\/li>\n<li>Gratis instruktionsvideor \u2013 Titta p\u00e5 v\u00e5r detaljerade instruktionsserie och l\u00e4r dig hur du effektivt kommunicerar med hjortar. Ladda bara ner GRATIS-appen &#8217;Deer Society&#8217; f\u00f6r att f\u00e5 tillg\u00e5ng till timmar av utbildande videoinneh\u00e5ll! <\/li>\n<li>Tillverkad i Amerika \u2013 Varje Extinguisher-lockpipa f\u00f6r hjort testas akustiskt innan den klarar slutbesiktningen.<\/li>\n<\/ul>\n<p>Hundratusentals seri\u00f6sa hjortj\u00e4gare f\u00f6rlitar sig p\u00e5 Extinguisher-lockpipan f\u00f6r hjort av en anledning&#8230; Den fungerar helt enkelt! <\/p>\n","protected":false},"excerpt":{"rendered":"<p>Vad g\u00f6r Extinguisher Deer Call till det h\u00f6gst rankade systemet f\u00f6r hjortkommunikation p\u00e5 marknaden? Extinguishers patenterade ModiSlide\u2122 g\u00f6r att du kan l\u00e5ta som en bock, en hind eller ett kid p\u00e5 ett \u00f6gonblick. 99,6 % godk\u00e4nnandegrad \u2013 NAHC-f\u00e4lttest, h\u00f6gsta n\u00e5gonsin f\u00f6r en lockpipa f\u00f6r hjort! FreezeFree\u2122-design \u2013 Extinguishers modiSlide\u2122 tj\u00e4nar ocks\u00e5 till att frig\u00f6ra pipan [&#8230;]\n","protected":false},"featured_media":245704,"comment_status":"open","ping_status":"closed","template":"","meta":[],"product_brand":[],"product_cat":[2878],"product_tag":[],"class_list":{"0":"post-287228","1":"product","2":"type-product","3":"status-publish","4":"has-post-thumbnail","6":"product_cat-lockpipor-for-storvilt","8":"first","9":"instock","10":"taxable","11":"shipping-taxable","12":"purchasable","13":"product-type-simple"},"composite_virtual":false,"composite_layout":"","composite_add_to_cart_form_location":"","composite_editable_in_cart":false,"composite_sold_individually_context":"","composite_shop_price_calc":"","composite_components":[],"composite_scenarios":[],"group_of_quantity":0,"min_quantity":0,"max_quantity":"","exclude_order_quantity_value_rules":"no","exclude_category_quantity_rules":"no","combine_variations":"no","exclude_global_add_ons":[],"addons":[],"_links":{"self":[{"href":"https:\/\/www.huntersfriend.eu\/sv\/wp-json\/wp\/v2\/product\/287228","targetHints":{"allow":["GET"]}}],"collection":[{"href":"https:\/\/www.huntersfriend.eu\/sv\/wp-json\/wp\/v2\/product"}],"about":[{"href":"https:\/\/www.huntersfriend.eu\/sv\/wp-json\/wp\/v2\/types\/product"}],"replies":[{"embeddable":true,"href":"https:\/\/www.huntersfriend.eu\/sv\/wp-json\/wp\/v2\/comments?post=287228"}],"wp:featuredmedia":[{"embeddable":true,"href":"https:\/\/www.huntersfriend.eu\/sv\/wp-json\/wp\/v2\/media\/245704"}],"wp:attachment":[{"href":"https:\/\/www.huntersfriend.eu\/sv\/wp-json\/wp\/v2\/media?parent=287228"}],"wp:term":[{"taxonomy":"product_brand","embeddable":true,"href":"https:\/\/www.huntersfriend.eu\/sv\/wp-json\/wp\/v2\/product_brand?post=287228"},{"taxonomy":"product_cat","embeddable":true,"href":"https:\/\/www.huntersfriend.eu\/sv\/wp-json\/wp\/v2\/product_cat?post=287228"},{"taxonomy":"product_tag","embeddable":true,"href":"https:\/\/www.huntersfriend.eu\/sv\/wp-json\/wp\/v2\/product_tag?post=287228"}],"curies":[{"name":"wp","href":"https:\/\/api.w.org\/{rel}","templated":true}]}}