{"id":287227,"date":"2023-03-16T13:14:48","date_gmt":"2023-03-16T11:14:48","guid":{"rendered":"https:\/\/www.huntersfriend.eu\/product\/alps-outdoorz-pit-blind-bag\/"},"modified":"2025-08-26T14:49:03","modified_gmt":"2025-08-26T12:49:03","slug":"alps-outdoorz-pit-blind-bag","status":"publish","type":"product","link":"https:\/\/www.huntersfriend.eu\/sv\/produkt\/alps-outdoorz-pit-blind-bag\/","title":{"rendered":"Alps outdoorz pit blind bag"},"content":{"rendered":"<p>F\u00e4rg \u2013 mossig ek, skugggr\u00e4s, habitat<\/p>\n<p>Pit Blind Bag har ett stort pop-up-huvudfack med en avtagbar avdelare f\u00f6r att anpassa inneh\u00e5llet. Ytterligare innerfickor h\u00e5ller mindre f\u00f6rem\u00e5l \u00e5tskilda och inom r\u00e4ckh\u00e5ll. Utv\u00e4ndigt har Pit Blind Bag tv\u00e5 \u00f6ppna fickor. Dessa \u00e4r utformade f\u00f6r att h\u00e5lla olika patroner organiserade och snabbt tillg\u00e4ngliga vid byte mellan skott. En extra stor ytterficka ing\u00e5r ocks\u00e5 f\u00f6r f\u00f6rvaring av en termos eller f\u00f6r anv\u00e4ndning som ett extra f\u00f6rvaringsalternativ.    <\/p>\n<p>Tv\u00e5 insydda b\u00e4rhandtag flankerar den robusta dragkedjef\u00f6rsedda toppen, medan en avtagbar, justerbar och vadderad axelrem erbjuder handsfree-b\u00e4rning. De viktigaste funktionerna avrundas med en vattent\u00e4t, gjuten bottenpanel f\u00f6r att ge extra st\u00f6d och skydd f\u00f6r inneh\u00e5llet n\u00e4r v\u00e4skan st\u00e5r p\u00e5 v\u00e5t mark. <\/p>\n<p>\u2022 <a href=\"https:\/\/alpsoutdoorz.com\/media\/wysiwyg\/Pit_Blind_BagField_Stream.pdf\">field &amp; stream &#8211; Best Multi-purpose blind bag<\/a><\/p>\n<p>\u2022 &#8221;Pop-open&#8221;-design p\u00e5 huvudfacket ger enkel \u00e5tkomst till utrustningen<\/p>\n<p>\u2022 Huvudfacket har en avtagbar avdelare tillsammans med andra fack f\u00f6r att h\u00e5lla utrustningen organiserad<\/p>\n<p>\u2022 Tv\u00e5 &#8221;hold-open&#8221;-ytterfickor \u00e4r perfekta f\u00f6r olika patronalternativ<\/p>\n<p>\u2022 Vattent\u00e4t, gjuten bottenpanel ger huvudfacket extra skydd n\u00e4r det st\u00e5r i v\u00e5ta f\u00e4lt<\/p>\n<p>\u2022 Extra stor ytterficka f\u00f6r termos kan ocks\u00e5 fungera som extra f\u00f6rvaringsutrymme<\/p>\n<p>\u2022 B\u00e4rhandtag och avtagbart axelremalternativ<\/p>\n<table border=\"3\">\n<tbody>\n<tr align=\"CENTER\">\n<td><b>M\u00e5tt<\/b><\/td>\n<td>18&#8243; B x 9,75&#8243; D x 11&#8243; H<\/td>\n<\/tr>\n<tr align=\"CENTER\">\n<td><b>Vikt<\/b><\/td>\n<td>3 lbs. 10 oz. <\/td>\n<\/tr>\n<\/tbody>\n<\/table>\n","protected":false},"excerpt":{"rendered":"<p>F\u00e4rg \u2013 mossig ek, skugggr\u00e4s, habitat Pit Blind Bag har ett stort pop-up-huvudfack med en avtagbar avdelare f\u00f6r att anpassa inneh\u00e5llet. Ytterligare innerfickor h\u00e5ller mindre f\u00f6rem\u00e5l \u00e5tskilda och inom r\u00e4ckh\u00e5ll. Utv\u00e4ndigt har Pit Blind Bag tv\u00e5 \u00f6ppna fickor. Dessa \u00e4r utformade f\u00f6r att h\u00e5lla olika patroner organiserade och snabbt tillg\u00e4ngliga vid byte mellan skott. En [&#8230;]\n","protected":false},"featured_media":260745,"comment_status":"open","ping_status":"closed","template":"","meta":[],"product_brand":[],"product_cat":[2566],"product_tag":[],"class_list":{"0":"post-287227","1":"product","2":"type-product","3":"status-publish","4":"has-post-thumbnail","6":"product_cat-jaktvaskor","8":"first","9":"outofstock","10":"taxable","11":"shipping-taxable","12":"purchasable","13":"product-type-simple"},"composite_virtual":false,"composite_layout":"","composite_add_to_cart_form_location":"","composite_editable_in_cart":false,"composite_sold_individually_context":"","composite_shop_price_calc":"","composite_components":[],"composite_scenarios":[],"group_of_quantity":0,"min_quantity":0,"max_quantity":"","exclude_order_quantity_value_rules":"no","exclude_category_quantity_rules":"no","combine_variations":"no","exclude_global_add_ons":[],"addons":[],"_links":{"self":[{"href":"https:\/\/www.huntersfriend.eu\/sv\/wp-json\/wp\/v2\/product\/287227","targetHints":{"allow":["GET"]}}],"collection":[{"href":"https:\/\/www.huntersfriend.eu\/sv\/wp-json\/wp\/v2\/product"}],"about":[{"href":"https:\/\/www.huntersfriend.eu\/sv\/wp-json\/wp\/v2\/types\/product"}],"replies":[{"embeddable":true,"href":"https:\/\/www.huntersfriend.eu\/sv\/wp-json\/wp\/v2\/comments?post=287227"}],"wp:featuredmedia":[{"embeddable":true,"href":"https:\/\/www.huntersfriend.eu\/sv\/wp-json\/wp\/v2\/media\/260745"}],"wp:attachment":[{"href":"https:\/\/www.huntersfriend.eu\/sv\/wp-json\/wp\/v2\/media?parent=287227"}],"wp:term":[{"taxonomy":"product_brand","embeddable":true,"href":"https:\/\/www.huntersfriend.eu\/sv\/wp-json\/wp\/v2\/product_brand?post=287227"},{"taxonomy":"product_cat","embeddable":true,"href":"https:\/\/www.huntersfriend.eu\/sv\/wp-json\/wp\/v2\/product_cat?post=287227"},{"taxonomy":"product_tag","embeddable":true,"href":"https:\/\/www.huntersfriend.eu\/sv\/wp-json\/wp\/v2\/product_tag?post=287227"}],"curies":[{"name":"wp","href":"https:\/\/api.w.org\/{rel}","templated":true}]}}