{"id":287226,"date":"2023-03-16T13:14:35","date_gmt":"2023-03-16T11:14:35","guid":{"rendered":"https:\/\/www.huntersfriend.eu\/product\/eberlestock-reservspanneset\/"},"modified":"2025-08-26T14:49:02","modified_gmt":"2025-08-26T12:49:02","slug":"eberlestock-reservspanneset","status":"publish","type":"product","link":"https:\/\/www.huntersfriend.eu\/sv\/produkt\/eberlestock-reservspanneset\/","title":{"rendered":"Eberlestock reservsp\u00e4nneset"},"content":{"rendered":"<p>Set med 5 sp\u00e4nnen som \u00e4r vanligast p\u00e5 Eberlestock-ryggs\u00e4ckar:<\/p>\n<p>(1) 50 mm<\/p>\n<p>(2) 38 mm<\/p>\n<p>(2) 25 mm.<\/p>\n<p>(HD Heavy Duty). Finns endast i f\u00e4rgen Dry Earth. <\/p>\n","protected":false},"excerpt":{"rendered":"<p>Set med 5 sp\u00e4nnen som \u00e4r vanligast p\u00e5 Eberlestock-ryggs\u00e4ckar: (1) 50 mm (2) 38 mm (2) 25 mm. (HD Heavy Duty). Finns endast i f\u00e4rgen Dry Earth.<\/p>\n","protected":false},"featured_media":246478,"comment_status":"open","ping_status":"closed","template":"","meta":[],"product_brand":[],"product_cat":[2565,2566],"product_tag":[],"class_list":{"0":"post-287226","1":"product","2":"type-product","3":"status-publish","4":"has-post-thumbnail","6":"product_cat-jaktryggsackar","7":"product_cat-jaktvaskor","9":"first","10":"instock","11":"taxable","12":"shipping-taxable","13":"purchasable","14":"product-type-simple"},"composite_virtual":false,"composite_layout":"","composite_add_to_cart_form_location":"","composite_editable_in_cart":false,"composite_sold_individually_context":"","composite_shop_price_calc":"","composite_components":[],"composite_scenarios":[],"group_of_quantity":0,"min_quantity":0,"max_quantity":"","exclude_order_quantity_value_rules":"no","exclude_category_quantity_rules":"no","combine_variations":"no","exclude_global_add_ons":[],"addons":[],"_links":{"self":[{"href":"https:\/\/www.huntersfriend.eu\/sv\/wp-json\/wp\/v2\/product\/287226","targetHints":{"allow":["GET"]}}],"collection":[{"href":"https:\/\/www.huntersfriend.eu\/sv\/wp-json\/wp\/v2\/product"}],"about":[{"href":"https:\/\/www.huntersfriend.eu\/sv\/wp-json\/wp\/v2\/types\/product"}],"replies":[{"embeddable":true,"href":"https:\/\/www.huntersfriend.eu\/sv\/wp-json\/wp\/v2\/comments?post=287226"}],"wp:featuredmedia":[{"embeddable":true,"href":"https:\/\/www.huntersfriend.eu\/sv\/wp-json\/wp\/v2\/media\/246478"}],"wp:attachment":[{"href":"https:\/\/www.huntersfriend.eu\/sv\/wp-json\/wp\/v2\/media?parent=287226"}],"wp:term":[{"taxonomy":"product_brand","embeddable":true,"href":"https:\/\/www.huntersfriend.eu\/sv\/wp-json\/wp\/v2\/product_brand?post=287226"},{"taxonomy":"product_cat","embeddable":true,"href":"https:\/\/www.huntersfriend.eu\/sv\/wp-json\/wp\/v2\/product_cat?post=287226"},{"taxonomy":"product_tag","embeddable":true,"href":"https:\/\/www.huntersfriend.eu\/sv\/wp-json\/wp\/v2\/product_tag?post=287226"}],"curies":[{"name":"wp","href":"https:\/\/api.w.org\/{rel}","templated":true}]}}