{"id":287225,"date":"2023-03-16T13:14:47","date_gmt":"2023-03-16T11:14:47","guid":{"rendered":"https:\/\/www.huntersfriend.eu\/product\/alps-outdoorz-flytande-deluxe-blind-bag-standard\/"},"modified":"2025-08-26T14:49:01","modified_gmt":"2025-08-26T12:49:01","slug":"alps-outdoorz-flytande-deluxe-blind-bag-standard","status":"publish","type":"product","link":"https:\/\/www.huntersfriend.eu\/sv\/produkt\/alps-outdoorz-flytande-deluxe-blind-bag-standard\/","title":{"rendered":"Alps outdoorz flytande deluxe blind bag standard"},"content":{"rendered":"<p>F\u00e4rg \u2013 mossig ek, skugggr\u00e4s, habitat<\/p>\n<p>The Floating Deluxe Blind Bag har designats med en m\u00e4ngd praktiska funktioner, som t.ex. l\u00f6stagbara innerfack, en genomskinlig v\u00e4rdesaksficka f\u00f6r din mobiltelefon och andra tillbeh\u00f6r, och ett h\u00e5rt solglas\u00f6gonfodral. Huvudfacket \u00e4r tillverkat av icke-absorberande, sluten cellskum och f\u00f6rseglat med ett vattent\u00e4tt membran som h\u00e5ller din utrustning torr n\u00e4r du sitter i vatten eller lera. V\u00e4skan har ocks\u00e5 en m\u00e4ngd fickor f\u00f6r att ge dig otaliga organisationsalternativ, samt en termos- och jack\u00e4rm p\u00e5 toppen. The Floating Deluxe Blind Bag har ocks\u00e5 ett vadderat b\u00e4rhandtag och axelrem f\u00f6r att g\u00f6ra transporten av din utrustning stressfri.   <\/p>\n<p>\u2022 Vattent\u00e4tt f\u00f6rseglat membran f\u00f6r huvudfacket<\/p>\n<p>\u2022 H\u00e5ll dina v\u00e4rdesaker n\u00e4ra och s\u00e4kra med den extra genomskinliga v\u00e4rdesaksfickan med dragkedja p\u00e5 insidan av locket<\/p>\n<p>\u2022 Icke-absorberande sluten cellskum<\/p>\n<p>\u2022 L\u00f6stagbara innerfack<\/p>\n<p>\u2022 H\u00e5rt solglas\u00f6gonfodral<\/p>\n<p>\u2022 Fickor fram och p\u00e5 sidan erbjuder otaliga organisationsm\u00f6jligheter<\/p>\n<p>\u2022 Termos\/jack\u00e4rm p\u00e5 toppen<\/p>\n<p>\u2022 Termosficka p\u00e5 sidan<\/p>\n<p>\u2022 B\u00e4rhandtag och vadderad axelrem<\/p>\n<table border=\"3\">\n<tbody>\n<tr>\n<th colspan=\"2\">Standard<\/th>\n<\/tr>\n<tr align=\"CENTER\">\n<td><b>M\u00e5tt<\/b><\/td>\n<td>8&#8243; H x 12&#8243; W x 9&#8243; D<\/td>\n<\/tr>\n<tr align=\"CENTER\">\n<td><b>Vikt<\/b><\/td>\n<td>3 lbs. 2 oz. <\/td>\n<\/tr>\n<tr>\n<th colspan=\"2\">Large<\/th>\n<\/tr>\n<tr align=\"CENTER\">\n<td><b>M\u00e5tt<\/b><\/td>\n<td>9&#8243; H x 14&#8243; W x 11&#8243; D<\/td>\n<\/tr>\n<tr align=\"CENTER\">\n<td><b>Vikt<\/b><\/td>\n<td>4 lbs. 2 oz. <\/td>\n<\/tr>\n<\/tbody>\n<\/table>\n","protected":false},"excerpt":{"rendered":"<p>Mossy oak shadow grass habitat<\/p>\n","protected":false},"featured_media":250461,"comment_status":"open","ping_status":"closed","template":"","meta":[],"product_brand":[],"product_cat":[2566],"product_tag":[],"class_list":{"0":"post-287225","1":"product","2":"type-product","3":"status-publish","4":"has-post-thumbnail","6":"product_cat-jaktvaskor","8":"first","9":"outofstock","10":"taxable","11":"shipping-taxable","12":"purchasable","13":"product-type-simple"},"composite_virtual":false,"composite_layout":"","composite_add_to_cart_form_location":"","composite_editable_in_cart":false,"composite_sold_individually_context":"","composite_shop_price_calc":"","composite_components":[],"composite_scenarios":[],"group_of_quantity":0,"min_quantity":0,"max_quantity":"","exclude_order_quantity_value_rules":"no","exclude_category_quantity_rules":"no","combine_variations":"no","exclude_global_add_ons":[],"addons":[],"_links":{"self":[{"href":"https:\/\/www.huntersfriend.eu\/sv\/wp-json\/wp\/v2\/product\/287225","targetHints":{"allow":["GET"]}}],"collection":[{"href":"https:\/\/www.huntersfriend.eu\/sv\/wp-json\/wp\/v2\/product"}],"about":[{"href":"https:\/\/www.huntersfriend.eu\/sv\/wp-json\/wp\/v2\/types\/product"}],"replies":[{"embeddable":true,"href":"https:\/\/www.huntersfriend.eu\/sv\/wp-json\/wp\/v2\/comments?post=287225"}],"wp:featuredmedia":[{"embeddable":true,"href":"https:\/\/www.huntersfriend.eu\/sv\/wp-json\/wp\/v2\/media\/250461"}],"wp:attachment":[{"href":"https:\/\/www.huntersfriend.eu\/sv\/wp-json\/wp\/v2\/media?parent=287225"}],"wp:term":[{"taxonomy":"product_brand","embeddable":true,"href":"https:\/\/www.huntersfriend.eu\/sv\/wp-json\/wp\/v2\/product_brand?post=287225"},{"taxonomy":"product_cat","embeddable":true,"href":"https:\/\/www.huntersfriend.eu\/sv\/wp-json\/wp\/v2\/product_cat?post=287225"},{"taxonomy":"product_tag","embeddable":true,"href":"https:\/\/www.huntersfriend.eu\/sv\/wp-json\/wp\/v2\/product_tag?post=287225"}],"curies":[{"name":"wp","href":"https:\/\/api.w.org\/{rel}","templated":true}]}}