{"id":287224,"date":"2023-03-16T13:14:33","date_gmt":"2023-03-16T11:14:33","guid":{"rendered":"https:\/\/www.huntersfriend.eu\/product\/mammoth-ranger-65-kylbox\/"},"modified":"2025-08-26T14:49:00","modified_gmt":"2025-08-26T12:49:00","slug":"mammoth-ranger-65-kylbox","status":"publish","type":"product","link":"https:\/\/www.huntersfriend.eu\/sv\/produkt\/mammoth-ranger-65-kylbox\/","title":{"rendered":"Mammoth Ranger 65 kylbox"},"content":{"rendered":"<p>F\u00e4rg \u2013 Tan<\/p>\n<p>Perfekt f\u00f6r de tillf\u00e4llen d\u00e5 du beh\u00f6ver ha gott om kall mat och dryck borta fr\u00e5n hemmet. Utm\u00e4rkt f\u00f6r fotbollsturneringar eller en dag vid sj\u00f6n. Storleken \u00e4r perfekt f\u00f6r vattenflaskor, sportdrycker, sm\u00f6rg\u00e5sar och snacks. Var s\u00e4ker p\u00e5 att du kommer att kunna h\u00e5lla dina saker kalla \u00e4ven under de varmaste dagarna p\u00e5 sommaren. Perfekt f\u00f6r jakt och fiske ocks\u00e5!!    <\/p>\n<h4><strong>SPECIFIKATIONER<\/strong><\/h4>\n<p>Kapacitet: 65 quart (61,5 liter) \u2013 54 burkar<br \/>\nM\u00e5tt: 25\u2033 l\u00e4ngd x 19\u2033 bredd x 17,5\u2033 djup (63,5 cm x 48,26 cm x 44,5 cm)<\/p>\n<div class=\"vc_row wpb_row vc_row-fluid\">\n<div class=\"wpb_column vc_column_container vc_col-sm-6\">\n<div class=\"vc_column-inner\">\n<div class=\"wpb_wrapper\">\n<div class=\"wpb_text_column wpb_content_element \">\n<div class=\"wpb_wrapper\">\n<ul>\n<li>Dubbelv\u00e4ggig rotationsgjuten konstruktion<\/li>\n<li>Frysklassad lockpackning<\/li>\n<li>Inbyggt g\u00e5ngj\u00e4rnssystem i rostfritt st\u00e5l<\/li>\n<li>Kraftigt avloppssystem<\/li>\n<li>Starka gummil\u00e5s<\/li>\n<li>Tjocka halkfria gummif\u00f6tter<\/li>\n<li>Isbevarande: upp till 7-10 dagar<\/li>\n<\/ul>\n<\/div>\n<\/div>\n<\/div>\n<\/div>\n<\/div>\n<div class=\"wpb_column vc_column_container vc_col-sm-6\">\n<div class=\"vc_column-inner\">\n<div class=\"wpb_wrapper\">\n<div class=\"wpb_text_column wpb_content_element \">\n<div class=\"wpb_wrapper\"><\/div>\n<\/div>\n<\/div>\n<\/div>\n<\/div>\n<\/div>\n<h4><strong>PERFEKT F\u00d6R<\/strong><\/h4>\n<p>Husbil eller RV \u2013 helgturneringar \u2013 sm\u00e5viltsjakt \u2013 flottf\u00e4rder \u2013 fiskeb\u00e5t<\/p>\n","protected":false},"excerpt":{"rendered":"<p>F\u00e4rg \u2013 Tan Perfekt f\u00f6r de tillf\u00e4llen d\u00e5 du beh\u00f6ver ha gott om kall mat och dryck borta fr\u00e5n hemmet. Utm\u00e4rkt f\u00f6r fotbollsturneringar eller en dag vid sj\u00f6n. Storleken \u00e4r perfekt f\u00f6r vattenflaskor, sportdrycker, sm\u00f6rg\u00e5sar och snacks. Var s\u00e4ker p\u00e5 att du kommer att kunna h\u00e5lla dina saker kalla \u00e4ven under de varmaste dagarna p\u00e5 [&#8230;]\n","protected":false},"featured_media":246122,"comment_status":"open","ping_status":"closed","template":"","meta":[],"product_brand":[],"product_cat":[2877],"product_tag":[],"class_list":{"0":"post-287224","1":"product","2":"type-product","3":"status-publish","4":"has-post-thumbnail","6":"product_cat-kylboxar","7":"product_shipping_class-big-sv","9":"first","10":"instock","11":"taxable","12":"shipping-taxable","13":"purchasable","14":"product-type-simple"},"composite_virtual":false,"composite_layout":"","composite_add_to_cart_form_location":"","composite_editable_in_cart":false,"composite_sold_individually_context":"","composite_shop_price_calc":"","composite_components":[],"composite_scenarios":[],"group_of_quantity":0,"min_quantity":0,"max_quantity":"","exclude_order_quantity_value_rules":"no","exclude_category_quantity_rules":"no","combine_variations":"no","exclude_global_add_ons":[],"addons":[],"_links":{"self":[{"href":"https:\/\/www.huntersfriend.eu\/sv\/wp-json\/wp\/v2\/product\/287224","targetHints":{"allow":["GET"]}}],"collection":[{"href":"https:\/\/www.huntersfriend.eu\/sv\/wp-json\/wp\/v2\/product"}],"about":[{"href":"https:\/\/www.huntersfriend.eu\/sv\/wp-json\/wp\/v2\/types\/product"}],"replies":[{"embeddable":true,"href":"https:\/\/www.huntersfriend.eu\/sv\/wp-json\/wp\/v2\/comments?post=287224"}],"wp:featuredmedia":[{"embeddable":true,"href":"https:\/\/www.huntersfriend.eu\/sv\/wp-json\/wp\/v2\/media\/246122"}],"wp:attachment":[{"href":"https:\/\/www.huntersfriend.eu\/sv\/wp-json\/wp\/v2\/media?parent=287224"}],"wp:term":[{"taxonomy":"product_brand","embeddable":true,"href":"https:\/\/www.huntersfriend.eu\/sv\/wp-json\/wp\/v2\/product_brand?post=287224"},{"taxonomy":"product_cat","embeddable":true,"href":"https:\/\/www.huntersfriend.eu\/sv\/wp-json\/wp\/v2\/product_cat?post=287224"},{"taxonomy":"product_tag","embeddable":true,"href":"https:\/\/www.huntersfriend.eu\/sv\/wp-json\/wp\/v2\/product_tag?post=287224"}],"curies":[{"name":"wp","href":"https:\/\/api.w.org\/{rel}","templated":true}]}}