{"id":287216,"date":"2023-03-16T12:59:52","date_gmt":"2023-03-16T10:59:52","guid":{"rendered":"https:\/\/www.huntersfriend.eu\/product\/buck-gardner-c3-dubbel-vass-rodand-anrop\/"},"modified":"2025-08-26T14:48:55","modified_gmt":"2025-08-26T12:48:55","slug":"buck-gardner-c3-dubbel-vass-rodand-anrop","status":"publish","type":"product","link":"https:\/\/www.huntersfriend.eu\/sv\/produkt\/buck-gardner-c3-dubbel-vass-rodand-anrop\/","title":{"rendered":"Buck Gardner C3 dubbel vass r\u00f6dand anrop"},"content":{"rendered":"<p>C3 \u00e4r ett allround-anrop med medelh\u00f6g volym och ton med bara lite skrammel inbyggt. Detta anrop \u00e4r baserat p\u00e5 en av Bucks ursprungliga tonplattor. <\/p>\n<p><strong><em>Komfortbelagd svart<\/em><\/strong> \u2013 V\u00e5r unika bel\u00e4ggningsteknik f\u00f6r \u00f6verl\u00e4gsen komfort, kontroll och d\u00f6ljande. Detta anrop \u00e4r mjukt vid ber\u00f6ring med f\u00f6rb\u00e4ttrat grepp. Den matta finishen eliminerar bl\u00e4ndning i f\u00e4lt.  <\/p>\n","protected":false},"excerpt":{"rendered":"<p>klar\/r\u00f6k<\/p>\n","protected":false},"featured_media":250696,"comment_status":"open","ping_status":"closed","template":"","meta":[],"product_brand":[],"product_cat":[2804],"product_tag":[],"class_list":{"0":"post-287216","1":"product","2":"type-product","3":"status-publish","4":"has-post-thumbnail","6":"product_cat-andlockbeten","8":"first","9":"instock","10":"taxable","11":"shipping-taxable","12":"purchasable","13":"product-type-simple"},"composite_virtual":false,"composite_layout":"","composite_add_to_cart_form_location":"","composite_editable_in_cart":false,"composite_sold_individually_context":"","composite_shop_price_calc":"","composite_components":[],"composite_scenarios":[],"group_of_quantity":0,"min_quantity":0,"max_quantity":"","exclude_order_quantity_value_rules":"no","exclude_category_quantity_rules":"no","combine_variations":"no","exclude_global_add_ons":[],"addons":[],"_links":{"self":[{"href":"https:\/\/www.huntersfriend.eu\/sv\/wp-json\/wp\/v2\/product\/287216","targetHints":{"allow":["GET"]}}],"collection":[{"href":"https:\/\/www.huntersfriend.eu\/sv\/wp-json\/wp\/v2\/product"}],"about":[{"href":"https:\/\/www.huntersfriend.eu\/sv\/wp-json\/wp\/v2\/types\/product"}],"replies":[{"embeddable":true,"href":"https:\/\/www.huntersfriend.eu\/sv\/wp-json\/wp\/v2\/comments?post=287216"}],"wp:featuredmedia":[{"embeddable":true,"href":"https:\/\/www.huntersfriend.eu\/sv\/wp-json\/wp\/v2\/media\/250696"}],"wp:attachment":[{"href":"https:\/\/www.huntersfriend.eu\/sv\/wp-json\/wp\/v2\/media?parent=287216"}],"wp:term":[{"taxonomy":"product_brand","embeddable":true,"href":"https:\/\/www.huntersfriend.eu\/sv\/wp-json\/wp\/v2\/product_brand?post=287216"},{"taxonomy":"product_cat","embeddable":true,"href":"https:\/\/www.huntersfriend.eu\/sv\/wp-json\/wp\/v2\/product_cat?post=287216"},{"taxonomy":"product_tag","embeddable":true,"href":"https:\/\/www.huntersfriend.eu\/sv\/wp-json\/wp\/v2\/product_tag?post=287216"}],"curies":[{"name":"wp","href":"https:\/\/api.w.org\/{rel}","templated":true}]}}