{"id":287215,"date":"2023-03-16T12:59:43","date_gmt":"2023-03-16T10:59:43","guid":{"rendered":"https:\/\/www.huntersfriend.eu\/product\/sitka-traverse-hangselbyxa-subalpin\/"},"modified":"2025-08-26T14:48:55","modified_gmt":"2025-08-26T12:48:55","slug":"sitka-traverse-hangselbyxa-subalpin","status":"publish","type":"product","link":"https:\/\/www.huntersfriend.eu\/sv\/produkt\/sitka-traverse-hangselbyxa-subalpin\/","title":{"rendered":"SITKA Traverse-h\u00e4ngselbyxa, subalpin"},"content":{"rendered":"<p>Traverse-h\u00e4ngselbyxan kombinerar komfort, prestanda och v\u00e4rme, och ger m\u00e5ngsidighet till ditt SITKA-system. Oavsett om du tillbringar dina dagar i skogen, uppe i ett tr\u00e4dstativ eller ute p\u00e5 \u00e5krarna, \u00e4r dessa byxor utformade f\u00f6r att eliminera distraktionen av obehag. Traverse \u00e4r tillverkad av tyger gjorda av \u00e5tervunna material och har ett ultratyst stickat polyestertyg som har en slitstark vattenavvisande finish f\u00f6r att skydda dig fr\u00e5n v\u00e4der och lera.  <\/p>\n<p>Ultratyst stickat polyestermaterial med Berber-fleeceinsida med h\u00f6g lugg<\/p>\n<p>Kartlagd mellantung fleecepanel p\u00e5 baksidan f\u00f6r komfort och r\u00f6rlighet<\/p>\n<p>Milj\u00f6medvetet tyg tillverkat av \u00e5tervunna material<\/p>\n<p>Slitstark vattenavvisande finish st\u00f6ter bort l\u00e4tt nederb\u00f6rd och hindrar tyget fr\u00e5n att bli bl\u00f6tt<\/p>\n<p>L\u00e5gprofilerade h\u00e4ngslen som man st\u00e4ller in en g\u00e5ng och sedan gl\u00f6mmer, eliminerar behovet av konstant justering<\/p>\n<p>Sidodragkedjor i full l\u00e4ngd f\u00f6r ventilation och enkel p\u00e5- och avtagning medan du b\u00e4r st\u00f6vlar<\/p>\n<p>Handv\u00e4rmarficka i Berber-fleece med h\u00f6g loft<\/p>\n<p>Handfickor och benfickor med dragkedja<\/p>\n<p>Total vikt: 935,53 gr.<\/p>\n","protected":false},"excerpt":{"rendered":"<p>Traverse-h\u00e4ngselbyxan kombinerar komfort, prestanda och v\u00e4rme, och ger m\u00e5ngsidighet till ditt SITKA-system. Oavsett om du tillbringar dina dagar i skogen, uppe i ett tr\u00e4dstativ eller ute p\u00e5 \u00e5krarna, \u00e4r dessa byxor utformade f\u00f6r att eliminera distraktionen av obehag. Traverse \u00e4r tillverkad av tyger gjorda av \u00e5tervunna material och har ett ultratyst stickat polyestertyg som har [&#8230;]\n","protected":false},"featured_media":257691,"comment_status":"open","ping_status":"closed","template":"","meta":[],"product_brand":[],"product_cat":[878],"product_tag":[],"class_list":{"0":"post-287215","1":"product","2":"type-product","3":"status-publish","4":"has-post-thumbnail","6":"product_cat-uncategorized-sv","8":"first","9":"outofstock","10":"taxable","11":"shipping-taxable","12":"purchasable","13":"product-type-variable"},"composite_virtual":false,"composite_layout":"","composite_add_to_cart_form_location":"","composite_editable_in_cart":false,"composite_sold_individually_context":"","composite_shop_price_calc":"","composite_components":[],"composite_scenarios":[],"group_of_quantity":0,"min_quantity":0,"max_quantity":"","exclude_order_quantity_value_rules":"no","exclude_category_quantity_rules":"no","combine_variations":"no","exclude_global_add_ons":[],"addons":[],"_links":{"self":[{"href":"https:\/\/www.huntersfriend.eu\/sv\/wp-json\/wp\/v2\/product\/287215","targetHints":{"allow":["GET"]}}],"collection":[{"href":"https:\/\/www.huntersfriend.eu\/sv\/wp-json\/wp\/v2\/product"}],"about":[{"href":"https:\/\/www.huntersfriend.eu\/sv\/wp-json\/wp\/v2\/types\/product"}],"replies":[{"embeddable":true,"href":"https:\/\/www.huntersfriend.eu\/sv\/wp-json\/wp\/v2\/comments?post=287215"}],"wp:featuredmedia":[{"embeddable":true,"href":"https:\/\/www.huntersfriend.eu\/sv\/wp-json\/wp\/v2\/media\/257691"}],"wp:attachment":[{"href":"https:\/\/www.huntersfriend.eu\/sv\/wp-json\/wp\/v2\/media?parent=287215"}],"wp:term":[{"taxonomy":"product_brand","embeddable":true,"href":"https:\/\/www.huntersfriend.eu\/sv\/wp-json\/wp\/v2\/product_brand?post=287215"},{"taxonomy":"product_cat","embeddable":true,"href":"https:\/\/www.huntersfriend.eu\/sv\/wp-json\/wp\/v2\/product_cat?post=287215"},{"taxonomy":"product_tag","embeddable":true,"href":"https:\/\/www.huntersfriend.eu\/sv\/wp-json\/wp\/v2\/product_tag?post=287215"}],"curies":[{"name":"wp","href":"https:\/\/api.w.org\/{rel}","templated":true}]}}