{"id":287211,"date":"2023-03-16T12:59:52","date_gmt":"2023-03-16T10:59:52","guid":{"rendered":"https:\/\/www.huntersfriend.eu\/product\/buck-gardner-tall-timber-enkel-ror-vasslockpipa\/"},"modified":"2025-08-26T14:48:55","modified_gmt":"2025-08-26T12:48:55","slug":"buck-gardner-tall-timber-enkel-ror-vasslockpipa","status":"publish","type":"product","link":"https:\/\/www.huntersfriend.eu\/sv\/produkt\/buck-gardner-tall-timber-enkel-ror-vasslockpipa\/","title":{"rendered":"Buck Gardner Tall Timber enkel r\u00f6r vasslockpipa"},"content":{"rendered":"<p>En enkel r\u00f6r polykarbonatpipa som \u00e4r f\u00f6dd i \u00f6versv\u00e4mmad gr\u00f6n timmer. Tall Timber \u00e4r gjord f\u00f6r skallande hagelrop och aggressivt matningsprat f\u00f6r att f\u00e5nga deras uppm\u00e4rksamhet och locka ner ankor genom tr\u00e4den. <\/p>\n<p>Oavsett om du t\u00e4vlar om allm\u00e4nna markankor i timmer eller om du har ditt eget skogsomr\u00e5de, har Tall Timber det aggressiva, hesa ljudet du beh\u00f6ver f\u00f6r att sticka ut.<\/p>\n","protected":false},"excerpt":{"rendered":"<p>Bl\u00e5<\/p>\n","protected":false},"featured_media":250700,"comment_status":"open","ping_status":"closed","template":"","meta":[],"product_brand":[],"product_cat":[2804],"product_tag":[],"class_list":{"0":"post-287211","1":"product","2":"type-product","3":"status-publish","4":"has-post-thumbnail","6":"product_cat-andlockbeten","8":"first","9":"outofstock","10":"taxable","11":"shipping-taxable","12":"purchasable","13":"product-type-simple"},"composite_virtual":false,"composite_layout":"","composite_add_to_cart_form_location":"","composite_editable_in_cart":false,"composite_sold_individually_context":"","composite_shop_price_calc":"","composite_components":[],"composite_scenarios":[],"group_of_quantity":0,"min_quantity":0,"max_quantity":"","exclude_order_quantity_value_rules":"no","exclude_category_quantity_rules":"no","combine_variations":"no","exclude_global_add_ons":[],"addons":[],"_links":{"self":[{"href":"https:\/\/www.huntersfriend.eu\/sv\/wp-json\/wp\/v2\/product\/287211","targetHints":{"allow":["GET"]}}],"collection":[{"href":"https:\/\/www.huntersfriend.eu\/sv\/wp-json\/wp\/v2\/product"}],"about":[{"href":"https:\/\/www.huntersfriend.eu\/sv\/wp-json\/wp\/v2\/types\/product"}],"replies":[{"embeddable":true,"href":"https:\/\/www.huntersfriend.eu\/sv\/wp-json\/wp\/v2\/comments?post=287211"}],"wp:featuredmedia":[{"embeddable":true,"href":"https:\/\/www.huntersfriend.eu\/sv\/wp-json\/wp\/v2\/media\/250700"}],"wp:attachment":[{"href":"https:\/\/www.huntersfriend.eu\/sv\/wp-json\/wp\/v2\/media?parent=287211"}],"wp:term":[{"taxonomy":"product_brand","embeddable":true,"href":"https:\/\/www.huntersfriend.eu\/sv\/wp-json\/wp\/v2\/product_brand?post=287211"},{"taxonomy":"product_cat","embeddable":true,"href":"https:\/\/www.huntersfriend.eu\/sv\/wp-json\/wp\/v2\/product_cat?post=287211"},{"taxonomy":"product_tag","embeddable":true,"href":"https:\/\/www.huntersfriend.eu\/sv\/wp-json\/wp\/v2\/product_tag?post=287211"}],"curies":[{"name":"wp","href":"https:\/\/api.w.org\/{rel}","templated":true}]}}