{"id":287210,"date":"2023-03-16T12:59:41","date_gmt":"2023-03-16T10:59:41","guid":{"rendered":"https:\/\/www.huntersfriend.eu\/product\/sitka-mountain-ws-handskar-subalpine\/"},"modified":"2025-08-26T14:48:54","modified_gmt":"2025-08-26T12:48:54","slug":"sitka-mountain-ws-handskar-subalpine","status":"publish","type":"product","link":"https:\/\/www.huntersfriend.eu\/sv\/produkt\/sitka-mountain-ws-handskar-subalpine\/","title":{"rendered":"SITKA mountain WS-handskar subalpine"},"content":{"rendered":"<p>Mountain GORE-TEX INFINIUM\u2122 med WINDSTOPPER\u00ae-handsken \u00e4r diskret och smidig och h\u00e5ller fingrarna varma under mellans\u00e4songen. Ett h\u00f6lje av Pittard&#8217;s Oiltac-l\u00e4der och robust nylon ger ett bra grepp, medan GORE-TEX INFINIUM\u2122 med WINDSTOPPER\u00ae-inl\u00e4gg och ett loftat micro-check fleecefoder skyddar mot h\u00f6stens kyla. <\/p>\n<p>GORE\u2122 OPTIFADE\u2122 Concealment Subalpine \u00e4r designad f\u00f6r att f\u00f6rf\u00f6lja och \u00f6verfalla hovdjur fr\u00e5n markniv\u00e5 i tr\u00e4dt\u00e4ckt och vegeterad terr\u00e4ng.<\/p>\n<p>GORE\u2122 OPTIFADE\u2122 Concealment Open Country \u00e4r vetenskapligt optimerad f\u00f6r avst\u00e5nd p\u00e5 50 yards och l\u00e4ngre p\u00e5 markniv\u00e5 i stenig terr\u00e4ng ovanf\u00f6r tr\u00e4dgr\u00e4nsen.<\/p>\n<p>Vikt: 138,91 g<\/p>\n<p>Material: GORE-TEX INFINIUM\u2122 med WINDSTOPPER\u00ae Technology-inl\u00e4gg, 54 % nylon framsida, 46 % 230-grams 17,5 Micron Merinoull interi\u00f6r.<\/p>\n<p>Slitstark vattenavvisande finish som motst\u00e5r l\u00e4tt nederb\u00f6rd och f\u00f6rhindrar att det yttre tyget blir bl\u00f6tt.<\/p>\n<p>L\u00e4derdragflik: Slitstark l\u00e4derdragflik g\u00f6r dem l\u00e4tta att ta p\u00e5 och av.<\/p>\n<p>Pittard&#8217;s Oiltac-l\u00e4derhandflator: H\u00f6ggreppsl\u00e4der i handflatan ger dig fullst\u00e4ndig kontroll \u00f6ver ditt vapen.<\/p>\n<p>GORE-TEX INFINIUM\u2122 med WINDSTOPPER\u00ae: Ger ett komplett vindt\u00e4tt skydd genom ett slitstarkt, l\u00e4tt och ventilerande membran.<\/p>\n","protected":false},"excerpt":{"rendered":"<p>Mountain GORE-TEX INFINIUM\u2122 med WINDSTOPPER\u00ae-handsken \u00e4r diskret och smidig och h\u00e5ller fingrarna varma under mellans\u00e4songen. Ett h\u00f6lje av Pittard&#8217;s Oiltac-l\u00e4der och robust nylon ger ett bra grepp, medan GORE-TEX INFINIUM\u2122 med WINDSTOPPER\u00ae-inl\u00e4gg och ett loftat micro-check fleecefoder skyddar mot h\u00f6stens kyla. GORE\u2122 OPTIFADE\u2122 Concealment Subalpine \u00e4r designad f\u00f6r att f\u00f6rf\u00f6lja och \u00f6verfalla hovdjur fr\u00e5n markniv\u00e5 [&#8230;]\n","protected":false},"featured_media":257713,"comment_status":"open","ping_status":"closed","template":"","meta":[],"product_brand":[],"product_cat":[2765,2809],"product_tag":[],"class_list":{"0":"post-287210","1":"product","2":"type-product","3":"status-publish","4":"has-post-thumbnail","6":"product_cat-fyndlada-slutrea","7":"product_cat-handskar","9":"first","10":"instock","11":"sale","12":"taxable","13":"shipping-taxable","14":"purchasable","15":"product-type-variable"},"composite_virtual":false,"composite_layout":"","composite_add_to_cart_form_location":"","composite_editable_in_cart":false,"composite_sold_individually_context":"","composite_shop_price_calc":"","composite_components":[],"composite_scenarios":[],"group_of_quantity":0,"min_quantity":0,"max_quantity":"","exclude_order_quantity_value_rules":"no","exclude_category_quantity_rules":"no","combine_variations":"no","exclude_global_add_ons":[],"addons":[],"_links":{"self":[{"href":"https:\/\/www.huntersfriend.eu\/sv\/wp-json\/wp\/v2\/product\/287210","targetHints":{"allow":["GET"]}}],"collection":[{"href":"https:\/\/www.huntersfriend.eu\/sv\/wp-json\/wp\/v2\/product"}],"about":[{"href":"https:\/\/www.huntersfriend.eu\/sv\/wp-json\/wp\/v2\/types\/product"}],"replies":[{"embeddable":true,"href":"https:\/\/www.huntersfriend.eu\/sv\/wp-json\/wp\/v2\/comments?post=287210"}],"wp:featuredmedia":[{"embeddable":true,"href":"https:\/\/www.huntersfriend.eu\/sv\/wp-json\/wp\/v2\/media\/257713"}],"wp:attachment":[{"href":"https:\/\/www.huntersfriend.eu\/sv\/wp-json\/wp\/v2\/media?parent=287210"}],"wp:term":[{"taxonomy":"product_brand","embeddable":true,"href":"https:\/\/www.huntersfriend.eu\/sv\/wp-json\/wp\/v2\/product_brand?post=287210"},{"taxonomy":"product_cat","embeddable":true,"href":"https:\/\/www.huntersfriend.eu\/sv\/wp-json\/wp\/v2\/product_cat?post=287210"},{"taxonomy":"product_tag","embeddable":true,"href":"https:\/\/www.huntersfriend.eu\/sv\/wp-json\/wp\/v2\/product_tag?post=287210"}],"curies":[{"name":"wp","href":"https:\/\/api.w.org\/{rel}","templated":true}]}}