{"id":287207,"date":"2023-03-16T12:59:51","date_gmt":"2023-03-16T10:59:51","guid":{"rendered":"https:\/\/www.huntersfriend.eu\/product\/buck-gardner-mindre-spoke\/"},"modified":"2025-08-26T14:48:54","modified_gmt":"2025-08-26T12:48:54","slug":"buck-gardner-mindre-spoke","status":"publish","type":"product","link":"https:\/\/www.huntersfriend.eu\/sv\/produkt\/buck-gardner-mindre-spoke\/","title":{"rendered":"Buck Gardner mindre sp\u00f6ke"},"content":{"rendered":"<p>Designad utifr\u00e5n Grey Ghost-formen visste vi att det skulle vara grymt att st\u00e4mma dessa som Lesser Canada Goose Calls p\u00e5 grund av callens lilla ram. Den h\u00e4r callen \u00e4r blixtsnabb och har de h\u00f6gfrekventa tutningarna och mjuka st\u00f6n och j\u00e4mmer du beh\u00f6ver n\u00e4r du riktar in dig p\u00e5 de d\u00e4r sm\u00e5 g\u00e4ssen! <\/p>\n<p>Nu tillg\u00e4nglig med tv\u00e5 alternativ f\u00f6r in\u00e4lvor! V\u00e5ra patenterade Quick-Tune\u00ae-in\u00e4lvor eller Workin&#8217; Man-in\u00e4lvor. Detta kan v\u00e4ljas ovan.  <\/p>\n<p>BG Calls forts\u00e4tter att arbeta h\u00e5rt f\u00f6r att producera de mest kostnadseffektiva och h\u00f6gkvalitativa jaktlockpiporna f\u00f6r alla j\u00e4gare sedan 1996. Med det kommer v\u00e5r livstidsgaranti fr\u00e5n alla tillverkningsfel och gratis omst\u00e4mningsservice under lockpipans hela livsl\u00e4ngd! <\/p>\n<ul>\n<li>N\u00e4stintill of\u00f6rst\u00f6rbar polykarbonat<\/li>\n<li>Kort pipdesign<\/li>\n<li>Patenterade quick-tune\u00ae-in\u00e4lvor eller Workin&#8217; Man-in\u00e4lvor<\/li>\n<li>Livstidsgaranti<\/li>\n<li>Bepr\u00f6vad<\/li>\n<\/ul>\n","protected":false},"excerpt":{"rendered":"<p>Svart<\/p>\n","protected":false},"featured_media":250704,"comment_status":"open","ping_status":"closed","template":"","meta":[],"product_brand":[],"product_cat":[2805],"product_tag":[],"class_list":{"0":"post-287207","1":"product","2":"type-product","3":"status-publish","4":"has-post-thumbnail","6":"product_cat-gaslockpipor","8":"first","9":"outofstock","10":"taxable","11":"shipping-taxable","12":"purchasable","13":"product-type-simple"},"composite_virtual":false,"composite_layout":"","composite_add_to_cart_form_location":"","composite_editable_in_cart":false,"composite_sold_individually_context":"","composite_shop_price_calc":"","composite_components":[],"composite_scenarios":[],"group_of_quantity":0,"min_quantity":0,"max_quantity":"","exclude_order_quantity_value_rules":"no","exclude_category_quantity_rules":"no","combine_variations":"no","exclude_global_add_ons":[],"addons":[],"_links":{"self":[{"href":"https:\/\/www.huntersfriend.eu\/sv\/wp-json\/wp\/v2\/product\/287207","targetHints":{"allow":["GET"]}}],"collection":[{"href":"https:\/\/www.huntersfriend.eu\/sv\/wp-json\/wp\/v2\/product"}],"about":[{"href":"https:\/\/www.huntersfriend.eu\/sv\/wp-json\/wp\/v2\/types\/product"}],"replies":[{"embeddable":true,"href":"https:\/\/www.huntersfriend.eu\/sv\/wp-json\/wp\/v2\/comments?post=287207"}],"wp:featuredmedia":[{"embeddable":true,"href":"https:\/\/www.huntersfriend.eu\/sv\/wp-json\/wp\/v2\/media\/250704"}],"wp:attachment":[{"href":"https:\/\/www.huntersfriend.eu\/sv\/wp-json\/wp\/v2\/media?parent=287207"}],"wp:term":[{"taxonomy":"product_brand","embeddable":true,"href":"https:\/\/www.huntersfriend.eu\/sv\/wp-json\/wp\/v2\/product_brand?post=287207"},{"taxonomy":"product_cat","embeddable":true,"href":"https:\/\/www.huntersfriend.eu\/sv\/wp-json\/wp\/v2\/product_cat?post=287207"},{"taxonomy":"product_tag","embeddable":true,"href":"https:\/\/www.huntersfriend.eu\/sv\/wp-json\/wp\/v2\/product_tag?post=287207"}],"curies":[{"name":"wp","href":"https:\/\/api.w.org\/{rel}","templated":true}]}}