{"id":287201,"date":"2023-03-16T12:59:40","date_gmt":"2023-03-16T10:59:40","guid":{"rendered":"https:\/\/www.huntersfriend.eu\/product\/sitka-ascent-handskar-subalpine\/"},"modified":"2025-08-26T14:48:53","modified_gmt":"2025-08-26T12:48:53","slug":"sitka-ascent-handskar-subalpine","status":"publish","type":"product","link":"https:\/\/www.huntersfriend.eu\/sv\/produkt\/sitka-ascent-handskar-subalpine\/","title":{"rendered":"SITKA ascent handskar subalpine"},"content":{"rendered":"<p>Den h\u00e4r handsken \u00e4r l\u00e4tt och har god andningsf\u00f6rm\u00e5ga och ger dig skydd, precision och hj\u00e4lper dig att h\u00e5lla dig dold n\u00e4r det verkligen g\u00e4ller. Handsken har ledande teknik i pekfingret och tummen f\u00f6r enhandsman\u00f6vrering av GPS eller telefon samt en baksida i Cordura och nylon f\u00f6r \u00f6kad h\u00e5llbarhet. <\/p>\n<p>GORE\u2122 OPTIFADE\u2122 Concealment Subalpine \u00e4r designad f\u00f6r att f\u00f6rf\u00f6lja och \u00f6verfalla hovdjur fr\u00e5n markniv\u00e5 i tr\u00e4dt\u00e4ckt och vegeterad terr\u00e4ng.<\/p>\n<p>GORE\u2122 OPTIFADE\u2122 Concealment Open Country \u00e4r vetenskapligt optimerad f\u00f6r avst\u00e5nd p\u00e5 50 yards och l\u00e4ngre p\u00e5 markniv\u00e5 i stenig terr\u00e4ng ovanf\u00f6r tr\u00e4dgr\u00e4nsen.<\/p>\n<p>Vikt: 35,44 g \/\/ Storlek L <\/p>\n<p>Material: CORDURA, Ax Suede\u2122<\/p>\n<p>Polygiene\u00ae Odor Control Technology neutraliserar s\u00e4kert lukt som orsakas av svett.<\/p>\n<p>Ledande teknik: Ledande syntetiskt l\u00e4der i tummen och pekfingret g\u00f6r att du enkelt kan anv\u00e4nda en GPS eller peksk\u00e4rm.<\/p>\n","protected":false},"excerpt":{"rendered":"<p>Den h\u00e4r handsken \u00e4r l\u00e4tt och har god andningsf\u00f6rm\u00e5ga och ger dig skydd, precision och hj\u00e4lper dig att h\u00e5lla dig dold n\u00e4r det verkligen g\u00e4ller. Handsken har ledande teknik i pekfingret och tummen f\u00f6r enhandsman\u00f6vrering av GPS eller telefon samt en baksida i Cordura och nylon f\u00f6r \u00f6kad h\u00e5llbarhet. GORE\u2122 OPTIFADE\u2122 Concealment Subalpine \u00e4r designad [&#8230;]\n","protected":false},"featured_media":257723,"comment_status":"open","ping_status":"closed","template":"","meta":[],"product_brand":[],"product_cat":[2809],"product_tag":[],"class_list":{"0":"post-287201","1":"product","2":"type-product","3":"status-publish","4":"has-post-thumbnail","6":"product_cat-handskar","8":"first","9":"instock","10":"taxable","11":"shipping-taxable","12":"purchasable","13":"product-type-variable"},"composite_virtual":false,"composite_layout":"","composite_add_to_cart_form_location":"","composite_editable_in_cart":false,"composite_sold_individually_context":"","composite_shop_price_calc":"","composite_components":[],"composite_scenarios":[],"group_of_quantity":0,"min_quantity":0,"max_quantity":"","exclude_order_quantity_value_rules":"no","exclude_category_quantity_rules":"no","combine_variations":"no","exclude_global_add_ons":[],"addons":[],"_links":{"self":[{"href":"https:\/\/www.huntersfriend.eu\/sv\/wp-json\/wp\/v2\/product\/287201","targetHints":{"allow":["GET"]}}],"collection":[{"href":"https:\/\/www.huntersfriend.eu\/sv\/wp-json\/wp\/v2\/product"}],"about":[{"href":"https:\/\/www.huntersfriend.eu\/sv\/wp-json\/wp\/v2\/types\/product"}],"replies":[{"embeddable":true,"href":"https:\/\/www.huntersfriend.eu\/sv\/wp-json\/wp\/v2\/comments?post=287201"}],"wp:featuredmedia":[{"embeddable":true,"href":"https:\/\/www.huntersfriend.eu\/sv\/wp-json\/wp\/v2\/media\/257723"}],"wp:attachment":[{"href":"https:\/\/www.huntersfriend.eu\/sv\/wp-json\/wp\/v2\/media?parent=287201"}],"wp:term":[{"taxonomy":"product_brand","embeddable":true,"href":"https:\/\/www.huntersfriend.eu\/sv\/wp-json\/wp\/v2\/product_brand?post=287201"},{"taxonomy":"product_cat","embeddable":true,"href":"https:\/\/www.huntersfriend.eu\/sv\/wp-json\/wp\/v2\/product_cat?post=287201"},{"taxonomy":"product_tag","embeddable":true,"href":"https:\/\/www.huntersfriend.eu\/sv\/wp-json\/wp\/v2\/product_tag?post=287201"}],"curies":[{"name":"wp","href":"https:\/\/api.w.org\/{rel}","templated":true}]}}