{"id":287200,"date":"2023-03-16T12:59:48","date_gmt":"2023-03-16T10:59:48","guid":{"rendered":"https:\/\/www.huntersfriend.eu\/product\/sitka-traverse-fleecejacka-subalpine\/"},"modified":"2025-08-26T14:48:52","modified_gmt":"2025-08-26T12:48:52","slug":"sitka-traverse-fleecejacka-subalpine","status":"publish","type":"product","link":"https:\/\/www.huntersfriend.eu\/sv\/produkt\/sitka-traverse-fleecejacka-subalpine\/","title":{"rendered":"SITKA Traverse fleecejacka &#8211; subalpine"},"content":{"rendered":"<p><span class=\"jCAhz ChMk0b\"><span class=\"ryNqvb\">SITKA Traverse-jackan erbjuder komfort och m\u00e5ngsidighet f\u00f6r jaktresor.<\/span><\/span> <span class=\"jCAhz ChMk0b\"><span class=\"ryNqvb\">En mycket tyst yta av polyesterstickning med en slitstark, vattenavvisande finish hj\u00e4lper till att skydda mot l\u00e4tt regn och fukt.<\/span><\/span> <span class=\"jCAhz ChMk0b\"><span class=\"ryNqvb\">Den h\u00f6ga ribbade fleeceinsidan \u00e4r bekv\u00e4m att b\u00e4ra och h\u00e5ller kroppen varm.<\/span><\/span> <span class=\"jCAhz ChMk0b\"><span class=\"ryNqvb\">L\u00e4ttare fleeceband p\u00e5 sidorna och underarmarna garanterar en bra passform.<\/span><\/span> <span class=\"jCAhz ChMk0b\"><span class=\"ryNqvb\">Sitka Traverse-jackan \u00e4r tillverkad av \u00e5tervunna material.<\/span><\/span> <span class=\"jCAhz ChMk0b\"><span class=\"ryNqvb\">SITKA Traverse Hoody \u00e4r l\u00e4tt att ta p\u00e5 och av tack vare sin gener\u00f6sa storlek och ytterligare funktioner.<\/span><\/span> <span class=\"jCAhz ChMk0b\"><span class=\"ryNqvb\">Den har tv\u00e5 fickor p\u00e5 insidan, d\u00e4r du kan f\u00f6rvara n\u00f6dv\u00e4ndiga tillbeh\u00f6r, som din telefon, nycklar och pl\u00e5nbok.<\/span><\/span> <span class=\"jCAhz ChMk0b\"><span class=\"ryNqvb\">Baksidan av v\u00e4sten har ett ventilationsmaterial som ger mer r\u00f6rlighet och f\u00f6rb\u00e4ttrar andningsf\u00f6rm\u00e5gan, \u00e4ven n\u00e4r du r\u00f6r dig.<\/span><\/span><\/p>\n<ul class=\"jsx-4143205430 space-y-4 list-disc\">\n<li class=\"jsx-4143205430 remove-marker mt-[24px] md:mt-[60px]\">\n<div class=\"feature_item\">Ultratyst stickat polyestermaterial med Berber-fleeceinsida med h\u00f6g lugg<\/div>\n<\/li>\n<li class=\"jsx-4143205430 remove-marker mt-[24px] md:mt-[60px]\">\n<div class=\"feature_item\"><\/div>\n<div class=\"feature_item\">Milj\u00f6medvetet tyg tillverkat av \u00e5tervunna material<\/div>\n<\/li>\n<li class=\"jsx-4143205430 remove-marker mt-[24px] md:mt-[60px]\">\n<div class=\"feature_item\"><\/div>\n<div class=\"feature_item\">Placerade mellanviktiga fleecepaneler p\u00e5 sidorna och underarmarna f\u00f6r optimal komfort och r\u00f6relsefrihet<\/div>\n<\/li>\n<li class=\"jsx-4143205430 remove-marker mt-[24px] md:mt-[60px]\">\n<div class=\"feature_item\"><\/div>\n<div class=\"feature_item\">Slitstark vattenavvisande finish st\u00f6ter bort l\u00e4tt nederb\u00f6rd och hindrar tyget fr\u00e5n att bli bl\u00f6tt<\/div>\n<\/li>\n<li class=\"jsx-4143205430 remove-marker mt-[24px] md:mt-[60px]\">\n<div class=\"feature_item\"><\/div>\n<div class=\"feature_item\">Hand- och br\u00f6stfickor med dragkedja ger s\u00e4ker f\u00f6rvaring<\/div>\n<\/li>\n<li class=\"jsx-4143205430 remove-marker mt-[24px] md:mt-[60px]\">\n<div class=\"feature_item\"><\/div>\n<div class=\"feature_item\">L\u00e5gprofilerade tumh\u00e5l f\u00f6r enkel lageranv\u00e4ndning<\/div>\n<\/li>\n<li class=\"jsx-4143205430 remove-marker mt-[24px] md:mt-[60px]\">\n<div class=\"feature_item\"><\/div>\n<div class=\"feature_item\">Total vikt: 737 g.<\/div>\n<\/li>\n<\/ul>\n","protected":false},"excerpt":{"rendered":"<p>SITKA Traverse-jackan erbjuder komfort och m\u00e5ngsidighet f\u00f6r jaktresor. En mycket tyst yta av polyesterstickning med en slitstark, vattenavvisande finish hj\u00e4lper till att skydda mot l\u00e4tt regn och fukt. Den h\u00f6ga ribbade fleeceinsidan \u00e4r bekv\u00e4m att b\u00e4ra och h\u00e5ller kroppen varm. L\u00e4ttare fleeceband p\u00e5 sidorna och underarmarna garanterar en bra passform. Sitka Traverse-jackan \u00e4r tillverkad av [&#8230;]\n","protected":false},"featured_media":257240,"comment_status":"open","ping_status":"closed","template":"","meta":[],"product_brand":[],"product_cat":[2741],"product_tag":[],"class_list":{"0":"post-287200","1":"product","2":"type-product","3":"status-publish","4":"has-post-thumbnail","6":"product_cat-jackor","8":"first","9":"instock","10":"taxable","11":"shipping-taxable","12":"purchasable","13":"product-type-variable"},"composite_virtual":false,"composite_layout":"","composite_add_to_cart_form_location":"","composite_editable_in_cart":false,"composite_sold_individually_context":"","composite_shop_price_calc":"","composite_components":[],"composite_scenarios":[],"group_of_quantity":0,"min_quantity":0,"max_quantity":"","exclude_order_quantity_value_rules":"no","exclude_category_quantity_rules":"no","combine_variations":"no","exclude_global_add_ons":[],"addons":[],"_links":{"self":[{"href":"https:\/\/www.huntersfriend.eu\/sv\/wp-json\/wp\/v2\/product\/287200","targetHints":{"allow":["GET"]}}],"collection":[{"href":"https:\/\/www.huntersfriend.eu\/sv\/wp-json\/wp\/v2\/product"}],"about":[{"href":"https:\/\/www.huntersfriend.eu\/sv\/wp-json\/wp\/v2\/types\/product"}],"replies":[{"embeddable":true,"href":"https:\/\/www.huntersfriend.eu\/sv\/wp-json\/wp\/v2\/comments?post=287200"}],"wp:featuredmedia":[{"embeddable":true,"href":"https:\/\/www.huntersfriend.eu\/sv\/wp-json\/wp\/v2\/media\/257240"}],"wp:attachment":[{"href":"https:\/\/www.huntersfriend.eu\/sv\/wp-json\/wp\/v2\/media?parent=287200"}],"wp:term":[{"taxonomy":"product_brand","embeddable":true,"href":"https:\/\/www.huntersfriend.eu\/sv\/wp-json\/wp\/v2\/product_brand?post=287200"},{"taxonomy":"product_cat","embeddable":true,"href":"https:\/\/www.huntersfriend.eu\/sv\/wp-json\/wp\/v2\/product_cat?post=287200"},{"taxonomy":"product_tag","embeddable":true,"href":"https:\/\/www.huntersfriend.eu\/sv\/wp-json\/wp\/v2\/product_tag?post=287200"}],"curies":[{"name":"wp","href":"https:\/\/api.w.org\/{rel}","templated":true}]}}