{"id":287196,"date":"2023-03-16T12:59:38","date_gmt":"2023-03-16T10:59:38","guid":{"rendered":"https:\/\/www.huntersfriend.eu\/product\/sitka-incinerator-flip-vante\/"},"modified":"2025-08-26T14:48:52","modified_gmt":"2025-08-26T12:48:52","slug":"sitka-incinerator-flip-vante","status":"publish","type":"product","link":"https:\/\/www.huntersfriend.eu\/sv\/produkt\/sitka-incinerator-flip-vante\/","title":{"rendered":"SITKA Incinerator flip-vante"},"content":{"rendered":"<p>Det b\u00e4sta skyddet mot domnade fingrar i bitande kyla. Incinerator Flip Mitt omsluter dina fingrar i en GORE-TEX INFINIUM-barri\u00e4r med WINDSTOPPER\u00ae-laminat, isolerad med Primaloft\u00ae Down Blend Gold. N\u00e4r du beh\u00f6ver ha fingrarna fria, f\u00e4ll bara av vanten \u2013 det v\u00e5ttryckta Micro-Fleece-yttertyget g\u00f6r den d\u00f6dligt tyst. <\/p>\n<p>GORE \u2122 OPTIFADE \u2122 Concealment Elevated II \u00e4r utformad f\u00f6r att d\u00f6lja j\u00e4gare under v\u00e4ntan p\u00e5 en konfrontation p\u00e5 n\u00e4ra h\u00e5ll, i svagt ljus eller i upph\u00f6jd position.<\/p>\n<p>Vikt: 272,15 g \/\/ Storlek L <\/p>\n<p>Material: fleece-stickad yta, polyester micro-grid fleece-stickad baksida.<\/p>\n<p>Isolering: 40 % PrimaLoft\u00ae Silver Insulation \/ 60 % 650-Fill vattenavvisande ankdun.<\/p>\n<p>Isolerad Flip Over-vante: Den isolerade flip over-vanten h\u00e5ller dina h\u00e4nder varma och avslappnade med ett 100 % vindt\u00e4tt GORE\u00ae WINDSTOPPER\u00ae-membran omgivet av PrimaLoft Gold-dunisolering.<\/p>\n<p>Artikulerade fingrar: F\u00f6r ultimat fingerf\u00e4rdighet och precision.<\/p>\n<p>Handflator i l\u00e4der: F\u00f6r extra skydd och ett halkfritt grepp.<\/p>\n<p>GORE-TEX INFINIUM\u2122 med WINDSTOPPER\u00ae: Erbjuder komplett vindt\u00e4tt skydd genom ett slitstarkt, l\u00e4tt och ventilerande membran.<\/p>\n<p>Polygiene\u00ae Odor Control Technology neutraliserar s\u00e4kert lukt som orsakas av svett.<\/p>\n","protected":false},"excerpt":{"rendered":"<p>Det b\u00e4sta skyddet mot domnade fingrar i bitande kyla. Incinerator Flip Mitt omsluter dina fingrar i en GORE-TEX INFINIUM-barri\u00e4r med WINDSTOPPER\u00ae-laminat, isolerad med Primaloft\u00ae Down Blend Gold. N\u00e4r du beh\u00f6ver ha fingrarna fria, f\u00e4ll bara av vanten \u2013 det v\u00e5ttryckta Micro-Fleece-yttertyget g\u00f6r den d\u00f6dligt tyst. GORE \u2122 OPTIFADE \u2122 Concealment Elevated II \u00e4r utformad f\u00f6r [&#8230;]\n","protected":false},"featured_media":257727,"comment_status":"open","ping_status":"closed","template":"","meta":[],"product_brand":[],"product_cat":[2765,2809],"product_tag":[],"class_list":{"0":"post-287196","1":"product","2":"type-product","3":"status-publish","4":"has-post-thumbnail","6":"product_cat-fyndlada-slutrea","7":"product_cat-handskar","9":"first","10":"outofstock","11":"sale","12":"taxable","13":"shipping-taxable","14":"purchasable","15":"product-type-variable"},"composite_virtual":false,"composite_layout":"","composite_add_to_cart_form_location":"","composite_editable_in_cart":false,"composite_sold_individually_context":"","composite_shop_price_calc":"","composite_components":[],"composite_scenarios":[],"group_of_quantity":0,"min_quantity":0,"max_quantity":"","exclude_order_quantity_value_rules":"no","exclude_category_quantity_rules":"no","combine_variations":"no","exclude_global_add_ons":[],"addons":[],"_links":{"self":[{"href":"https:\/\/www.huntersfriend.eu\/sv\/wp-json\/wp\/v2\/product\/287196","targetHints":{"allow":["GET"]}}],"collection":[{"href":"https:\/\/www.huntersfriend.eu\/sv\/wp-json\/wp\/v2\/product"}],"about":[{"href":"https:\/\/www.huntersfriend.eu\/sv\/wp-json\/wp\/v2\/types\/product"}],"replies":[{"embeddable":true,"href":"https:\/\/www.huntersfriend.eu\/sv\/wp-json\/wp\/v2\/comments?post=287196"}],"wp:featuredmedia":[{"embeddable":true,"href":"https:\/\/www.huntersfriend.eu\/sv\/wp-json\/wp\/v2\/media\/257727"}],"wp:attachment":[{"href":"https:\/\/www.huntersfriend.eu\/sv\/wp-json\/wp\/v2\/media?parent=287196"}],"wp:term":[{"taxonomy":"product_brand","embeddable":true,"href":"https:\/\/www.huntersfriend.eu\/sv\/wp-json\/wp\/v2\/product_brand?post=287196"},{"taxonomy":"product_cat","embeddable":true,"href":"https:\/\/www.huntersfriend.eu\/sv\/wp-json\/wp\/v2\/product_cat?post=287196"},{"taxonomy":"product_tag","embeddable":true,"href":"https:\/\/www.huntersfriend.eu\/sv\/wp-json\/wp\/v2\/product_tag?post=287196"}],"curies":[{"name":"wp","href":"https:\/\/api.w.org\/{rel}","templated":true}]}}