{"id":287185,"date":"2023-03-16T12:59:36","date_gmt":"2023-03-16T10:59:36","guid":{"rendered":"https:\/\/www.huntersfriend.eu\/product\/sitka-downpour-gtx-handske-elevated\/"},"modified":"2025-08-26T14:48:51","modified_gmt":"2025-08-26T12:48:51","slug":"sitka-downpour-gtx-handske-elevated","status":"publish","type":"product","link":"https:\/\/www.huntersfriend.eu\/sv\/produkt\/sitka-downpour-gtx-handske-elevated\/","title":{"rendered":"SITKA Downpour GTX-handske Elevated"},"content":{"rendered":"<p>Downpour GTX-handsken h\u00e5ller dina h\u00e4nder torra och funktionella i det bl\u00f6taste t\u00e4nkbara v\u00e4dret, med ett 100 % vattent\u00e4tt, ventilerande GORE-TEX\u00ae-membran som \u00e4r sammanfogat hela v\u00e4gen med +Grip\u2122 f\u00f6r halkfritt grepp. Ett yttre tyg av stretchv\u00e4vd polyester f\u00f6ljer dina r\u00f6relser, medan en absorberande vaddering p\u00e5 baksidan hindrar en rinnande n\u00e4sa fr\u00e5n att f\u00f6rst\u00f6ra sanningens \u00f6gonblick. <\/p>\n<p>GORE\u2122 OPTIFADE\u2122 Concealment Elevated II \u00e4r designad f\u00f6r whitetail-j\u00e4gare i en upph\u00f6jd position.<\/p>\n<p>Vikt: 158,76 g \/\/ Storlek L <\/p>\n<p>Material: Vattent\u00e4tt GORE-TEX\u00ae-laminat, 4-v\u00e4gs stretchv\u00e4vd polyester framsida med polyesterfleecefoder.<\/p>\n<p>Isolering: PrimaLoft\u00ae Gold-isolering<\/p>\n<p>Pittard&#8217;s Oiltac-l\u00e4derhandflator: H\u00f6ggreppsl\u00e4der i handflatan ger dig fullst\u00e4ndig kontroll \u00f6ver ditt vapen.<\/p>\n<p>Artikulerade fingrar: F\u00f6r ultimat fingerf\u00e4rdighet och precision.<\/p>\n<p>GORE-TEX\u00ae-teknik: Kl\u00e4der tillverkade med GORE-TEX\u00ae-tyger \u00e4r h\u00e5llbart vattent\u00e4ta, l\u00e4tta och extremt ventilerande.<\/p>\n<p>PrimaLoft\u00ae-teknik: PrimaLoft\u00ae-produkter \u00e4r det ultimata inom isoleringsteknik f\u00f6r j\u00e4gare. Ultrafina fibrer \u00e4r konstruerade f\u00f6r att beh\u00e5lla maximal v\u00e4rme \u00e4ven n\u00e4r de \u00e4r v\u00e5ta. <\/p>\n","protected":false},"excerpt":{"rendered":"<p>Downpour GTX-handsken h\u00e5ller dina h\u00e4nder torra och funktionella i det bl\u00f6taste t\u00e4nkbara v\u00e4dret, med ett 100 % vattent\u00e4tt, ventilerande GORE-TEX\u00ae-membran som \u00e4r sammanfogat hela v\u00e4gen med +Grip\u2122 f\u00f6r halkfritt grepp. Ett yttre tyg av stretchv\u00e4vd polyester f\u00f6ljer dina r\u00f6relser, medan en absorberande vaddering p\u00e5 baksidan hindrar en rinnande n\u00e4sa fr\u00e5n att f\u00f6rst\u00f6ra sanningens \u00f6gonblick. GORE\u2122 [&#8230;]\n","protected":false},"featured_media":257740,"comment_status":"open","ping_status":"closed","template":"","meta":[],"product_brand":[],"product_cat":[878],"product_tag":[],"class_list":{"0":"post-287185","1":"product","2":"type-product","3":"status-publish","4":"has-post-thumbnail","6":"product_cat-uncategorized-sv","8":"first","9":"outofstock","10":"taxable","11":"shipping-taxable","12":"purchasable","13":"product-type-variable"},"composite_virtual":false,"composite_layout":"","composite_add_to_cart_form_location":"","composite_editable_in_cart":false,"composite_sold_individually_context":"","composite_shop_price_calc":"","composite_components":[],"composite_scenarios":[],"group_of_quantity":0,"min_quantity":0,"max_quantity":"","exclude_order_quantity_value_rules":"no","exclude_category_quantity_rules":"no","combine_variations":"no","exclude_global_add_ons":[],"addons":[],"_links":{"self":[{"href":"https:\/\/www.huntersfriend.eu\/sv\/wp-json\/wp\/v2\/product\/287185","targetHints":{"allow":["GET"]}}],"collection":[{"href":"https:\/\/www.huntersfriend.eu\/sv\/wp-json\/wp\/v2\/product"}],"about":[{"href":"https:\/\/www.huntersfriend.eu\/sv\/wp-json\/wp\/v2\/types\/product"}],"replies":[{"embeddable":true,"href":"https:\/\/www.huntersfriend.eu\/sv\/wp-json\/wp\/v2\/comments?post=287185"}],"wp:featuredmedia":[{"embeddable":true,"href":"https:\/\/www.huntersfriend.eu\/sv\/wp-json\/wp\/v2\/media\/257740"}],"wp:attachment":[{"href":"https:\/\/www.huntersfriend.eu\/sv\/wp-json\/wp\/v2\/media?parent=287185"}],"wp:term":[{"taxonomy":"product_brand","embeddable":true,"href":"https:\/\/www.huntersfriend.eu\/sv\/wp-json\/wp\/v2\/product_brand?post=287185"},{"taxonomy":"product_cat","embeddable":true,"href":"https:\/\/www.huntersfriend.eu\/sv\/wp-json\/wp\/v2\/product_cat?post=287185"},{"taxonomy":"product_tag","embeddable":true,"href":"https:\/\/www.huntersfriend.eu\/sv\/wp-json\/wp\/v2\/product_tag?post=287185"}],"curies":[{"name":"wp","href":"https:\/\/api.w.org\/{rel}","templated":true}]}}