{"id":287180,"date":"2023-03-16T12:59:34","date_gmt":"2023-03-16T10:59:34","guid":{"rendered":"https:\/\/www.huntersfriend.eu\/product\/sitka-traverse-fleecejacka-elevated-ii\/"},"modified":"2025-08-26T14:48:48","modified_gmt":"2025-08-26T12:48:48","slug":"sitka-traverse-fleecejacka-elevated-ii","status":"publish","type":"product","link":"https:\/\/www.huntersfriend.eu\/sv\/produkt\/sitka-traverse-fleecejacka-elevated-ii\/","title":{"rendered":"SITKA Traverse fleecejacka \u2013 Elevated II"},"content":{"rendered":"<p>Sitka hade komfort och m\u00e5ngsidighet i \u00e5tanke n\u00e4r de designade Traverse Hoody. Den har en Berber-fleeceinsida med h\u00f6g lugg f\u00f6r en mjuk k\u00e4nsla som ger mycket v\u00e4rme, och l\u00e4ttare fleecepaneler p\u00e5 sidorna och underarmarna f\u00f6r en str\u00f6mlinjeformad passform. En ultratyst polyesterstickning med en slitstark vattenavvisande finish skyddar mot l\u00e4tt nederb\u00f6rd. Tyger som anv\u00e4nds i denna hoody \u00e4r tillverkade av \u00e5tervunna material.  <\/p>\n<p>Tyst stickat polyestertyg med Berber-fleeceinsida med h\u00f6g lugg<\/p>\n<p>Milj\u00f6medvetet tyg tillverkat av \u00e5tervunna material<\/p>\n<p>Placerade mellanviktiga fleecepaneler p\u00e5 sidorna och underarmarna f\u00f6r optimal komfort och r\u00f6relsefrihet<\/p>\n<p>Slitstark vattenavvisande finish st\u00f6ter bort l\u00e4tt nederb\u00f6rd och hindrar tyget fr\u00e5n att bli bl\u00f6tt<\/p>\n<p>Hand- och br\u00f6stfickor med dragkedja ger s\u00e4ker f\u00f6rvaring<\/p>\n<p>L\u00e5gprofilerade tumh\u00e5l f\u00f6r enkel lageranv\u00e4ndning<\/p>\n<p>Vikt: 737,09 gr.<\/p>\n","protected":false},"excerpt":{"rendered":"<p>Sitka hade komfort och m\u00e5ngsidighet i \u00e5tanke n\u00e4r de designade Traverse Hoody. Den har en Berber-fleeceinsida med h\u00f6g lugg f\u00f6r en mjuk k\u00e4nsla som ger mycket v\u00e4rme, och l\u00e4ttare fleecepaneler p\u00e5 sidorna och underarmarna f\u00f6r en str\u00f6mlinjeformad passform. En ultratyst polyesterstickning med en slitstark vattenavvisande finish skyddar mot l\u00e4tt nederb\u00f6rd. Tyger som anv\u00e4nds i denna [&#8230;]\n","protected":false},"featured_media":257768,"comment_status":"open","ping_status":"closed","template":"","meta":[],"product_brand":[],"product_cat":[2741],"product_tag":[],"class_list":{"0":"post-287180","1":"product","2":"type-product","3":"status-publish","4":"has-post-thumbnail","6":"product_cat-jackor","8":"first","9":"instock","10":"taxable","11":"shipping-taxable","12":"purchasable","13":"product-type-variable"},"composite_virtual":false,"composite_layout":"","composite_add_to_cart_form_location":"","composite_editable_in_cart":false,"composite_sold_individually_context":"","composite_shop_price_calc":"","composite_components":[],"composite_scenarios":[],"group_of_quantity":0,"min_quantity":0,"max_quantity":"","exclude_order_quantity_value_rules":"no","exclude_category_quantity_rules":"no","combine_variations":"no","exclude_global_add_ons":[],"addons":[],"_links":{"self":[{"href":"https:\/\/www.huntersfriend.eu\/sv\/wp-json\/wp\/v2\/product\/287180","targetHints":{"allow":["GET"]}}],"collection":[{"href":"https:\/\/www.huntersfriend.eu\/sv\/wp-json\/wp\/v2\/product"}],"about":[{"href":"https:\/\/www.huntersfriend.eu\/sv\/wp-json\/wp\/v2\/types\/product"}],"replies":[{"embeddable":true,"href":"https:\/\/www.huntersfriend.eu\/sv\/wp-json\/wp\/v2\/comments?post=287180"}],"wp:featuredmedia":[{"embeddable":true,"href":"https:\/\/www.huntersfriend.eu\/sv\/wp-json\/wp\/v2\/media\/257768"}],"wp:attachment":[{"href":"https:\/\/www.huntersfriend.eu\/sv\/wp-json\/wp\/v2\/media?parent=287180"}],"wp:term":[{"taxonomy":"product_brand","embeddable":true,"href":"https:\/\/www.huntersfriend.eu\/sv\/wp-json\/wp\/v2\/product_brand?post=287180"},{"taxonomy":"product_cat","embeddable":true,"href":"https:\/\/www.huntersfriend.eu\/sv\/wp-json\/wp\/v2\/product_cat?post=287180"},{"taxonomy":"product_tag","embeddable":true,"href":"https:\/\/www.huntersfriend.eu\/sv\/wp-json\/wp\/v2\/product_tag?post=287180"}],"curies":[{"name":"wp","href":"https:\/\/api.w.org\/{rel}","templated":true}]}}