{"id":287177,"date":"2023-03-16T12:59:26","date_gmt":"2023-03-16T10:59:26","guid":{"rendered":"https:\/\/www.huntersfriend.eu\/product\/warne-weaver-horisontella-kikarsiktesringar-lag\/"},"modified":"2025-08-26T14:48:47","modified_gmt":"2025-08-26T12:48:47","slug":"warne-weaver-horisontella-kikarsiktesringar-lag","status":"publish","type":"product","link":"https:\/\/www.huntersfriend.eu\/sv\/produkt\/warne-weaver-horisontella-kikarsiktesringar-lag\/","title":{"rendered":"Warne Weaver horisontella kikarsiktesringar, l\u00e5g"},"content":{"rendered":"<p class=\"\" data-start=\"0\" data-end=\"112\"><strong data-start=\"0\" data-end=\"51\">Warne maxima horisontellt Weaver-kikarsiktesf\u00e4ste<\/strong> \u2013 h\u00f6gkvalitativt och prisv\u00e4rt f\u00e4ste f\u00f6r j\u00e4gare och skyttar<\/p>\n<p class=\"\" data-start=\"114\" data-end=\"287\">Warne Maxima kikarsiktesf\u00e4sten \u00e4r p\u00e5litliga och kostnadseffektiva, designade f\u00f6r praktiska j\u00e4gare och skyttar. Tillverkade i USA, dessa f\u00e4sten \u00e4r gjorda av slitstarkt st\u00e5l. <\/p>\n<p class=\"\" data-start=\"289\" data-end=\"671\"><strong data-start=\"293\" data-end=\"333\">Warne Maxima Horisontellt Weaver-f\u00e4ste<\/strong> \u00e4r kompatibelt med kikarsikten med en 30 mm tub. Weaver-monteringssystemet \u00e4r designat f\u00f6r enkel installation p\u00e5 b\u00e5de Weaver- och Picatinny-skenor. Kikarsiktet f\u00e4sts p\u00e5 Warne Maxima-f\u00e4stet med fyra Torx T-15-skruvar, enligt traditionell monteringsstil. Sj\u00e4lva f\u00e4stet \u00e4r s\u00e4krat p\u00e5 skjutvapnet med ytterligare tv\u00e5 Torx T-15-skruvar.   <\/p>\n<p class=\"\" data-start=\"673\" data-end=\"903\"><strong data-start=\"677\" data-end=\"710\">Warne Weaver Horisontellt F\u00e4ste<\/strong> finns i <strong data-start=\"727\" data-end=\"734\">L\u00e5g<\/strong>, <strong data-start=\"736\" data-end=\"746\">Medium<\/strong> och <strong data-start=\"752\" data-end=\"760\">H\u00f6g<\/strong> h\u00f6jd. R\u00e4tt h\u00f6jd v\u00e4ljs baserat p\u00e5 tjockleken p\u00e5 skjutvapnets pipa och profilen p\u00e5 mekanismen i f\u00f6rh\u00e5llande till kikarsiktet. <\/p>\n<p class=\"\" data-start=\"905\" data-end=\"924\"><strong data-start=\"905\" data-end=\"924\">Specifikationer:<\/strong><\/p>\n<ul data-start=\"925\" data-end=\"1088\" data-is-last-node=\"\" data-is-only-node=\"\">\n<li class=\"\" data-start=\"925\" data-end=\"969\">\n<p class=\"\" data-start=\"927\" data-end=\"969\"><strong data-start=\"927\" data-end=\"938\">H\u00f6jd:<\/strong> L\u00e5g (Max. 42 mm objektivlins)<\/p>\n<\/li>\n<li class=\"\" data-start=\"970\" data-end=\"996\">\n<p class=\"\" data-start=\"972\" data-end=\"996\"><strong data-start=\"972\" data-end=\"983\">Vikt:<\/strong> 141,75 gram<\/p>\n<\/li>\n<li class=\"\" data-start=\"997\" data-end=\"1088\">\n<p class=\"\" data-start=\"999\" data-end=\"1014\"><strong data-start=\"999\" data-end=\"1014\">M\u00e5tt:<\/strong><\/p>\n<ul data-start=\"1017\" data-end=\"1088\" data-is-last-node=\"\">\n<li class=\"\" data-start=\"1017\" data-end=\"1037\">\n<p class=\"\" data-start=\"1019\" data-end=\"1037\"><strong data-start=\"1019\" data-end=\"1032\">Tub (A):<\/strong> 30 mm<\/p>\n<\/li>\n<li class=\"\" data-start=\"1040\" data-end=\"1062\">\n<p class=\"\" data-start=\"1042\" data-end=\"1062\"><strong data-start=\"1042\" data-end=\"1055\">Bas (B):<\/strong> 6,35 mm<\/p>\n<\/li>\n<li class=\"\" data-start=\"1065\" data-end=\"1088\">\n<p class=\"\" data-start=\"1067\" data-end=\"1088\"><strong data-start=\"1067\" data-end=\"1081\">Bredd (C):<\/strong> 16,5 mm<\/p>\n<\/li>\n<\/ul>\n<\/li>\n<\/ul>\n","protected":false},"excerpt":{"rendered":"<p>Warne maxima horisontellt Weaver-kikarsiktesf\u00e4ste \u2013 h\u00f6gkvalitativt och prisv\u00e4rt f\u00e4ste f\u00f6r j\u00e4gare och skyttar Warne Maxima kikarsiktesf\u00e4sten \u00e4r p\u00e5litliga och kostnadseffektiva, designade f\u00f6r praktiska j\u00e4gare och skyttar. Tillverkade i USA, dessa f\u00e4sten \u00e4r gjorda av slitstarkt st\u00e5l. Warne Maxima Horisontellt Weaver-f\u00e4ste \u00e4r kompatibelt med kikarsikten med en 30 mm tub. Weaver-monteringssystemet \u00e4r designat f\u00f6r enkel installation [&#8230;]\n","protected":false},"featured_media":277551,"comment_status":"open","ping_status":"closed","template":"","meta":[],"product_brand":[],"product_cat":[2619],"product_tag":[],"class_list":{"0":"post-287177","1":"product","2":"type-product","3":"status-publish","4":"has-post-thumbnail","6":"product_cat-kikarsiktesringar-och-fasten","8":"first","9":"instock","10":"taxable","11":"shipping-taxable","12":"purchasable","13":"product-type-simple"},"composite_virtual":false,"composite_layout":"","composite_add_to_cart_form_location":"","composite_editable_in_cart":false,"composite_sold_individually_context":"","composite_shop_price_calc":"","composite_components":[],"composite_scenarios":[],"group_of_quantity":0,"min_quantity":0,"max_quantity":"","exclude_order_quantity_value_rules":"no","exclude_category_quantity_rules":"no","combine_variations":"no","exclude_global_add_ons":[],"addons":[],"_links":{"self":[{"href":"https:\/\/www.huntersfriend.eu\/sv\/wp-json\/wp\/v2\/product\/287177","targetHints":{"allow":["GET"]}}],"collection":[{"href":"https:\/\/www.huntersfriend.eu\/sv\/wp-json\/wp\/v2\/product"}],"about":[{"href":"https:\/\/www.huntersfriend.eu\/sv\/wp-json\/wp\/v2\/types\/product"}],"replies":[{"embeddable":true,"href":"https:\/\/www.huntersfriend.eu\/sv\/wp-json\/wp\/v2\/comments?post=287177"}],"wp:featuredmedia":[{"embeddable":true,"href":"https:\/\/www.huntersfriend.eu\/sv\/wp-json\/wp\/v2\/media\/277551"}],"wp:attachment":[{"href":"https:\/\/www.huntersfriend.eu\/sv\/wp-json\/wp\/v2\/media?parent=287177"}],"wp:term":[{"taxonomy":"product_brand","embeddable":true,"href":"https:\/\/www.huntersfriend.eu\/sv\/wp-json\/wp\/v2\/product_brand?post=287177"},{"taxonomy":"product_cat","embeddable":true,"href":"https:\/\/www.huntersfriend.eu\/sv\/wp-json\/wp\/v2\/product_cat?post=287177"},{"taxonomy":"product_tag","embeddable":true,"href":"https:\/\/www.huntersfriend.eu\/sv\/wp-json\/wp\/v2\/product_tag?post=287177"}],"curies":[{"name":"wp","href":"https:\/\/api.w.org\/{rel}","templated":true}]}}