{"id":287172,"date":"2023-03-16T12:59:31","date_gmt":"2023-03-16T10:59:31","guid":{"rendered":"https:\/\/www.huntersfriend.eu\/product\/sitka-incinerator-gtx-mossa-for-kallt-vader\/"},"modified":"2025-08-26T14:48:46","modified_gmt":"2025-08-26T12:48:46","slug":"sitka-incinerator-gtx-mossa-for-kallt-vader","status":"publish","type":"product","link":"https:\/\/www.huntersfriend.eu\/sv\/produkt\/sitka-incinerator-gtx-mossa-for-kallt-vader\/","title":{"rendered":"SITKA Incinerator GTX m\u00f6ssa f\u00f6r kallt v\u00e4der"},"content":{"rendered":"<p>Incinerator-m\u00f6ssan \u00e4r specialiserad p\u00e5 att h\u00e5lla huvudet och \u00f6ronen varma och torra. Det anm\u00e4rkningsv\u00e4rt mjuka Berber-fleecefodret isolerar effektivt mot kyla, medan GORE-TEX\u00ae-membranet st\u00e4nger ute vind och vatten. Intelligent \u00f6ronlappskonstruktion maximerar v\u00e4rmen med obehindrad h\u00f6rsel, och den bakre justeringen med kaml\u00e5s ger den perfekta passformen.  <\/p>\n<p>GORE \u2122 OPTIFADE \u2122 Concealment Elevated II \u00e4r utformad f\u00f6r att d\u00f6lja j\u00e4gare under v\u00e4ntan p\u00e5 en konfrontation p\u00e5 n\u00e4ra h\u00e5ll, i svagt ljus eller i upph\u00f6jd position.<\/p>\n<p>Vikt: 136,08 g<\/p>\n<p>Material: Vattent\u00e4tt GORE-TEX\u00ae-laminat, borstad polyesterstickad yta, borstad polyesterfleece med h\u00f6g loft.<\/p>\n<p>Justerbar baksida med CamLock: F\u00f6r en helt anpassningsbar och s\u00e4ker passform.<\/p>\n<p>Vattent\u00e4tt GORE-TEX\u00ae-laminat: Helt vattent\u00e4tt och fodrat med en Berber-fleece med h\u00f6g loft f\u00f6r ultimat v\u00e4rme i alla v\u00e4der.<\/p>\n<p>\u00d6ronlappar: \u00d6ronlapparna ger extra v\u00e4rme utan att f\u00f6rs\u00e4mra h\u00f6rseln.<\/p>\n<p>Slitstark vattenavvisande finish som motst\u00e5r l\u00e4tt nederb\u00f6rd och f\u00f6rhindrar att det yttre tyget blir bl\u00f6tt.<\/p>\n<p>GORE-TEX\u00ae-teknik: Kl\u00e4der tillverkade med GORE-TEX\u00ae-tyger \u00e4r h\u00e5llbart vattent\u00e4ta, l\u00e4tta och extremt ventilerande.<\/p>\n","protected":false},"excerpt":{"rendered":"<p>Incinerator-m\u00f6ssan \u00e4r specialiserad p\u00e5 att h\u00e5lla huvudet och \u00f6ronen varma och torra. Det anm\u00e4rkningsv\u00e4rt mjuka Berber-fleecefodret isolerar effektivt mot kyla, medan GORE-TEX\u00ae-membranet st\u00e4nger ute vind och vatten. Intelligent \u00f6ronlappskonstruktion maximerar v\u00e4rmen med obehindrad h\u00f6rsel, och den bakre justeringen med kaml\u00e5s ger den perfekta passformen. GORE \u2122 OPTIFADE \u2122 Concealment Elevated II \u00e4r utformad f\u00f6r att [&#8230;]\n","protected":false},"featured_media":257754,"comment_status":"open","ping_status":"closed","template":"","meta":[],"product_brand":[],"product_cat":[878],"product_tag":[],"class_list":{"0":"post-287172","1":"product","2":"type-product","3":"status-publish","4":"has-post-thumbnail","6":"product_cat-uncategorized-sv","8":"first","9":"outofstock","10":"taxable","11":"shipping-taxable","12":"purchasable","13":"product-type-simple"},"composite_virtual":false,"composite_layout":"","composite_add_to_cart_form_location":"","composite_editable_in_cart":false,"composite_sold_individually_context":"","composite_shop_price_calc":"","composite_components":[],"composite_scenarios":[],"group_of_quantity":0,"min_quantity":0,"max_quantity":"","exclude_order_quantity_value_rules":"no","exclude_category_quantity_rules":"no","combine_variations":"no","exclude_global_add_ons":[],"addons":[],"_links":{"self":[{"href":"https:\/\/www.huntersfriend.eu\/sv\/wp-json\/wp\/v2\/product\/287172","targetHints":{"allow":["GET"]}}],"collection":[{"href":"https:\/\/www.huntersfriend.eu\/sv\/wp-json\/wp\/v2\/product"}],"about":[{"href":"https:\/\/www.huntersfriend.eu\/sv\/wp-json\/wp\/v2\/types\/product"}],"replies":[{"embeddable":true,"href":"https:\/\/www.huntersfriend.eu\/sv\/wp-json\/wp\/v2\/comments?post=287172"}],"wp:featuredmedia":[{"embeddable":true,"href":"https:\/\/www.huntersfriend.eu\/sv\/wp-json\/wp\/v2\/media\/257754"}],"wp:attachment":[{"href":"https:\/\/www.huntersfriend.eu\/sv\/wp-json\/wp\/v2\/media?parent=287172"}],"wp:term":[{"taxonomy":"product_brand","embeddable":true,"href":"https:\/\/www.huntersfriend.eu\/sv\/wp-json\/wp\/v2\/product_brand?post=287172"},{"taxonomy":"product_cat","embeddable":true,"href":"https:\/\/www.huntersfriend.eu\/sv\/wp-json\/wp\/v2\/product_cat?post=287172"},{"taxonomy":"product_tag","embeddable":true,"href":"https:\/\/www.huntersfriend.eu\/sv\/wp-json\/wp\/v2\/product_tag?post=287172"}],"curies":[{"name":"wp","href":"https:\/\/api.w.org\/{rel}","templated":true}]}}