{"id":287171,"date":"2023-03-16T12:59:24","date_gmt":"2023-03-16T10:59:24","guid":{"rendered":"https:\/\/www.huntersfriend.eu\/product\/warne-weaver-snabbfasten-for-kikarsikte-lag\/"},"modified":"2025-08-26T14:48:45","modified_gmt":"2025-08-26T12:48:45","slug":"warne-weaver-snabbfasten-for-kikarsikte-lag","status":"publish","type":"product","link":"https:\/\/www.huntersfriend.eu\/sv\/produkt\/warne-weaver-snabbfasten-for-kikarsikte-lag\/","title":{"rendered":"Warne Weaver snabbf\u00e4sten f\u00f6r kikarsikte, l\u00e5g"},"content":{"rendered":"<div>Warne kikarsiktesf\u00e4sten \u00e4r h\u00f6gkvalitativa och prisv\u00e4rda f\u00e4sten f\u00f6r den praktiska j\u00e4garen och skytten. Warne kikarsiktesf\u00e4sten tillverkas i USA, och Warne Maxima-f\u00e4stena \u00e4r tillverkade av st\u00e5l. <\/div>\n<div><\/div>\n<div>Warne Maxima Weaver snabbf\u00e4ste f\u00f6r kikarsikte \u00e4r utformat f\u00f6r att f\u00e4sta kikarsikten med en 30 mm tub p\u00e5 ett skjutvapen. Warne Weaver-f\u00e4stet \u00e4r konstruerat f\u00f6r att vara kompatibelt med b\u00e5de Weaver- och Picatinny-skenor. Kikarsiktet f\u00e4sts p\u00e5 Warne Maxima-f\u00e4stet med vertikal fasts\u00e4ttning med fyra Torx T-15-skruvar.  <\/div>\n<div><\/div>\n<div>Warne Weaver snabbf\u00e4ste finns i l\u00e5g, medium och h\u00f6g h\u00f6jd. R\u00e4tt f\u00e4steh\u00f6jd beror p\u00e5 tjockleken p\u00e5 gev\u00e4rspipan och profilen p\u00e5 gev\u00e4rets mekanism i f\u00f6rh\u00e5llande till det kikarsikte som monteras. <\/div>\n<div><\/div>\n<div>H\u00f6jd: L\u00e5g (Max. 42 mm objektivlins)<\/div>\n<div><\/div>\n<div>Vikt: 147,42 gram<\/div>\n<div><\/div>\n<div>\n<div class=\"group\/conversation-turn relative flex w-full min-w-0 flex-col agent-turn\">\n<div class=\"flex-col gap-1 md:gap-3\">\n<div class=\"flex max-w-full flex-col flex-grow\">\n<div class=\"min-h-8 text-message flex w-full flex-col items-end gap-2 whitespace-normal break-words [.text-message+&amp;]:mt-5\" dir=\"auto\" data-message-author-role=\"assistant\" data-message-id=\"4696911f-53bd-4024-9ec7-fb52a95265dc\">\n<div class=\"flex w-full flex-col gap-1 empty:hidden first:pt-[3px]\">\n<div class=\"markdown prose w-full break-words dark:prose-invert light\">\n<p>M\u00e5tt:<\/p>\n<ul>\n<li><strong>Tubdiameter (A):<\/strong> 30 mm<\/li>\n<li><strong>Basens h\u00f6jd (B):<\/strong> 6,35 mm<\/li>\n<li><strong>Bredd (C):<\/strong> 17,9 mm<br \/>\n<img decoding=\"async\" class=\"wp-image-273951 alignleft\" src=\"https:\/\/www.huntersfriend.eu\/app\/uploads\/2023\/03\/warne-vertical-qd-ring-specs-600x600.jpg\" alt=\"\" width=\"275\" height=\"275\" srcset=\"https:\/\/www.huntersfriend.eu\/app\/uploads\/2023\/03\/warne-vertical-qd-ring-specs-600x600.jpg 600w, https:\/\/www.huntersfriend.eu\/app\/uploads\/2023\/03\/warne-vertical-qd-ring-specs-1024x1024.jpg 1024w, https:\/\/www.huntersfriend.eu\/app\/uploads\/2023\/03\/warne-vertical-qd-ring-specs-150x150.jpg 150w, https:\/\/www.huntersfriend.eu\/app\/uploads\/2023\/03\/warne-vertical-qd-ring-specs-768x768.jpg 768w, https:\/\/www.huntersfriend.eu\/app\/uploads\/2023\/03\/warne-vertical-qd-ring-specs-1536x1536.jpg 1536w, https:\/\/www.huntersfriend.eu\/app\/uploads\/2023\/03\/warne-vertical-qd-ring-specs-300x300.jpg 300w, https:\/\/www.huntersfriend.eu\/app\/uploads\/2023\/03\/warne-vertical-qd-ring-specs-200x200.jpg 200w, https:\/\/www.huntersfriend.eu\/app\/uploads\/2023\/03\/warne-vertical-qd-ring-specs.jpg 1920w\" sizes=\"(max-width: 275px) 100vw, 275px\" \/><\/li>\n<\/ul>\n<\/div>\n<\/div>\n<\/div>\n<\/div>\n<\/div>\n<\/div>\n<\/div>\n","protected":false},"excerpt":{"rendered":"<p>Warne kikarsiktesf\u00e4sten \u00e4r h\u00f6gkvalitativa och prisv\u00e4rda f\u00e4sten f\u00f6r den praktiska j\u00e4garen och skytten. Warne kikarsiktesf\u00e4sten tillverkas i USA, och Warne Maxima-f\u00e4stena \u00e4r tillverkade av st\u00e5l. Warne Maxima Weaver snabbf\u00e4ste f\u00f6r kikarsikte \u00e4r utformat f\u00f6r att f\u00e4sta kikarsikten med en 30 mm tub p\u00e5 ett skjutvapen. Warne Weaver-f\u00e4stet \u00e4r konstruerat f\u00f6r att vara kompatibelt med b\u00e5de [&#8230;]\n","protected":false},"featured_media":273956,"comment_status":"open","ping_status":"closed","template":"","meta":[],"product_brand":[],"product_cat":[2619],"product_tag":[],"class_list":{"0":"post-287171","1":"product","2":"type-product","3":"status-publish","4":"has-post-thumbnail","6":"product_cat-kikarsiktesringar-och-fasten","8":"first","9":"instock","10":"taxable","11":"shipping-taxable","12":"purchasable","13":"product-type-simple"},"composite_virtual":false,"composite_layout":"","composite_add_to_cart_form_location":"","composite_editable_in_cart":false,"composite_sold_individually_context":"","composite_shop_price_calc":"","composite_components":[],"composite_scenarios":[],"group_of_quantity":0,"min_quantity":0,"max_quantity":"","exclude_order_quantity_value_rules":"no","exclude_category_quantity_rules":"no","combine_variations":"no","exclude_global_add_ons":[],"addons":[],"_links":{"self":[{"href":"https:\/\/www.huntersfriend.eu\/sv\/wp-json\/wp\/v2\/product\/287171","targetHints":{"allow":["GET"]}}],"collection":[{"href":"https:\/\/www.huntersfriend.eu\/sv\/wp-json\/wp\/v2\/product"}],"about":[{"href":"https:\/\/www.huntersfriend.eu\/sv\/wp-json\/wp\/v2\/types\/product"}],"replies":[{"embeddable":true,"href":"https:\/\/www.huntersfriend.eu\/sv\/wp-json\/wp\/v2\/comments?post=287171"}],"wp:featuredmedia":[{"embeddable":true,"href":"https:\/\/www.huntersfriend.eu\/sv\/wp-json\/wp\/v2\/media\/273956"}],"wp:attachment":[{"href":"https:\/\/www.huntersfriend.eu\/sv\/wp-json\/wp\/v2\/media?parent=287171"}],"wp:term":[{"taxonomy":"product_brand","embeddable":true,"href":"https:\/\/www.huntersfriend.eu\/sv\/wp-json\/wp\/v2\/product_brand?post=287171"},{"taxonomy":"product_cat","embeddable":true,"href":"https:\/\/www.huntersfriend.eu\/sv\/wp-json\/wp\/v2\/product_cat?post=287171"},{"taxonomy":"product_tag","embeddable":true,"href":"https:\/\/www.huntersfriend.eu\/sv\/wp-json\/wp\/v2\/product_tag?post=287171"}],"curies":[{"name":"wp","href":"https:\/\/api.w.org\/{rel}","templated":true}]}}