{"id":287169,"date":"2023-03-16T12:59:27","date_gmt":"2023-03-16T10:59:27","guid":{"rendered":"https:\/\/www.huntersfriend.eu\/product\/warne-weaver-horisontella-kikarsiktesringar-medium\/"},"modified":"2025-08-26T14:48:45","modified_gmt":"2025-08-26T12:48:45","slug":"warne-weaver-horisontella-kikarsiktesringar-medium","status":"publish","type":"product","link":"https:\/\/www.huntersfriend.eu\/sv\/produkt\/warne-weaver-horisontella-kikarsiktesringar-medium\/","title":{"rendered":"Warne Weaver horisontella kikarsiktesringar, Medium"},"content":{"rendered":"<p>Maxima horisontella kikarsiktesringar \u00e4r designade, konstruerade och tillverkade av v\u00e5r expertpersonal i Tualatin, Oregon. Maxima Horizontal anv\u00e4nder patenterad sintrad st\u00e5lteknik och erbjuder orubblig styrka och precision i en elegant, men \u00e4nd\u00e5 traditionell form. 4 skruvringlock, tillsammans med en unik rekylnyckel och kl\u00e4mma, erbjuder enkel installation och o\u00f6vertr\u00e4ffad h\u00e5llfasthet. Med klassiska linjer och Warnes garanti f\u00f6r \u00e5terg\u00e5ng till noll \u00e4r Maxima Horizontal den nya standarden. Warne Maxima Horizontal Rings utvecklades fr\u00e5n konceptet att inf\u00f6rliva den v\u00e4rldsber\u00f6mda prestandan, materialen och ryktet hos Maxima-ringar i en mer traditionell, horisontellt delad konfiguration. Maxima Horizontal-ringar inkluderar flera designfunktioner som f\u00f6rb\u00e4ttrar prestandan, underl\u00e4ttar installationen och inkluderar garantin f\u00f6r \u00e5terg\u00e5ng till noll som Warne \u00e4r k\u00e4nt f\u00f6r.     <\/p>\n<p>Warne Maxima horisontella ringar erbjuder dig traditionell design med moderna framsteg f\u00f6r \u00f6verl\u00e4gsen prestanda.<\/p>\n<p>Om du f\u00f6redrar en traditionell horisontell konfiguration, kommer dessa Warne 30 mm kikarsiktesringar att ge dig o\u00f6vertr\u00e4ffad styrka och grepp. Maxima horisontella kikarsiktesringar fr\u00e5n Warne Scope Mounts \u00e4r CNC-bearbetade i USA med sintrad st\u00e5lteknik. De har fyra skruvringlock, och den unika rekylnyckeln och kl\u00e4mman ger dig enkel installation p\u00e5 en Weaver- eller Picatinny-skena. Dessa Warne 514M kikarsiktesringar har en mediumh\u00f6jd och en matt finish.   <\/p>\n<ul>\n<li>CNC-bearbetad fr\u00e5n sintrat st\u00e5l f\u00f6r \u00f6verl\u00e4gsen styrka och kl\u00e4mning.<\/li>\n<li>Fyrkantiga, permanent installerade rekylnycklar f\u00f6r positivt ingrepp mellan ring och bas.<\/li>\n<li>Ringarna monteras s\u00e4kert runt kikarsiktet med 4 Torx T-15 lockskruvar, 2 skruvar f\u00f6r varje kl\u00e4mma<\/li>\n<li>STANAG 4694-gr\u00e4nssnitt m\u00f6jligg\u00f6r b\u00e4ttre \u00e5terg\u00e5ng till noll och styvhet<\/li>\n<li>Passar b\u00e5de Picatinny- och Weaver-baser<\/li>\n<li>Finns i 1 tum och 30 mm<\/li>\n<li>Designad och tillverkad i USA<\/li>\n<\/ul>\n","protected":false},"excerpt":{"rendered":"<p>Maxima horisontella kikarsiktesringar \u00e4r designade, konstruerade och tillverkade av v\u00e5r expertpersonal i Tualatin, Oregon. Maxima Horizontal anv\u00e4nder patenterad sintrad st\u00e5lteknik och erbjuder orubblig styrka och precision i en elegant, men \u00e4nd\u00e5 traditionell form. 4 skruvringlock, tillsammans med en unik rekylnyckel och kl\u00e4mma, erbjuder enkel installation och o\u00f6vertr\u00e4ffad h\u00e5llfasthet. Med klassiska linjer och Warnes garanti f\u00f6r [&#8230;]\n","protected":false},"featured_media":287170,"comment_status":"open","ping_status":"closed","template":"","meta":[],"product_brand":[],"product_cat":[2619],"product_tag":[],"class_list":{"0":"post-287169","1":"product","2":"type-product","3":"status-publish","4":"has-post-thumbnail","6":"product_cat-kikarsiktesringar-och-fasten","8":"first","9":"instock","10":"taxable","11":"shipping-taxable","12":"purchasable","13":"product-type-simple"},"composite_virtual":false,"composite_layout":"","composite_add_to_cart_form_location":"","composite_editable_in_cart":false,"composite_sold_individually_context":"","composite_shop_price_calc":"","composite_components":[],"composite_scenarios":[],"group_of_quantity":0,"min_quantity":0,"max_quantity":"","exclude_order_quantity_value_rules":"no","exclude_category_quantity_rules":"no","combine_variations":"no","exclude_global_add_ons":[],"addons":[],"_links":{"self":[{"href":"https:\/\/www.huntersfriend.eu\/sv\/wp-json\/wp\/v2\/product\/287169","targetHints":{"allow":["GET"]}}],"collection":[{"href":"https:\/\/www.huntersfriend.eu\/sv\/wp-json\/wp\/v2\/product"}],"about":[{"href":"https:\/\/www.huntersfriend.eu\/sv\/wp-json\/wp\/v2\/types\/product"}],"replies":[{"embeddable":true,"href":"https:\/\/www.huntersfriend.eu\/sv\/wp-json\/wp\/v2\/comments?post=287169"}],"wp:featuredmedia":[{"embeddable":true,"href":"https:\/\/www.huntersfriend.eu\/sv\/wp-json\/wp\/v2\/media\/287170"}],"wp:attachment":[{"href":"https:\/\/www.huntersfriend.eu\/sv\/wp-json\/wp\/v2\/media?parent=287169"}],"wp:term":[{"taxonomy":"product_brand","embeddable":true,"href":"https:\/\/www.huntersfriend.eu\/sv\/wp-json\/wp\/v2\/product_brand?post=287169"},{"taxonomy":"product_cat","embeddable":true,"href":"https:\/\/www.huntersfriend.eu\/sv\/wp-json\/wp\/v2\/product_cat?post=287169"},{"taxonomy":"product_tag","embeddable":true,"href":"https:\/\/www.huntersfriend.eu\/sv\/wp-json\/wp\/v2\/product_tag?post=287169"}],"curies":[{"name":"wp","href":"https:\/\/api.w.org\/{rel}","templated":true}]}}