{"id":287168,"date":"2023-03-16T12:59:23","date_gmt":"2023-03-16T10:59:23","guid":{"rendered":"https:\/\/www.huntersfriend.eu\/product\/warne-weaver-kikarsiktesringar-hog\/"},"modified":"2025-08-26T14:48:44","modified_gmt":"2025-08-26T12:48:44","slug":"warne-weaver-kikarsiktesringar-hog","status":"publish","type":"product","link":"https:\/\/www.huntersfriend.eu\/sv\/produkt\/warne-weaver-kikarsiktesringar-hog\/","title":{"rendered":"Warne Weaver kikarsiktesringar, h\u00f6g"},"content":{"rendered":"<p class=\"\" data-start=\"0\" data-end=\"105\"><strong data-start=\"0\" data-end=\"105\">Warne kikarsiktesf\u00e4sten \u2013 h\u00f6gkvalitativa och prisv\u00e4rda optikf\u00e4sten f\u00f6r praktiska j\u00e4gare och skyttar<\/strong><\/p>\n<p class=\"\" data-start=\"107\" data-end=\"315\">Warne kikarsiktesf\u00e4sten \u00e4r k\u00e4nda f\u00f6r sin kvalitet och prisv\u00e4rdhet, utformade f\u00f6r att m\u00f6ta behoven hos praktiska j\u00e4gare och skyttar. Warne Maxima-f\u00e4sten tillverkas i USA och \u00e4r gjorda av st\u00e5l. <\/p>\n<p class=\"\" data-start=\"317\" data-end=\"587\"><strong data-start=\"321\" data-end=\"350\">Warne Maxima Weaver-f\u00e4stet<\/strong> \u00e4r utformat f\u00f6r att f\u00e4sta kikarsikten med 30 mm tub p\u00e5 skjutvapen. Weaver-f\u00e4stet \u00e4r kompatibelt med b\u00e5de Weaver- och Picatinny-skenor. Kikarsiktet monteras s\u00e4kert p\u00e5 Warne Maxima-f\u00e4stet med hj\u00e4lp av fyra Torx T-15-skruvar med vertikal fasts\u00e4ttning.  <\/p>\n<p class=\"\" data-start=\"589\" data-end=\"822\"><strong data-start=\"593\" data-end=\"615\">Warne Weaver-f\u00e4stet<\/strong> finns i <strong data-start=\"632\" data-end=\"639\">l\u00e5ga<\/strong>, <strong data-start=\"641\" data-end=\"651\">medelh\u00f6ga<\/strong> och <strong data-start=\"657\" data-end=\"665\">h\u00f6ga<\/strong> h\u00f6jder. R\u00e4tt h\u00f6jd f\u00f6r f\u00e4stet beror p\u00e5 tjockleken p\u00e5 gev\u00e4rspipan och profilen p\u00e5 mekanismen i f\u00f6rh\u00e5llande till det kikarsikte som monteras. <\/p>\n<p class=\"\" data-start=\"824\" data-end=\"843\"><strong data-start=\"824\" data-end=\"843\">Specifikationer:<\/strong><\/p>\n<ul data-start=\"844\" data-end=\"1008\" data-is-last-node=\"\" data-is-only-node=\"\">\n<li class=\"\" data-start=\"844\" data-end=\"889\">\n<p class=\"\" data-start=\"846\" data-end=\"889\"><strong data-start=\"846\" data-end=\"857\">H\u00f6jd:<\/strong> H\u00f6g (Max. 56 mm objektivlins)<\/p>\n<\/li>\n<li class=\"\" data-start=\"890\" data-end=\"916\">\n<p class=\"\" data-start=\"892\" data-end=\"916\"><strong data-start=\"892\" data-end=\"903\">Vikt:<\/strong> 175,77 gram<\/p>\n<\/li>\n<li class=\"\" data-start=\"917\" data-end=\"1008\">\n<p class=\"\" data-start=\"919\" data-end=\"934\"><strong data-start=\"919\" data-end=\"934\">M\u00e5tt:<\/strong><\/p>\n<ul data-start=\"937\" data-end=\"1008\" data-is-last-node=\"\">\n<li class=\"\" data-start=\"937\" data-end=\"957\">\n<p class=\"\" data-start=\"939\" data-end=\"957\"><strong data-start=\"939\" data-end=\"952\">Tub (A):<\/strong> 30 mm<\/p>\n<\/li>\n<li class=\"\" data-start=\"960\" data-end=\"982\">\n<p class=\"\" data-start=\"962\" data-end=\"982\"><strong data-start=\"962\" data-end=\"975\">Bas (B):<\/strong> 13,3 mm<\/p>\n<\/li>\n<li class=\"\" data-start=\"985\" data-end=\"1008\">\n<p class=\"\" data-start=\"987\" data-end=\"1008\"><strong data-start=\"987\" data-end=\"1001\">Bredd (C):<\/strong> 17,9 mm<\/p>\n<\/li>\n<\/ul>\n<\/li>\n<\/ul>\n","protected":false},"excerpt":{"rendered":"<p>Warne kikarsiktesf\u00e4sten \u2013 h\u00f6gkvalitativa och prisv\u00e4rda optikf\u00e4sten f\u00f6r praktiska j\u00e4gare och skyttar Warne kikarsiktesf\u00e4sten \u00e4r k\u00e4nda f\u00f6r sin kvalitet och prisv\u00e4rdhet, utformade f\u00f6r att m\u00f6ta behoven hos praktiska j\u00e4gare och skyttar. Warne Maxima-f\u00e4sten tillverkas i USA och \u00e4r gjorda av st\u00e5l. Warne Maxima Weaver-f\u00e4stet \u00e4r utformat f\u00f6r att f\u00e4sta kikarsikten med 30 mm tub p\u00e5 [&#8230;]\n","protected":false},"featured_media":277538,"comment_status":"open","ping_status":"closed","template":"","meta":[],"product_brand":[],"product_cat":[2619],"product_tag":[],"class_list":{"0":"post-287168","1":"product","2":"type-product","3":"status-publish","4":"has-post-thumbnail","6":"product_cat-kikarsiktesringar-och-fasten","8":"first","9":"instock","10":"taxable","11":"shipping-taxable","12":"purchasable","13":"product-type-simple"},"composite_virtual":false,"composite_layout":"","composite_add_to_cart_form_location":"","composite_editable_in_cart":false,"composite_sold_individually_context":"","composite_shop_price_calc":"","composite_components":[],"composite_scenarios":[],"group_of_quantity":0,"min_quantity":0,"max_quantity":"","exclude_order_quantity_value_rules":"no","exclude_category_quantity_rules":"no","combine_variations":"no","exclude_global_add_ons":[],"addons":[],"_links":{"self":[{"href":"https:\/\/www.huntersfriend.eu\/sv\/wp-json\/wp\/v2\/product\/287168","targetHints":{"allow":["GET"]}}],"collection":[{"href":"https:\/\/www.huntersfriend.eu\/sv\/wp-json\/wp\/v2\/product"}],"about":[{"href":"https:\/\/www.huntersfriend.eu\/sv\/wp-json\/wp\/v2\/types\/product"}],"replies":[{"embeddable":true,"href":"https:\/\/www.huntersfriend.eu\/sv\/wp-json\/wp\/v2\/comments?post=287168"}],"wp:featuredmedia":[{"embeddable":true,"href":"https:\/\/www.huntersfriend.eu\/sv\/wp-json\/wp\/v2\/media\/277538"}],"wp:attachment":[{"href":"https:\/\/www.huntersfriend.eu\/sv\/wp-json\/wp\/v2\/media?parent=287168"}],"wp:term":[{"taxonomy":"product_brand","embeddable":true,"href":"https:\/\/www.huntersfriend.eu\/sv\/wp-json\/wp\/v2\/product_brand?post=287168"},{"taxonomy":"product_cat","embeddable":true,"href":"https:\/\/www.huntersfriend.eu\/sv\/wp-json\/wp\/v2\/product_cat?post=287168"},{"taxonomy":"product_tag","embeddable":true,"href":"https:\/\/www.huntersfriend.eu\/sv\/wp-json\/wp\/v2\/product_tag?post=287168"}],"curies":[{"name":"wp","href":"https:\/\/api.w.org\/{rel}","templated":true}]}}