{"id":287167,"date":"2023-03-16T12:59:26","date_gmt":"2023-03-16T10:59:26","guid":{"rendered":"https:\/\/www.huntersfriend.eu\/product\/warne-weaver-snabbfasten-for-kikarsikte-hog\/"},"modified":"2025-08-26T14:48:43","modified_gmt":"2025-08-26T12:48:43","slug":"warne-weaver-snabbfasten-for-kikarsikte-hog","status":"publish","type":"product","link":"https:\/\/www.huntersfriend.eu\/sv\/produkt\/warne-weaver-snabbfasten-for-kikarsikte-hog\/","title":{"rendered":"Warne Weaver snabbf\u00e4sten f\u00f6r kikarsikte, h\u00f6g"},"content":{"rendered":"<p class=\"\" data-start=\"0\" data-end=\"100\"><strong data-start=\"0\" data-end=\"100\">Warne kikarsiktesf\u00e4sten \u2013 h\u00f6gkvalitativa och prisv\u00e4rda optikf\u00e4sten f\u00f6r praktiska j\u00e4gare och skyttar<\/strong><\/p>\n<p class=\"\" data-start=\"102\" data-end=\"287\">Warne kikarsiktesf\u00e4sten \u00e4r h\u00f6gkvalitativa och prisv\u00e4rda, designade f\u00f6r de praktiska behoven hos j\u00e4gare och skyttar. Warne Maxima-f\u00e4sten tillverkas i USA och \u00e4r gjorda av st\u00e5l. <\/p>\n<p class=\"\" data-start=\"289\" data-end=\"573\"><strong data-start=\"293\" data-end=\"336\">Warne Maxima Weaver Quick-Release Mount<\/strong> \u00e4r designad f\u00f6r att f\u00e4sta kikarsikten med 30 mm tub p\u00e5 skjutvapen. Weaver-monteringssystemet g\u00f6r att den kan anv\u00e4ndas p\u00e5 b\u00e5de Weaver- och Picatinny-skenor. Kikarsiktet f\u00e4sts p\u00e5 Warne Maxima-f\u00e4stet med en vertikal fasts\u00e4ttning med fyra Torx T-15-skruvar.  <\/p>\n<p class=\"\" data-start=\"575\" data-end=\"819\"><strong data-start=\"579\" data-end=\"615\">Warne Weaver Quick-Release Mount<\/strong> finns i <strong data-start=\"632\" data-end=\"639\">l\u00e5g<\/strong>, <strong data-start=\"641\" data-end=\"651\">medium<\/strong> och <strong data-start=\"657\" data-end=\"665\">h\u00f6g<\/strong> h\u00f6jd. R\u00e4tt h\u00f6jd f\u00f6r f\u00e4stet beror p\u00e5 tjockleken p\u00e5 skjutvapnets pipa och actionprofilen i f\u00f6rh\u00e5llande till kikarsiktet som monteras. <\/p>\n<p class=\"\" data-start=\"821\" data-end=\"840\"><strong data-start=\"821\" data-end=\"840\">Specifikationer:<\/strong><\/p>\n<ul data-start=\"841\" data-end=\"1004\" data-is-last-node=\"\" data-is-only-node=\"\">\n<li class=\"\" data-start=\"841\" data-end=\"885\">\n<p class=\"\" data-start=\"843\" data-end=\"885\"><strong data-start=\"843\" data-end=\"854\">H\u00f6jd:<\/strong> L\u00e5g (Max. 56 mm objektivlins)<\/p>\n<\/li>\n<li class=\"\" data-start=\"886\" data-end=\"911\">\n<p class=\"\" data-start=\"888\" data-end=\"911\"><strong data-start=\"888\" data-end=\"899\">Vikt:<\/strong> 195,6 gram<\/p>\n<\/li>\n<li class=\"\" data-start=\"912\" data-end=\"1004\">\n<p class=\"\" data-start=\"914\" data-end=\"929\"><strong data-start=\"914\" data-end=\"929\">M\u00e5tt:<\/strong><\/p>\n<ul data-start=\"932\" data-end=\"1004\" data-is-last-node=\"\">\n<li class=\"\" data-start=\"932\" data-end=\"952\">\n<p class=\"\" data-start=\"934\" data-end=\"952\"><strong data-start=\"934\" data-end=\"947\">Tub (A):<\/strong> 30 mm<\/p>\n<\/li>\n<li class=\"\" data-start=\"955\" data-end=\"978\">\n<p class=\"\" data-start=\"957\" data-end=\"978\"><strong data-start=\"957\" data-end=\"970\">Bas (B):<\/strong> 13,34 mm<\/p>\n<\/li>\n<li class=\"\" data-start=\"981\" data-end=\"1004\">\n<p class=\"\" data-start=\"983\" data-end=\"1004\"><strong data-start=\"983\" data-end=\"997\">Bredd (C):<\/strong> 17,9 mm<\/p>\n<\/li>\n<\/ul>\n<\/li>\n<\/ul>\n","protected":false},"excerpt":{"rendered":"<p>Warne kikarsiktesf\u00e4sten \u2013 h\u00f6gkvalitativa och prisv\u00e4rda optikf\u00e4sten f\u00f6r praktiska j\u00e4gare och skyttar Warne kikarsiktesf\u00e4sten \u00e4r h\u00f6gkvalitativa och prisv\u00e4rda, designade f\u00f6r de praktiska behoven hos j\u00e4gare och skyttar. Warne Maxima-f\u00e4sten tillverkas i USA och \u00e4r gjorda av st\u00e5l. Warne Maxima Weaver Quick-Release Mount \u00e4r designad f\u00f6r att f\u00e4sta kikarsikten med 30 mm tub p\u00e5 skjutvapen. Weaver-monteringssystemet [&#8230;]\n","protected":false},"featured_media":277545,"comment_status":"open","ping_status":"closed","template":"","meta":[],"product_brand":[],"product_cat":[2619],"product_tag":[],"class_list":{"0":"post-287167","1":"product","2":"type-product","3":"status-publish","4":"has-post-thumbnail","6":"product_cat-kikarsiktesringar-och-fasten","8":"first","9":"instock","10":"taxable","11":"shipping-taxable","12":"purchasable","13":"product-type-simple"},"composite_virtual":false,"composite_layout":"","composite_add_to_cart_form_location":"","composite_editable_in_cart":false,"composite_sold_individually_context":"","composite_shop_price_calc":"","composite_components":[],"composite_scenarios":[],"group_of_quantity":0,"min_quantity":0,"max_quantity":"","exclude_order_quantity_value_rules":"no","exclude_category_quantity_rules":"no","combine_variations":"no","exclude_global_add_ons":[],"addons":[],"_links":{"self":[{"href":"https:\/\/www.huntersfriend.eu\/sv\/wp-json\/wp\/v2\/product\/287167","targetHints":{"allow":["GET"]}}],"collection":[{"href":"https:\/\/www.huntersfriend.eu\/sv\/wp-json\/wp\/v2\/product"}],"about":[{"href":"https:\/\/www.huntersfriend.eu\/sv\/wp-json\/wp\/v2\/types\/product"}],"replies":[{"embeddable":true,"href":"https:\/\/www.huntersfriend.eu\/sv\/wp-json\/wp\/v2\/comments?post=287167"}],"wp:featuredmedia":[{"embeddable":true,"href":"https:\/\/www.huntersfriend.eu\/sv\/wp-json\/wp\/v2\/media\/277545"}],"wp:attachment":[{"href":"https:\/\/www.huntersfriend.eu\/sv\/wp-json\/wp\/v2\/media?parent=287167"}],"wp:term":[{"taxonomy":"product_brand","embeddable":true,"href":"https:\/\/www.huntersfriend.eu\/sv\/wp-json\/wp\/v2\/product_brand?post=287167"},{"taxonomy":"product_cat","embeddable":true,"href":"https:\/\/www.huntersfriend.eu\/sv\/wp-json\/wp\/v2\/product_cat?post=287167"},{"taxonomy":"product_tag","embeddable":true,"href":"https:\/\/www.huntersfriend.eu\/sv\/wp-json\/wp\/v2\/product_tag?post=287167"}],"curies":[{"name":"wp","href":"https:\/\/api.w.org\/{rel}","templated":true}]}}