{"id":287166,"date":"2023-03-16T12:59:22","date_gmt":"2023-03-16T10:59:22","guid":{"rendered":"https:\/\/www.huntersfriend.eu\/product\/warne-weaver-kikarsiktesringar-laga\/"},"modified":"2025-08-26T14:48:43","modified_gmt":"2025-08-26T12:48:43","slug":"warne-weaver-kikarsiktesringar-laga","status":"publish","type":"product","link":"https:\/\/www.huntersfriend.eu\/sv\/produkt\/warne-weaver-kikarsiktesringar-laga\/","title":{"rendered":"Warne Weaver kikarsiktesringar, l\u00e5ga"},"content":{"rendered":"<p class=\"\" data-start=\"0\" data-end=\"105\"><strong data-start=\"0\" data-end=\"105\">Warne kikarsiktesf\u00e4sten \u2013 h\u00f6gkvalitativa och prisv\u00e4rda optikf\u00e4sten f\u00f6r praktiska j\u00e4gare och skyttar<\/strong><\/p>\n<p class=\"\" data-start=\"107\" data-end=\"320\">Warne kikarsiktesf\u00e4sten \u00e4r k\u00e4nda f\u00f6r sin h\u00f6ga kvalitet och prisv\u00e4rdhet, utformade f\u00f6r att m\u00f6ta behoven hos praktiska j\u00e4gare och skyttar. Warne Maxima-f\u00e4sten tillverkas i USA och \u00e4r gjorda av st\u00e5l. <\/p>\n<p class=\"\" data-start=\"322\" data-end=\"575\"><strong data-start=\"326\" data-end=\"355\">Warne Maxima Weaver-f\u00e4stet<\/strong> \u00e4r utformat f\u00f6r att f\u00e4sta kikarsikten med 30 mm tub p\u00e5 skjutvapen. Weaver-f\u00e4stet \u00e4r kompatibelt med b\u00e5de Weaver- och Picatinny-skenor. Kikarsiktet s\u00e4kras p\u00e5 Warne Maxima-f\u00e4stet med vertikal montering med hj\u00e4lp av fyra Torx T-15-skruvar.  <\/p>\n<p class=\"\" data-start=\"577\" data-end=\"817\"><strong data-start=\"581\" data-end=\"603\">Warne Weaver-f\u00e4stet<\/strong> finns i h\u00f6jderna <strong data-start=\"620\" data-end=\"627\">L\u00e5g<\/strong>, <strong data-start=\"629\" data-end=\"639\">Medium<\/strong> och <strong data-start=\"645\" data-end=\"653\">H\u00f6g<\/strong>. L\u00e4mplig h\u00f6jd f\u00f6r f\u00e4stet beror p\u00e5 tjockleken p\u00e5 ditt gev\u00e4rs pipa och profilens utformning i f\u00f6rh\u00e5llande till det kikarsikte som monteras. <\/p>\n<p class=\"\" data-start=\"819\" data-end=\"838\"><strong data-start=\"819\" data-end=\"838\">Specifikationer:<\/strong><\/p>\n<ul data-start=\"839\" data-end=\"1001\" data-is-last-node=\"\" data-is-only-node=\"\">\n<li class=\"\" data-start=\"839\" data-end=\"883\">\n<p class=\"\" data-start=\"841\" data-end=\"883\"><strong data-start=\"841\" data-end=\"852\">H\u00f6jd:<\/strong> L\u00e5g (Max. 42 mm objektivlins)<\/p>\n<\/li>\n<li class=\"\" data-start=\"884\" data-end=\"909\">\n<p class=\"\" data-start=\"886\" data-end=\"909\"><strong data-start=\"886\" data-end=\"897\">Vikt:<\/strong> 130,4 gram<\/p>\n<\/li>\n<li class=\"\" data-start=\"910\" data-end=\"1001\">\n<p class=\"\" data-start=\"912\" data-end=\"927\"><strong data-start=\"912\" data-end=\"927\">M\u00e5tt:<\/strong><\/p>\n<ul data-start=\"930\" data-end=\"1001\" data-is-last-node=\"\">\n<li class=\"\" data-start=\"930\" data-end=\"950\">\n<p class=\"\" data-start=\"932\" data-end=\"950\"><strong data-start=\"932\" data-end=\"945\">Tub (A):<\/strong> 30 mm<\/p>\n<\/li>\n<li class=\"\" data-start=\"953\" data-end=\"975\">\n<p class=\"\" data-start=\"955\" data-end=\"975\"><strong data-start=\"955\" data-end=\"968\">Bas (B):<\/strong> 6,35 mm<\/p>\n<\/li>\n<li class=\"\" data-start=\"978\" data-end=\"1001\">\n<p class=\"\" data-start=\"980\" data-end=\"1001\"><strong data-start=\"980\" data-end=\"994\">Bredd (C):<\/strong> 17,9 mm<\/p>\n<\/li>\n<\/ul>\n<\/li>\n<\/ul>\n","protected":false},"excerpt":{"rendered":"<p>Warne kikarsiktesf\u00e4sten \u2013 h\u00f6gkvalitativa och prisv\u00e4rda optikf\u00e4sten f\u00f6r praktiska j\u00e4gare och skyttar Warne kikarsiktesf\u00e4sten \u00e4r k\u00e4nda f\u00f6r sin h\u00f6ga kvalitet och prisv\u00e4rdhet, utformade f\u00f6r att m\u00f6ta behoven hos praktiska j\u00e4gare och skyttar. Warne Maxima-f\u00e4sten tillverkas i USA och \u00e4r gjorda av st\u00e5l. Warne Maxima Weaver-f\u00e4stet \u00e4r utformat f\u00f6r att f\u00e4sta kikarsikten med 30 mm tub [&#8230;]\n","protected":false},"featured_media":277527,"comment_status":"open","ping_status":"closed","template":"","meta":[],"product_brand":[],"product_cat":[2619],"product_tag":[],"class_list":{"0":"post-287166","1":"product","2":"type-product","3":"status-publish","4":"has-post-thumbnail","6":"product_cat-kikarsiktesringar-och-fasten","8":"first","9":"instock","10":"taxable","11":"shipping-taxable","12":"purchasable","13":"product-type-simple"},"composite_virtual":false,"composite_layout":"","composite_add_to_cart_form_location":"","composite_editable_in_cart":false,"composite_sold_individually_context":"","composite_shop_price_calc":"","composite_components":[],"composite_scenarios":[],"group_of_quantity":0,"min_quantity":0,"max_quantity":"","exclude_order_quantity_value_rules":"no","exclude_category_quantity_rules":"no","combine_variations":"no","exclude_global_add_ons":[],"addons":[],"_links":{"self":[{"href":"https:\/\/www.huntersfriend.eu\/sv\/wp-json\/wp\/v2\/product\/287166","targetHints":{"allow":["GET"]}}],"collection":[{"href":"https:\/\/www.huntersfriend.eu\/sv\/wp-json\/wp\/v2\/product"}],"about":[{"href":"https:\/\/www.huntersfriend.eu\/sv\/wp-json\/wp\/v2\/types\/product"}],"replies":[{"embeddable":true,"href":"https:\/\/www.huntersfriend.eu\/sv\/wp-json\/wp\/v2\/comments?post=287166"}],"wp:featuredmedia":[{"embeddable":true,"href":"https:\/\/www.huntersfriend.eu\/sv\/wp-json\/wp\/v2\/media\/277527"}],"wp:attachment":[{"href":"https:\/\/www.huntersfriend.eu\/sv\/wp-json\/wp\/v2\/media?parent=287166"}],"wp:term":[{"taxonomy":"product_brand","embeddable":true,"href":"https:\/\/www.huntersfriend.eu\/sv\/wp-json\/wp\/v2\/product_brand?post=287166"},{"taxonomy":"product_cat","embeddable":true,"href":"https:\/\/www.huntersfriend.eu\/sv\/wp-json\/wp\/v2\/product_cat?post=287166"},{"taxonomy":"product_tag","embeddable":true,"href":"https:\/\/www.huntersfriend.eu\/sv\/wp-json\/wp\/v2\/product_tag?post=287166"}],"curies":[{"name":"wp","href":"https:\/\/api.w.org\/{rel}","templated":true}]}}