{"id":287165,"date":"2023-03-16T12:59:17","date_gmt":"2023-03-16T10:59:17","guid":{"rendered":"https:\/\/www.huntersfriend.eu\/product\/armytek-fjarrkontroll-mrs-01\/"},"modified":"2025-08-26T14:48:40","modified_gmt":"2025-08-26T12:48:40","slug":"armytek-fjarrkontroll-mrs-01","status":"publish","type":"product","link":"https:\/\/www.huntersfriend.eu\/sv\/produkt\/armytek-fjarrkontroll-mrs-01\/","title":{"rendered":"Armytek fj\u00e4rrkontroll, MRS-01"},"content":{"rendered":"<p><big>Den nya MRS-01 fj\u00e4rrkontrollen \u00e4r oumb\u00e4rlig f\u00f6r skytte- och jaktuppgifter. Den installeras p\u00e5 ficklampans bakstycke och anv\u00e4nds f\u00f6r tillf\u00e4llig p\u00e5slagning (endast n\u00e4r knappen trycks in) eller f\u00f6r konstant aktivering av ficklampan. <\/big><\/p>\n<p><big>F\u00e4stet f\u00f6r Picatinny-skena ing\u00e5r i setet.<\/big><\/p>\n<p><big>Sladdl\u00e4ngden kan variera fr\u00e5n 25 till 70 cm.<\/big><\/p>\n<p><big><em>Fj\u00e4rrkontrollen MRS-01 \u00e4r avsedd f\u00f6r Armyteks taktiska ficklampor med magnetisk laddare: Viking Pro Magnet USB, Dobermann Pro Magnet USB, Predator Pro Magnet USB.<\/em><\/big><\/p>\n","protected":false},"excerpt":{"rendered":"<p>Den nya MRS-01 fj\u00e4rrkontrollen \u00e4r oumb\u00e4rlig f\u00f6r skytte- och jaktuppgifter. Den installeras p\u00e5 ficklampans bakstycke och anv\u00e4nds f\u00f6r tillf\u00e4llig p\u00e5slagning (endast n\u00e4r knappen trycks in) eller f\u00f6r konstant aktivering av ficklampan. F\u00e4stet f\u00f6r Picatinny-skena ing\u00e5r i setet. Sladdl\u00e4ngden kan variera fr\u00e5n 25 till 70 cm. Fj\u00e4rrkontrollen MRS-01 \u00e4r avsedd f\u00f6r Armyteks taktiska ficklampor med magnetisk [&#8230;]\n","protected":false},"featured_media":250719,"comment_status":"open","ping_status":"closed","template":"","meta":[],"product_brand":[],"product_cat":[2525],"product_tag":[],"class_list":{"0":"post-287165","1":"product","2":"type-product","3":"status-publish","4":"has-post-thumbnail","6":"product_cat-jaktlampor","8":"first","9":"instock","10":"taxable","11":"shipping-taxable","12":"purchasable","13":"product-type-simple"},"composite_virtual":false,"composite_layout":"","composite_add_to_cart_form_location":"","composite_editable_in_cart":false,"composite_sold_individually_context":"","composite_shop_price_calc":"","composite_components":[],"composite_scenarios":[],"group_of_quantity":0,"min_quantity":0,"max_quantity":"","exclude_order_quantity_value_rules":"no","exclude_category_quantity_rules":"no","combine_variations":"no","exclude_global_add_ons":[],"addons":[],"_links":{"self":[{"href":"https:\/\/www.huntersfriend.eu\/sv\/wp-json\/wp\/v2\/product\/287165","targetHints":{"allow":["GET"]}}],"collection":[{"href":"https:\/\/www.huntersfriend.eu\/sv\/wp-json\/wp\/v2\/product"}],"about":[{"href":"https:\/\/www.huntersfriend.eu\/sv\/wp-json\/wp\/v2\/types\/product"}],"replies":[{"embeddable":true,"href":"https:\/\/www.huntersfriend.eu\/sv\/wp-json\/wp\/v2\/comments?post=287165"}],"wp:featuredmedia":[{"embeddable":true,"href":"https:\/\/www.huntersfriend.eu\/sv\/wp-json\/wp\/v2\/media\/250719"}],"wp:attachment":[{"href":"https:\/\/www.huntersfriend.eu\/sv\/wp-json\/wp\/v2\/media?parent=287165"}],"wp:term":[{"taxonomy":"product_brand","embeddable":true,"href":"https:\/\/www.huntersfriend.eu\/sv\/wp-json\/wp\/v2\/product_brand?post=287165"},{"taxonomy":"product_cat","embeddable":true,"href":"https:\/\/www.huntersfriend.eu\/sv\/wp-json\/wp\/v2\/product_cat?post=287165"},{"taxonomy":"product_tag","embeddable":true,"href":"https:\/\/www.huntersfriend.eu\/sv\/wp-json\/wp\/v2\/product_tag?post=287165"}],"curies":[{"name":"wp","href":"https:\/\/api.w.org\/{rel}","templated":true}]}}