{"id":287163,"date":"2023-03-16T12:59:16","date_gmt":"2023-03-16T10:59:16","guid":{"rendered":"https:\/\/www.huntersfriend.eu\/product\/armytek-fjarrkontroll-ars-01-spiral-kabel\/"},"modified":"2025-08-26T14:48:38","modified_gmt":"2025-08-26T12:48:38","slug":"armytek-fjarrkontroll-ars-01-spiral-kabel","status":"publish","type":"product","link":"https:\/\/www.huntersfriend.eu\/sv\/produkt\/armytek-fjarrkontroll-ars-01-spiral-kabel\/","title":{"rendered":"Armytek fj\u00e4rrkontroll ARS-01 (spiral kabel)"},"content":{"rendered":"<p style=\"font-weight: 400;\"><b><strong>Fj\u00e4rrkontroller<\/strong><\/b> beh\u00f6vs f\u00f6r olika applikationer n\u00e4r det \u00e4r problematiskt att sl\u00e5 p\u00e5 och st\u00e4nga av en ficklampa direkt. En taktisk fj\u00e4rrkontroll m\u00e5ste ha samma h\u00e5llbarhetsegenskaper som en kvalitetsficklampa. Armyteks fj\u00e4rrkontroller \u00e4r tillverkade av starka och p\u00e5litliga material och ger bekv\u00e4m anv\u00e4ndning p\u00e5 vapenpipan eller cykelstyret. Beroende p\u00e5 \u00f6nskad l\u00e4ngd kan du v\u00e4lja en fj\u00e4rrkontroll med platt eller spiralkabel f\u00f6r att anpassa den till din utrustning f\u00f6r enkel och snabb \u00e5tkomst till den taktiska ficklampan.   <\/p>\n<p style=\"font-weight: 400;\"><b><strong>Fj\u00e4rrkontroll med spiralkabel<\/strong><\/b> g\u00f6r att du kan anv\u00e4nda din ficklampa med de flesta typer av vapen. Kabelns l\u00e4ngd kan variera fr\u00e5n 25 till 70 cm. <\/p>\n<p style=\"font-weight: 400;\"><b><strong>Varning!<\/strong><\/b> Fj\u00e4rrkontrollen \u00e4r inte kompatibel med gamla versioner av dessa ficklampor. Ger endast tillf\u00e4llig fj\u00e4rraktivering. <\/p>\n","protected":false},"excerpt":{"rendered":"<p>Fj\u00e4rrkontroller beh\u00f6vs f\u00f6r olika applikationer n\u00e4r det \u00e4r problematiskt att sl\u00e5 p\u00e5 och st\u00e4nga av en ficklampa direkt. En taktisk fj\u00e4rrkontroll m\u00e5ste ha samma h\u00e5llbarhetsegenskaper som en kvalitetsficklampa. Armyteks fj\u00e4rrkontroller \u00e4r tillverkade av starka och p\u00e5litliga material och ger bekv\u00e4m anv\u00e4ndning p\u00e5 vapenpipan eller cykelstyret. Beroende p\u00e5 \u00f6nskad l\u00e4ngd kan du v\u00e4lja en fj\u00e4rrkontroll med [&#8230;]\n","protected":false},"featured_media":250727,"comment_status":"open","ping_status":"closed","template":"","meta":[],"product_brand":[],"product_cat":[2525],"product_tag":[],"class_list":{"0":"post-287163","1":"product","2":"type-product","3":"status-publish","4":"has-post-thumbnail","6":"product_cat-jaktlampor","8":"first","9":"instock","10":"taxable","11":"shipping-taxable","12":"purchasable","13":"product-type-simple"},"composite_virtual":false,"composite_layout":"","composite_add_to_cart_form_location":"","composite_editable_in_cart":false,"composite_sold_individually_context":"","composite_shop_price_calc":"","composite_components":[],"composite_scenarios":[],"group_of_quantity":0,"min_quantity":0,"max_quantity":"","exclude_order_quantity_value_rules":"no","exclude_category_quantity_rules":"no","combine_variations":"no","exclude_global_add_ons":[],"addons":[],"_links":{"self":[{"href":"https:\/\/www.huntersfriend.eu\/sv\/wp-json\/wp\/v2\/product\/287163","targetHints":{"allow":["GET"]}}],"collection":[{"href":"https:\/\/www.huntersfriend.eu\/sv\/wp-json\/wp\/v2\/product"}],"about":[{"href":"https:\/\/www.huntersfriend.eu\/sv\/wp-json\/wp\/v2\/types\/product"}],"replies":[{"embeddable":true,"href":"https:\/\/www.huntersfriend.eu\/sv\/wp-json\/wp\/v2\/comments?post=287163"}],"wp:featuredmedia":[{"embeddable":true,"href":"https:\/\/www.huntersfriend.eu\/sv\/wp-json\/wp\/v2\/media\/250727"}],"wp:attachment":[{"href":"https:\/\/www.huntersfriend.eu\/sv\/wp-json\/wp\/v2\/media?parent=287163"}],"wp:term":[{"taxonomy":"product_brand","embeddable":true,"href":"https:\/\/www.huntersfriend.eu\/sv\/wp-json\/wp\/v2\/product_brand?post=287163"},{"taxonomy":"product_cat","embeddable":true,"href":"https:\/\/www.huntersfriend.eu\/sv\/wp-json\/wp\/v2\/product_cat?post=287163"},{"taxonomy":"product_tag","embeddable":true,"href":"https:\/\/www.huntersfriend.eu\/sv\/wp-json\/wp\/v2\/product_tag?post=287163"}],"curies":[{"name":"wp","href":"https:\/\/api.w.org\/{rel}","templated":true}]}}