{"id":287161,"date":"2023-03-16T12:59:15","date_gmt":"2023-03-16T10:59:15","guid":{"rendered":"https:\/\/www.huntersfriend.eu\/product\/armytek-cykelfaste-abm-01\/"},"modified":"2025-08-26T14:48:37","modified_gmt":"2025-08-26T12:48:37","slug":"armytek-cykelfaste-abm-01","status":"publish","type":"product","link":"https:\/\/www.huntersfriend.eu\/sv\/produkt\/armytek-cykelfaste-abm-01\/","title":{"rendered":"Armytek cykelf\u00e4ste ABM-01"},"content":{"rendered":"<p>F\u00e4stet \u00e4r utformat f\u00f6r att p\u00e5 ett tillf\u00f6rlitligt s\u00e4tt f\u00e4sta en ficklampa p\u00e5 ett cykelstyre. Det h\u00e5ller ficklampan s\u00e5 h\u00e5rt som m\u00f6jligt, vilket g\u00f6r att den sitter p\u00e5 plats \u00e4ven under skakningar. <\/p>\n<ul>\n<li>Tillf\u00f6rlitlig fixering av Wizard\/Tiara\/Elf-ficklampor.<\/li>\n<li>Passar ficklampor med en kroppsdiameter p\u00e5 24,5 mm.<\/li>\n<li>L\u00e4ttviktigt och tillverkat av robusta material.<\/li>\n<li>L\u00e4tt att anv\u00e4nda och installera i en r\u00f6relse.<\/li>\n<li><strong>5 \u00e5rs garanti<\/strong><\/li>\n<\/ul>\n","protected":false},"excerpt":{"rendered":"<p>F\u00e4stet \u00e4r utformat f\u00f6r att p\u00e5 ett tillf\u00f6rlitligt s\u00e4tt f\u00e4sta en ficklampa p\u00e5 ett cykelstyre. Det h\u00e5ller ficklampan s\u00e5 h\u00e5rt som m\u00f6jligt, vilket g\u00f6r att den sitter p\u00e5 plats \u00e4ven under skakningar. Tillf\u00f6rlitlig fixering av Wizard\/Tiara\/Elf-ficklampor. Passar ficklampor med en kroppsdiameter p\u00e5 24,5 mm. L\u00e4ttviktigt och tillverkat av robusta material. L\u00e4tt att anv\u00e4nda och installera [&#8230;]\n","protected":false},"featured_media":250742,"comment_status":"open","ping_status":"closed","template":"","meta":[],"product_brand":[],"product_cat":[2525],"product_tag":[],"class_list":{"0":"post-287161","1":"product","2":"type-product","3":"status-publish","4":"has-post-thumbnail","6":"product_cat-jaktlampor","8":"first","9":"instock","10":"taxable","11":"shipping-taxable","12":"purchasable","13":"product-type-simple"},"composite_virtual":false,"composite_layout":"","composite_add_to_cart_form_location":"","composite_editable_in_cart":false,"composite_sold_individually_context":"","composite_shop_price_calc":"","composite_components":[],"composite_scenarios":[],"group_of_quantity":0,"min_quantity":0,"max_quantity":"","exclude_order_quantity_value_rules":"no","exclude_category_quantity_rules":"no","combine_variations":"no","exclude_global_add_ons":[],"addons":[],"_links":{"self":[{"href":"https:\/\/www.huntersfriend.eu\/sv\/wp-json\/wp\/v2\/product\/287161","targetHints":{"allow":["GET"]}}],"collection":[{"href":"https:\/\/www.huntersfriend.eu\/sv\/wp-json\/wp\/v2\/product"}],"about":[{"href":"https:\/\/www.huntersfriend.eu\/sv\/wp-json\/wp\/v2\/types\/product"}],"replies":[{"embeddable":true,"href":"https:\/\/www.huntersfriend.eu\/sv\/wp-json\/wp\/v2\/comments?post=287161"}],"wp:featuredmedia":[{"embeddable":true,"href":"https:\/\/www.huntersfriend.eu\/sv\/wp-json\/wp\/v2\/media\/250742"}],"wp:attachment":[{"href":"https:\/\/www.huntersfriend.eu\/sv\/wp-json\/wp\/v2\/media?parent=287161"}],"wp:term":[{"taxonomy":"product_brand","embeddable":true,"href":"https:\/\/www.huntersfriend.eu\/sv\/wp-json\/wp\/v2\/product_brand?post=287161"},{"taxonomy":"product_cat","embeddable":true,"href":"https:\/\/www.huntersfriend.eu\/sv\/wp-json\/wp\/v2\/product_cat?post=287161"},{"taxonomy":"product_tag","embeddable":true,"href":"https:\/\/www.huntersfriend.eu\/sv\/wp-json\/wp\/v2\/product_tag?post=287161"}],"curies":[{"name":"wp","href":"https:\/\/api.w.org\/{rel}","templated":true}]}}