{"id":287159,"date":"2023-03-16T12:59:20","date_gmt":"2023-03-16T10:59:20","guid":{"rendered":"https:\/\/www.huntersfriend.eu\/product\/warne-tikka-snabbfasten-for-kikarsikte-medium\/"},"modified":"2025-08-26T14:48:36","modified_gmt":"2025-08-26T12:48:36","slug":"warne-tikka-snabbfasten-for-kikarsikte-medium","status":"publish","type":"product","link":"https:\/\/www.huntersfriend.eu\/sv\/produkt\/warne-tikka-snabbfasten-for-kikarsikte-medium\/","title":{"rendered":"Warne Tikka snabbf\u00e4sten f\u00f6r kikarsikte, Medium"},"content":{"rendered":"<p class=\"\" data-start=\"0\" data-end=\"105\"><strong data-start=\"0\" data-end=\"105\">Warne kikarsiktesf\u00e4sten \u2013 h\u00f6gkvalitativa och prisv\u00e4rda optikf\u00e4sten f\u00f6r praktiska j\u00e4gare och skyttar<\/strong><\/p>\n<p class=\"\" data-start=\"107\" data-end=\"305\">Warne kikarsiktesf\u00e4sten \u00e4r v\u00e4lgjorda och prisv\u00e4rda, utformade f\u00f6r att m\u00f6ta behoven hos praktiska j\u00e4gare och skyttar. Warne Maxima-f\u00e4sten tillverkas i USA och \u00e4r gjorda av st\u00e5l. <\/p>\n<p class=\"\" data-start=\"307\" data-end=\"678\"><strong data-start=\"311\" data-end=\"353\">Warne Maxima Tikka snabbf\u00e4ste<\/strong> \u00e4r utformat f\u00f6r att f\u00e4sta kikarsikten med 30 mm tub p\u00e5 skjutvapen. Tikka-f\u00e4stet har en 17 mm kilsp\u00e5r, som ofta anv\u00e4nds med gev\u00e4r som Tikka T3. Ett av f\u00e4stena har en rekylbuffert, som kan tas bort vid behov. Kikarsiktet f\u00e4sts p\u00e5 Warne Maxima-f\u00e4stet med vertikal montering, med hj\u00e4lp av fyra Torx T-15-skruvar.   <\/p>\n<p class=\"\" data-start=\"680\" data-end=\"896\"><strong data-start=\"684\" data-end=\"719\">Warne Tikka snabbf\u00e4ste<\/strong> finns i h\u00f6jderna <strong data-start=\"736\" data-end=\"746\">Medium<\/strong> och <strong data-start=\"751\" data-end=\"759\">H\u00f6g<\/strong>. R\u00e4tt f\u00e4steh\u00f6jd beror p\u00e5 tjockleken p\u00e5 ditt gev\u00e4rs pipa och handlingsprofilen i f\u00f6rh\u00e5llande till det monterade kikarsiktet. <\/p>\n<p class=\"\" data-start=\"898\" data-end=\"917\"><strong data-start=\"898\" data-end=\"917\">Specifikationer:<\/strong><\/p>\n<ul data-start=\"918\" data-end=\"1084\" data-is-last-node=\"\" data-is-only-node=\"\">\n<li class=\"\" data-start=\"918\" data-end=\"965\">\n<p class=\"\" data-start=\"920\" data-end=\"965\"><strong data-start=\"920\" data-end=\"931\">H\u00f6jd:<\/strong> Medium (Max. 52 mm objektivlins)<\/p>\n<\/li>\n<li class=\"\" data-start=\"966\" data-end=\"991\">\n<p class=\"\" data-start=\"968\" data-end=\"991\"><strong data-start=\"968\" data-end=\"979\">Vikt:<\/strong> 172,9 gram<\/p>\n<\/li>\n<li class=\"\" data-start=\"992\" data-end=\"1084\">\n<p class=\"\" data-start=\"994\" data-end=\"1009\"><strong data-start=\"994\" data-end=\"1009\">M\u00e5tt:<\/strong><\/p>\n<ul data-start=\"1012\" data-end=\"1084\" data-is-last-node=\"\">\n<li class=\"\" data-start=\"1012\" data-end=\"1032\">\n<p class=\"\" data-start=\"1014\" data-end=\"1032\"><strong data-start=\"1014\" data-end=\"1027\">Tub (A):<\/strong> 30 mm<\/p>\n<\/li>\n<li class=\"\" data-start=\"1035\" data-end=\"1058\">\n<p class=\"\" data-start=\"1037\" data-end=\"1058\"><strong data-start=\"1037\" data-end=\"1050\">Bas (B):<\/strong> 11,68 mm<\/p>\n<\/li>\n<li class=\"\" data-start=\"1061\" data-end=\"1084\">\n<p class=\"\" data-start=\"1063\" data-end=\"1084\"><strong data-start=\"1063\" data-end=\"1077\">Bredd (C):<\/strong> 17,9 mm<\/p>\n<\/li>\n<\/ul>\n<\/li>\n<\/ul>\n","protected":false},"excerpt":{"rendered":"<p>Warne kikarsiktesf\u00e4sten \u2013 h\u00f6gkvalitativa och prisv\u00e4rda optikf\u00e4sten f\u00f6r praktiska j\u00e4gare och skyttar Warne kikarsiktesf\u00e4sten \u00e4r v\u00e4lgjorda och prisv\u00e4rda, utformade f\u00f6r att m\u00f6ta behoven hos praktiska j\u00e4gare och skyttar. Warne Maxima-f\u00e4sten tillverkas i USA och \u00e4r gjorda av st\u00e5l. Warne Maxima Tikka snabbf\u00e4ste \u00e4r utformat f\u00f6r att f\u00e4sta kikarsikten med 30 mm tub p\u00e5 skjutvapen. Tikka-f\u00e4stet [&#8230;]\n","protected":false},"featured_media":277520,"comment_status":"open","ping_status":"closed","template":"","meta":[],"product_brand":[],"product_cat":[2619],"product_tag":[],"class_list":{"0":"post-287159","1":"product","2":"type-product","3":"status-publish","4":"has-post-thumbnail","6":"product_cat-kikarsiktesringar-och-fasten","8":"first","9":"instock","10":"taxable","11":"shipping-taxable","12":"purchasable","13":"product-type-simple"},"composite_virtual":false,"composite_layout":"","composite_add_to_cart_form_location":"","composite_editable_in_cart":false,"composite_sold_individually_context":"","composite_shop_price_calc":"","composite_components":[],"composite_scenarios":[],"group_of_quantity":0,"min_quantity":0,"max_quantity":"","exclude_order_quantity_value_rules":"no","exclude_category_quantity_rules":"no","combine_variations":"no","exclude_global_add_ons":[],"addons":[],"_links":{"self":[{"href":"https:\/\/www.huntersfriend.eu\/sv\/wp-json\/wp\/v2\/product\/287159","targetHints":{"allow":["GET"]}}],"collection":[{"href":"https:\/\/www.huntersfriend.eu\/sv\/wp-json\/wp\/v2\/product"}],"about":[{"href":"https:\/\/www.huntersfriend.eu\/sv\/wp-json\/wp\/v2\/types\/product"}],"replies":[{"embeddable":true,"href":"https:\/\/www.huntersfriend.eu\/sv\/wp-json\/wp\/v2\/comments?post=287159"}],"wp:featuredmedia":[{"embeddable":true,"href":"https:\/\/www.huntersfriend.eu\/sv\/wp-json\/wp\/v2\/media\/277520"}],"wp:attachment":[{"href":"https:\/\/www.huntersfriend.eu\/sv\/wp-json\/wp\/v2\/media?parent=287159"}],"wp:term":[{"taxonomy":"product_brand","embeddable":true,"href":"https:\/\/www.huntersfriend.eu\/sv\/wp-json\/wp\/v2\/product_brand?post=287159"},{"taxonomy":"product_cat","embeddable":true,"href":"https:\/\/www.huntersfriend.eu\/sv\/wp-json\/wp\/v2\/product_cat?post=287159"},{"taxonomy":"product_tag","embeddable":true,"href":"https:\/\/www.huntersfriend.eu\/sv\/wp-json\/wp\/v2\/product_tag?post=287159"}],"curies":[{"name":"wp","href":"https:\/\/api.w.org\/{rel}","templated":true}]}}