{"id":287158,"date":"2023-03-16T12:59:14","date_gmt":"2023-03-16T10:59:14","guid":{"rendered":"https:\/\/www.huntersfriend.eu\/product\/primedge-ergosteel-ii-skarpningsverktyg\/"},"modified":"2025-08-26T14:48:36","modified_gmt":"2025-08-26T12:48:36","slug":"primedge-ergosteel-ii-skarpningsverktyg","status":"publish","type":"product","link":"https:\/\/www.huntersfriend.eu\/sv\/produkt\/primedge-ergosteel-ii-skarpningsverktyg\/","title":{"rendered":"PRIMedge ErgoSteel II sk\u00e4rpningsverktyg"},"content":{"rendered":"<p>Oavsett om du bearbetar kyckling, n\u00f6tk\u00f6tt, fl\u00e4sk eller fisk \u00e4r det viktigt att h\u00e5lla knivarna vassa p\u00e5 bearbetningslinjen. Vid anv\u00e4ndning blir vassa knivar sl\u00f6a. Ergo Steel II \u00e4r ett verktyg f\u00f6r underh\u00e5ll av eggen som anv\u00e4nds i produktionen. Under dagen, n\u00e4r en knivsegg blir sl\u00f6, kan operat\u00f6ren dra bladet genom de unika fj\u00e4dersp\u00e4nda st\u00e4ngerna i Ergo Steel II och r\u00e4ta ut eggen p\u00e5 n\u00e5gra sekunder. Det \u00e4r ett snabbt och enkelt s\u00e4tt att r\u00e4ta ut och \u00e5terst\u00e4lla knivseggarna f\u00f6r knivskarp prestanda. Ergo Steel II kr\u00e4ver praktiskt taget ingen utbildning f\u00f6r att anv\u00e4ndas. Den kan h\u00e5llas i handen eller monteras p\u00e5 en arbetsstation.      <\/p>\n<p>Viktiga funktioner:<\/p>\n<ul>\n<li>Perfekt egg p\u00e5 n\u00e5gra sekunder<\/li>\n<li>Riktar in b\u00e5da sidor av bladet samtidigt<\/li>\n<li>R\u00e4tar ut och f\u00f6rl\u00e4nger livsl\u00e4ngden p\u00e5 alla knivar<\/li>\n<li>Kan h\u00e5llas i handen eller monteras p\u00e5 b\u00e4nk<\/li>\n<li>Valfritt handtag f\u00f6r anv\u00e4ndning i handen kan f\u00e4stas f\u00f6r v\u00e4nster- eller h\u00f6gerh\u00e4nt anv\u00e4ndning<\/li>\n<li>Helt inneslutna, sanit\u00e4ra fj\u00e4dermekanismer<\/li>\n<li>Enkelt underh\u00e5ll och reng\u00f6ring<\/li>\n<li>USDA- och CE-certifierad<\/li>\n<li>H\u00e4rdade st\u00e4nger riktar perfekt in eggen i r\u00e4tt vinkel<\/li>\n<\/ul>\n","protected":false},"excerpt":{"rendered":"<p>Oavsett om du bearbetar kyckling, n\u00f6tk\u00f6tt, fl\u00e4sk eller fisk \u00e4r det viktigt att h\u00e5lla knivarna vassa p\u00e5 bearbetningslinjen. Vid anv\u00e4ndning blir vassa knivar sl\u00f6a. Ergo Steel II \u00e4r ett verktyg f\u00f6r underh\u00e5ll av eggen som anv\u00e4nds i produktionen. Under dagen, n\u00e4r en knivsegg blir sl\u00f6, kan operat\u00f6ren dra bladet genom de unika fj\u00e4dersp\u00e4nda st\u00e4ngerna i [&#8230;]\n","protected":false},"featured_media":295742,"comment_status":"open","ping_status":"closed","template":"","meta":[],"product_brand":[],"product_cat":[2610],"product_tag":[],"class_list":{"0":"post-287158","1":"product","2":"type-product","3":"status-publish","4":"has-post-thumbnail","6":"product_cat-knivar-yxor-och-slipar","8":"first","9":"instock","10":"taxable","11":"shipping-taxable","12":"purchasable","13":"product-type-simple"},"composite_virtual":false,"composite_layout":"","composite_add_to_cart_form_location":"","composite_editable_in_cart":false,"composite_sold_individually_context":"","composite_shop_price_calc":"","composite_components":[],"composite_scenarios":[],"group_of_quantity":0,"min_quantity":0,"max_quantity":"","exclude_order_quantity_value_rules":"no","exclude_category_quantity_rules":"no","combine_variations":"no","exclude_global_add_ons":[],"addons":[],"_links":{"self":[{"href":"https:\/\/www.huntersfriend.eu\/sv\/wp-json\/wp\/v2\/product\/287158","targetHints":{"allow":["GET"]}}],"collection":[{"href":"https:\/\/www.huntersfriend.eu\/sv\/wp-json\/wp\/v2\/product"}],"about":[{"href":"https:\/\/www.huntersfriend.eu\/sv\/wp-json\/wp\/v2\/types\/product"}],"replies":[{"embeddable":true,"href":"https:\/\/www.huntersfriend.eu\/sv\/wp-json\/wp\/v2\/comments?post=287158"}],"wp:featuredmedia":[{"embeddable":true,"href":"https:\/\/www.huntersfriend.eu\/sv\/wp-json\/wp\/v2\/media\/295742"}],"wp:attachment":[{"href":"https:\/\/www.huntersfriend.eu\/sv\/wp-json\/wp\/v2\/media?parent=287158"}],"wp:term":[{"taxonomy":"product_brand","embeddable":true,"href":"https:\/\/www.huntersfriend.eu\/sv\/wp-json\/wp\/v2\/product_brand?post=287158"},{"taxonomy":"product_cat","embeddable":true,"href":"https:\/\/www.huntersfriend.eu\/sv\/wp-json\/wp\/v2\/product_cat?post=287158"},{"taxonomy":"product_tag","embeddable":true,"href":"https:\/\/www.huntersfriend.eu\/sv\/wp-json\/wp\/v2\/product_tag?post=287158"}],"curies":[{"name":"wp","href":"https:\/\/api.w.org\/{rel}","templated":true}]}}